{"id":122475,"date":"2021-11-24T13:56:17","date_gmt":"2021-11-24T13:56:17","guid":{"rendered":"https:\/\/lighthouselocarno.ch\/prodotti\/decoration-de-noel-en-forme-de-branche-de-palmier-argentee\/"},"modified":"2023-08-30T15:19:17","modified_gmt":"2023-08-30T15:19:17","slug":"branche-de-feuilles-palmier-argente-decoration-de-noel","status":"publish","type":"product","link":"https:\/\/lighthouselocarno.ch\/fr\/produit\/branche-de-feuilles-palmier-argente-decoration-de-noel\/","title":{"rendered":"D\u00e9coration de No\u00ebl en forme de branche de palmier argent\u00e9e"},"content":{"rendered":"","protected":false},"excerpt":{"rendered":"<div class=\"elementor-element elementor-element-7f0fa866 elementor-widget elementor-widget-heading\" data-id=\"7f0fa866\" data-element_type=\"widget\" data-widget_type=\"heading.default\">\n<div class=\"elementor-widget-container\">\n<p class=\"elementor-heading-title elementor-size-default\"><strong>Feuille de palmier<\/strong> avec rev\u00eatement argent\u00e9, id\u00e9ale pour <strong>d\u00e9corer la maison \u00e0 No\u00ebl<\/strong>. Id\u00e9e de <strong>compositions florales de No\u00ebl <\/strong>pour meubler et d\u00e9corer des pi\u00e8ces, des vitrines, des magasins. Accessoire pour embellir la <strong>mise en place de No\u00ebl<\/strong>.<\/p>\n<p>Dimensions : 22&#215;0,6&#215;100,5 cm<\/p>\n<\/div>\n<\/div>\n","protected":false},"featured_media":102775,"template":"","meta":{"_seopress_robots_primary_cat":"","_seopress_titles_title":"","_seopress_titles_desc":"","_seopress_robots_index":""},"product_brand":[],"product_cat":[3747,4040,4137],"product_tag":[5132,4143,4179,4683,5130,4700],"class_list":{"0":"post-122475","1":"product","2":"type-product","3":"status-publish","4":"has-post-thumbnail","6":"product_cat-decoration-interieure","7":"product_cat-decorations-fr","8":"product_cat-decorations-de-noel","9":"product_tag-compositions-florales","10":"product_tag-decoration-de-noel-fr","11":"product_tag-decorations-de-noel","12":"product_tag-decorations-de-noel-fr","13":"product_tag-mise-en-place-fr","14":"product_tag-noel","16":"first","17":"instock","18":"shipping-taxable","19":"purchasable","20":"product-type-simple"},"jetpack_sharing_enabled":true,"_links":{"self":[{"href":"https:\/\/lighthouselocarno.ch\/fr\/wp-json\/wp\/v2\/product\/122475","targetHints":{"allow":["GET"]}}],"collection":[{"href":"https:\/\/lighthouselocarno.ch\/fr\/wp-json\/wp\/v2\/product"}],"about":[{"href":"https:\/\/lighthouselocarno.ch\/fr\/wp-json\/wp\/v2\/types\/product"}],"wp:featuredmedia":[{"embeddable":true,"href":"https:\/\/lighthouselocarno.ch\/fr\/wp-json\/wp\/v2\/media\/102775"}],"wp:attachment":[{"href":"https:\/\/lighthouselocarno.ch\/fr\/wp-json\/wp\/v2\/media?parent=122475"}],"wp:term":[{"taxonomy":"product_brand","embeddable":true,"href":"https:\/\/lighthouselocarno.ch\/fr\/wp-json\/wp\/v2\/product_brand?post=122475"},{"taxonomy":"product_cat","embeddable":true,"href":"https:\/\/lighthouselocarno.ch\/fr\/wp-json\/wp\/v2\/product_cat?post=122475"},{"taxonomy":"product_tag","embeddable":true,"href":"https:\/\/lighthouselocarno.ch\/fr\/wp-json\/wp\/v2\/product_tag?post=122475"}],"curies":[{"name":"wp","href":"https:\/\/api.w.org\/{rel}","templated":true}]}}