{"id":122480,"date":"2021-09-21T17:14:57","date_gmt":"2021-09-21T17:14:57","guid":{"rendered":"https:\/\/lighthouselocarno.ch\/prodotti\/bijoux-oiseau-avec-paillettes-lilas-pour-arbre-de-noel\/"},"modified":"2024-12-16T09:49:09","modified_gmt":"2024-12-16T09:49:09","slug":"decoration-oiseau-metallique-avec-sequins-lilas-pour-oiseau-albero","status":"publish","type":"product","link":"https:\/\/lighthouselocarno.ch\/fr\/produit\/decoration-oiseau-metallique-avec-sequins-lilas-pour-oiseau-albero\/","title":{"rendered":"Bijoux oiseau avec paillettes lilas pour arbre de No\u00ebl"},"content":{"rendered":"","protected":false},"excerpt":{"rendered":"<p>El\u00e9gant oiseau bordeaux de la collection <strong>Christmas Bijoux<\/strong> \u00e0 accrocher au<strong>sapin<\/strong> gr\u00e2ce \u00e0 un clip pratique. Tout recouvert de plumes en rose poudr\u00e9 et blanc. Agr\u00e9ment\u00e9 de paillettes lilas brillantes. Id\u00e9al pour vos<strong>d\u00e9corations de No\u00ebl<\/strong>, celles qui resteront inoubliables.<\/p>\n","protected":false},"featured_media":102931,"template":"","meta":{"_seopress_robots_primary_cat":"","_seopress_titles_title":"","_seopress_titles_desc":"","_seopress_robots_index":""},"product_brand":[],"product_cat":[3747,4040,4137],"product_tag":[5134,5141,4178,4143,5137,4152,5140],"class_list":{"0":"post-122480","1":"product","2":"type-product","3":"status-publish","4":"has-post-thumbnail","6":"product_cat-decoration-interieure","7":"product_cat-decorations-fr","8":"product_cat-decorations-de-noel","9":"product_tag-arbre-de-noel","10":"product_tag-birdie-rose","11":"product_tag-decoration-de-noel-fr-2","12":"product_tag-decoration-de-noel-fr","13":"product_tag-oiseau-avec-queue-en-plumes-roses","14":"product_tag-oiseau-de-noel","15":"product_tag-oiseau-de-noel-avec-pince","17":"first","18":"outofstock","19":"sale","20":"shipping-taxable","21":"purchasable","22":"product-type-simple"},"jetpack_sharing_enabled":true,"_links":{"self":[{"href":"https:\/\/lighthouselocarno.ch\/fr\/wp-json\/wp\/v2\/product\/122480","targetHints":{"allow":["GET"]}}],"collection":[{"href":"https:\/\/lighthouselocarno.ch\/fr\/wp-json\/wp\/v2\/product"}],"about":[{"href":"https:\/\/lighthouselocarno.ch\/fr\/wp-json\/wp\/v2\/types\/product"}],"wp:featuredmedia":[{"embeddable":true,"href":"https:\/\/lighthouselocarno.ch\/fr\/wp-json\/wp\/v2\/media\/102931"}],"wp:attachment":[{"href":"https:\/\/lighthouselocarno.ch\/fr\/wp-json\/wp\/v2\/media?parent=122480"}],"wp:term":[{"taxonomy":"product_brand","embeddable":true,"href":"https:\/\/lighthouselocarno.ch\/fr\/wp-json\/wp\/v2\/product_brand?post=122480"},{"taxonomy":"product_cat","embeddable":true,"href":"https:\/\/lighthouselocarno.ch\/fr\/wp-json\/wp\/v2\/product_cat?post=122480"},{"taxonomy":"product_tag","embeddable":true,"href":"https:\/\/lighthouselocarno.ch\/fr\/wp-json\/wp\/v2\/product_tag?post=122480"}],"curies":[{"name":"wp","href":"https:\/\/api.w.org\/{rel}","templated":true}]}}