{"id":122494,"date":"2021-11-21T20:02:45","date_gmt":"2021-11-21T20:02:45","guid":{"rendered":"https:\/\/lighthouselocarno.ch\/prodotti\/oiseau-bijoux-blanc-et-argent-pour-sapin-de-noel\/"},"modified":"2024-12-20T14:55:29","modified_gmt":"2024-12-20T14:55:29","slug":"bird-bijoux-white-and-silver-for-christmas-album","status":"publish","type":"product","link":"https:\/\/lighthouselocarno.ch\/fr\/produit\/bird-bijoux-white-and-silver-for-christmas-album\/","title":{"rendered":"Oiseau Bijoux blanc et argent pour sapin de No\u00ebl"},"content":{"rendered":"","protected":false},"excerpt":{"rendered":"<p>\u00c9l\u00e9gant <strong>oiseau argent\u00e9 et blanc<\/strong> \u00e0 accrocher au<strong>sapin de No\u00ebl<\/strong> gr\u00e2ce \u00e0 un clip pratique. Le tout recouvert de plumes blanches et de paillettes argent\u00e9es. La queue est orn\u00e9e de strass et de paillettes.<\/p>\n<p>Id\u00e9al pour vos <strong>d\u00e9corations de No\u00ebl<\/strong>, les plus inoubliables.<\/p>\n","protected":false},"featured_media":102940,"template":"","meta":{"_seopress_robots_primary_cat":"","_seopress_titles_title":"","_seopress_titles_desc":"","_seopress_robots_index":""},"product_brand":[],"product_cat":[3747,4040,4137],"product_tag":[5149,4143,4178,5159,5168,4683,4152,5140],"class_list":{"0":"post-122494","1":"product","2":"type-product","3":"status-publish","4":"has-post-thumbnail","6":"product_cat-decoration-interieure","7":"product_cat-decorations-fr","8":"product_cat-decorations-de-noel","9":"product_tag-ange-de-noel","10":"product_tag-decoration-de-noel-fr","11":"product_tag-decoration-de-noel-fr-2","12":"product_tag-decoration-de-table-de-noel","13":"product_tag-decorations-de-noel-fr-2","14":"product_tag-decorations-de-noel-fr","15":"product_tag-oiseau-de-noel","16":"product_tag-oiseau-de-noel-avec-pince","18":"first","19":"outofstock","20":"shipping-taxable","21":"purchasable","22":"product-type-simple"},"jetpack_sharing_enabled":true,"_links":{"self":[{"href":"https:\/\/lighthouselocarno.ch\/fr\/wp-json\/wp\/v2\/product\/122494","targetHints":{"allow":["GET"]}}],"collection":[{"href":"https:\/\/lighthouselocarno.ch\/fr\/wp-json\/wp\/v2\/product"}],"about":[{"href":"https:\/\/lighthouselocarno.ch\/fr\/wp-json\/wp\/v2\/types\/product"}],"wp:featuredmedia":[{"embeddable":true,"href":"https:\/\/lighthouselocarno.ch\/fr\/wp-json\/wp\/v2\/media\/102940"}],"wp:attachment":[{"href":"https:\/\/lighthouselocarno.ch\/fr\/wp-json\/wp\/v2\/media?parent=122494"}],"wp:term":[{"taxonomy":"product_brand","embeddable":true,"href":"https:\/\/lighthouselocarno.ch\/fr\/wp-json\/wp\/v2\/product_brand?post=122494"},{"taxonomy":"product_cat","embeddable":true,"href":"https:\/\/lighthouselocarno.ch\/fr\/wp-json\/wp\/v2\/product_cat?post=122494"},{"taxonomy":"product_tag","embeddable":true,"href":"https:\/\/lighthouselocarno.ch\/fr\/wp-json\/wp\/v2\/product_tag?post=122494"}],"curies":[{"name":"wp","href":"https:\/\/api.w.org\/{rel}","templated":true}]}}