{"id":122513,"date":"2021-11-05T04:39:53","date_gmt":"2021-11-05T04:39:53","guid":{"rendered":"https:\/\/lighthouselocarno.ch\/prodotti\/bijoux-oiseau-rouge-paillete-pour-sapin-de-noel\/"},"modified":"2025-01-15T14:17:27","modified_gmt":"2025-01-15T14:17:27","slug":"oiseau-bijoux-rouge-paillettes-pour-noel-alber","status":"publish","type":"product","link":"https:\/\/lighthouselocarno.ch\/fr\/produit\/oiseau-bijoux-rouge-paillettes-pour-noel-alber\/","title":{"rendered":"Bijoux oiseau rouge paillet\u00e9 pour sapin de No\u00ebl"},"content":{"rendered":"","protected":false},"excerpt":{"rendered":"<p>El\u00e9gant oiseau rouge de la collection Christmas Bijoux \u00e0 accrocher au sapin gr\u00e2ce \u00e0 un clip pratique.<\/p>\n<p> Tout recouvert de paillettes et de plumes ton sur ton Agr\u00e9ment\u00e9 de paillettes et de strass rouge vif.<br \/> Id\u00e9al pour vos d\u00e9corations de No\u00ebl inoubliables.<\/p>\n","protected":false},"featured_media":102946,"template":"","meta":{"_seopress_robots_primary_cat":"","_seopress_titles_title":"","_seopress_titles_desc":"","_seopress_robots_index":""},"product_brand":[],"product_cat":[3747,4040,4137],"product_tag":[4148,4152,5140,5180],"class_list":{"0":"post-122513","1":"product","2":"type-product","3":"status-publish","4":"has-post-thumbnail","6":"product_cat-decoration-interieure","7":"product_cat-decorations-fr","8":"product_cat-decorations-de-noel","9":"product_tag-oiseau-bijou-sur-clip","10":"product_tag-oiseau-de-noel","11":"product_tag-oiseau-de-noel-avec-pince","12":"product_tag-oiseau-de-noel-rouge","14":"first","15":"instock","16":"shipping-taxable","17":"purchasable","18":"product-type-simple"},"jetpack_sharing_enabled":true,"_links":{"self":[{"href":"https:\/\/lighthouselocarno.ch\/fr\/wp-json\/wp\/v2\/product\/122513","targetHints":{"allow":["GET"]}}],"collection":[{"href":"https:\/\/lighthouselocarno.ch\/fr\/wp-json\/wp\/v2\/product"}],"about":[{"href":"https:\/\/lighthouselocarno.ch\/fr\/wp-json\/wp\/v2\/types\/product"}],"wp:featuredmedia":[{"embeddable":true,"href":"https:\/\/lighthouselocarno.ch\/fr\/wp-json\/wp\/v2\/media\/102946"}],"wp:attachment":[{"href":"https:\/\/lighthouselocarno.ch\/fr\/wp-json\/wp\/v2\/media?parent=122513"}],"wp:term":[{"taxonomy":"product_brand","embeddable":true,"href":"https:\/\/lighthouselocarno.ch\/fr\/wp-json\/wp\/v2\/product_brand?post=122513"},{"taxonomy":"product_cat","embeddable":true,"href":"https:\/\/lighthouselocarno.ch\/fr\/wp-json\/wp\/v2\/product_cat?post=122513"},{"taxonomy":"product_tag","embeddable":true,"href":"https:\/\/lighthouselocarno.ch\/fr\/wp-json\/wp\/v2\/product_tag?post=122513"}],"curies":[{"name":"wp","href":"https:\/\/api.w.org\/{rel}","templated":true}]}}