{"id":122519,"date":"2021-11-24T12:33:11","date_gmt":"2021-11-24T12:33:11","guid":{"rendered":"https:\/\/lighthouselocarno.ch\/prodotti\/decoration-de-sapin-de-noel-avec-cheval-a-bascule\/"},"modified":"2024-12-16T09:47:22","modified_gmt":"2024-12-16T09:47:22","slug":"cheval-a-bascule-decoration-pour-noel-haut","status":"publish","type":"product","link":"https:\/\/lighthouselocarno.ch\/fr\/produit\/cheval-a-bascule-decoration-pour-noel-haut\/","title":{"rendered":"D\u00e9coration de sapin de No\u00ebl avec cheval \u00e0 bascule"},"content":{"rendered":"","protected":false},"excerpt":{"rendered":"<p>D\u00e9licieuse d\u00e9coration de sapin de No\u00ebl, parfaite pour d\u00e9corer votre arbre et cr\u00e9er une atmosph\u00e8re festive parfaite. Fini \u00e0 la main, il s&rsquo;agit d&rsquo;une pi\u00e8ce unique. Cette d\u00e9coration de No\u00ebl s&rsquo;adresse aux amateurs de choses r\u00e9tro et ravivera des sensations ind\u00e9l\u00e9biles.<\/p>\n","protected":false},"featured_media":102736,"template":"","meta":{"_seopress_robots_primary_cat":"","_seopress_titles_title":"","_seopress_titles_desc":"","_seopress_robots_index":""},"product_brand":[],"product_cat":[3747,4040,4137],"product_tag":[5134,5183,4143,5187,4683],"class_list":{"0":"post-122519","1":"product","2":"type-product","3":"status-publish","4":"has-post-thumbnail","6":"product_cat-decoration-interieure","7":"product_cat-decorations-fr","8":"product_cat-decorations-de-noel","9":"product_tag-arbre-de-noel","10":"product_tag-decoration-de-noel-fr-3","11":"product_tag-decoration-de-noel-fr","12":"product_tag-decorations-de-larbre-de-noel","13":"product_tag-decorations-de-noel-fr","15":"first","16":"instock","17":"shipping-taxable","18":"purchasable","19":"product-type-simple"},"jetpack_sharing_enabled":true,"_links":{"self":[{"href":"https:\/\/lighthouselocarno.ch\/fr\/wp-json\/wp\/v2\/product\/122519","targetHints":{"allow":["GET"]}}],"collection":[{"href":"https:\/\/lighthouselocarno.ch\/fr\/wp-json\/wp\/v2\/product"}],"about":[{"href":"https:\/\/lighthouselocarno.ch\/fr\/wp-json\/wp\/v2\/types\/product"}],"wp:featuredmedia":[{"embeddable":true,"href":"https:\/\/lighthouselocarno.ch\/fr\/wp-json\/wp\/v2\/media\/102736"}],"wp:attachment":[{"href":"https:\/\/lighthouselocarno.ch\/fr\/wp-json\/wp\/v2\/media?parent=122519"}],"wp:term":[{"taxonomy":"product_brand","embeddable":true,"href":"https:\/\/lighthouselocarno.ch\/fr\/wp-json\/wp\/v2\/product_brand?post=122519"},{"taxonomy":"product_cat","embeddable":true,"href":"https:\/\/lighthouselocarno.ch\/fr\/wp-json\/wp\/v2\/product_cat?post=122519"},{"taxonomy":"product_tag","embeddable":true,"href":"https:\/\/lighthouselocarno.ch\/fr\/wp-json\/wp\/v2\/product_tag?post=122519"}],"curies":[{"name":"wp","href":"https:\/\/api.w.org\/{rel}","templated":true}]}}