{"id":122527,"date":"2021-11-24T14:00:13","date_gmt":"2021-11-24T14:00:13","guid":{"rendered":"https:\/\/lighthouselocarno.ch\/prodotti\/decoration-de-noel-en-branches-de-palmier-dorees\/"},"modified":"2023-08-30T15:19:23","modified_gmt":"2023-08-30T15:19:23","slug":"branche-de-palmier-decoration-de-noel-en-or","status":"publish","type":"product","link":"https:\/\/lighthouselocarno.ch\/fr\/produit\/branche-de-palmier-decoration-de-noel-en-or\/","title":{"rendered":"D\u00e9coration de No\u00ebl en branches de palmier dor\u00e9es"},"content":{"rendered":"","protected":false},"excerpt":{"rendered":"<p><strong>Feuille de palmier<\/strong> recouverte d&rsquo;une couche dor\u00e9e, id\u00e9ale pour <strong>d\u00e9corer la maison \u00e0 No\u00ebl<\/strong>. Id\u00e9e de <strong>compositions florales de No\u00ebl<\/strong> pour meubler et d\u00e9corer des pi\u00e8ces, des vitrines, des magasins. Accessoire pour embellir la <strong>mise en place de No\u00ebl<\/strong>.<\/p>\n<p>Dimensions : 22&#215;0,6&#215;100,5 cm<\/p>\n","protected":false},"featured_media":102778,"template":"","meta":{"_seopress_robots_primary_cat":"","_seopress_titles_title":"","_seopress_titles_desc":"","_seopress_robots_index":""},"product_brand":[],"product_cat":[3747,4040,4137],"product_tag":[5132,4143,5159,5168,4683],"class_list":{"0":"post-122527","1":"product","2":"type-product","3":"status-publish","4":"has-post-thumbnail","6":"product_cat-decoration-interieure","7":"product_cat-decorations-fr","8":"product_cat-decorations-de-noel","9":"product_tag-compositions-florales","10":"product_tag-decoration-de-noel-fr","11":"product_tag-decoration-de-table-de-noel","12":"product_tag-decorations-de-noel-fr-2","13":"product_tag-decorations-de-noel-fr","15":"first","16":"instock","17":"shipping-taxable","18":"purchasable","19":"product-type-simple"},"jetpack_sharing_enabled":true,"_links":{"self":[{"href":"https:\/\/lighthouselocarno.ch\/fr\/wp-json\/wp\/v2\/product\/122527","targetHints":{"allow":["GET"]}}],"collection":[{"href":"https:\/\/lighthouselocarno.ch\/fr\/wp-json\/wp\/v2\/product"}],"about":[{"href":"https:\/\/lighthouselocarno.ch\/fr\/wp-json\/wp\/v2\/types\/product"}],"wp:featuredmedia":[{"embeddable":true,"href":"https:\/\/lighthouselocarno.ch\/fr\/wp-json\/wp\/v2\/media\/102778"}],"wp:attachment":[{"href":"https:\/\/lighthouselocarno.ch\/fr\/wp-json\/wp\/v2\/media?parent=122527"}],"wp:term":[{"taxonomy":"product_brand","embeddable":true,"href":"https:\/\/lighthouselocarno.ch\/fr\/wp-json\/wp\/v2\/product_brand?post=122527"},{"taxonomy":"product_cat","embeddable":true,"href":"https:\/\/lighthouselocarno.ch\/fr\/wp-json\/wp\/v2\/product_cat?post=122527"},{"taxonomy":"product_tag","embeddable":true,"href":"https:\/\/lighthouselocarno.ch\/fr\/wp-json\/wp\/v2\/product_tag?post=122527"}],"curies":[{"name":"wp","href":"https:\/\/api.w.org\/{rel}","templated":true}]}}