{"id":122528,"date":"2021-11-05T06:13:00","date_gmt":"2021-11-05T06:13:00","guid":{"rendered":"https:\/\/lighthouselocarno.ch\/prodotti\/porte-bougie-ange-decorations-de-noel\/"},"modified":"2024-12-07T09:26:51","modified_gmt":"2024-12-07T09:26:51","slug":"le-porte-lumiere-ange-decorations-de-noel","status":"publish","type":"product","link":"https:\/\/lighthouselocarno.ch\/fr\/produit\/le-porte-lumiere-ange-decorations-de-noel\/","title":{"rendered":"Porte-bougie ange - D\u00e9corations de No\u00ebl"},"content":{"rendered":"<p>Ange porte-bougie en verre argent\u00e9. Un meuble magnifique et pr\u00e9cieux pour la mise en place. D\u00e9di\u00e9 aux amoureux des anges et \u00e0 ceux qui veulent un accessoire \u00e9l\u00e9gant pour d\u00e9corer leur maison. Id\u00e9e de cadeau pour No\u00ebl ou pour ceux qui aiment le monde des anges. Une id\u00e9e de cadeau unique avec une signification profonde. L&rsquo;effet d\u00e9coratif de cet accessoire donnera \u00e0 votre int\u00e9rieur une touche d&rsquo;\u00e9l\u00e9gance raffin\u00e9e. De plus, lorsqu&rsquo;il est associ\u00e9 \u00e0 des couverts classiques, il devient le compl\u00e9ment parfait d&rsquo;une table raffin\u00e9e.<\/p>\n<p><strong>Curiosit\u00e9 et philosophie<\/strong><\/p>\n<p>Offrir un ange a une signification tr\u00e8s profonde : c&rsquo;est un bon pr\u00e9sage et cela donne \u00e0 la personne qui le re\u00e7oit un sentiment de protection. Les anges sont porteurs de lumi\u00e8re et, pendant la p\u00e9riode de No\u00ebl, les d\u00e9corations sur le th\u00e8me des anges cr\u00e9ent une atmosph\u00e8re \u00e9th\u00e9r\u00e9e et de renaissance. La personne qui re\u00e7oit un objet ang\u00e9lique en cadeau n&rsquo;\u00e9prouve pas n\u00e9cessairement un sentiment religieux ou spirituel, mais elle peut ressentir un sentiment d&rsquo;amour et de joie, car le langage des anges est universel, tout comme l&rsquo;amour inconditionnel qui les caract\u00e9rise.<\/p>\n","protected":false},"excerpt":{"rendered":"<p>Bougeoir en verre argent\u00e9 d\u00e9coration ange. Un meuble magnifique et pr\u00e9cieux pour la mise en place. D\u00e9di\u00e9 aux amoureux des anges et \u00e0 ceux qui souhaitent un accessoire raffin\u00e9 pour d\u00e9corer l&rsquo;int\u00e9rieur de leur maison. Id\u00e9e de cadeau pour No\u00ebl ou pour ceux qui aiment le monde des anges. Enti\u00e8rement en verre, il s&rsquo;agit d&rsquo;une v\u00e9ritable petite \u0153uvre d&rsquo;art. Je vous recommande de l&rsquo;\u00e9clairer avec des bougies t-light transparentes afin de profiter d&rsquo;un maximum de lumi\u00e8re. D\u00e9corer ou offrir un ange est synonyme de chance et id\u00e9al pour inaugurer la p\u00e9riode de No\u00ebl.<br \/>  Dimensions 8x8x13 cm<\/p>\n","protected":false},"featured_media":102709,"template":"","meta":{"_seopress_robots_primary_cat":"","_seopress_titles_title":"","_seopress_titles_desc":"","_seopress_robots_index":""},"product_brand":[],"product_cat":[3747,4040,4137],"product_tag":[5193,5191,5197,4178,5159,5209,5202],"class_list":{"0":"post-122528","1":"product","2":"type-product","3":"status-publish","4":"has-post-thumbnail","6":"product_cat-decoration-interieure","7":"product_cat-decorations-fr","8":"product_cat-decorations-de-noel","9":"product_tag-ange-dargent","10":"product_tag-ange-de-verre","11":"product_tag-bougeoir-ange","12":"product_tag-decoration-de-noel-fr-2","13":"product_tag-decoration-de-table-de-noel","14":"product_tag-periode-de-noel","15":"product_tag-porte-lumiere-en-t-ange","17":"first","18":"outofstock","19":"featured","20":"shipping-taxable","21":"purchasable","22":"product-type-simple"},"jetpack_sharing_enabled":true,"_links":{"self":[{"href":"https:\/\/lighthouselocarno.ch\/fr\/wp-json\/wp\/v2\/product\/122528","targetHints":{"allow":["GET"]}}],"collection":[{"href":"https:\/\/lighthouselocarno.ch\/fr\/wp-json\/wp\/v2\/product"}],"about":[{"href":"https:\/\/lighthouselocarno.ch\/fr\/wp-json\/wp\/v2\/types\/product"}],"wp:featuredmedia":[{"embeddable":true,"href":"https:\/\/lighthouselocarno.ch\/fr\/wp-json\/wp\/v2\/media\/102709"}],"wp:attachment":[{"href":"https:\/\/lighthouselocarno.ch\/fr\/wp-json\/wp\/v2\/media?parent=122528"}],"wp:term":[{"taxonomy":"product_brand","embeddable":true,"href":"https:\/\/lighthouselocarno.ch\/fr\/wp-json\/wp\/v2\/product_brand?post=122528"},{"taxonomy":"product_cat","embeddable":true,"href":"https:\/\/lighthouselocarno.ch\/fr\/wp-json\/wp\/v2\/product_cat?post=122528"},{"taxonomy":"product_tag","embeddable":true,"href":"https:\/\/lighthouselocarno.ch\/fr\/wp-json\/wp\/v2\/product_tag?post=122528"}],"curies":[{"name":"wp","href":"https:\/\/api.w.org\/{rel}","templated":true}]}}