{"id":122532,"date":"2021-11-05T04:55:52","date_gmt":"2021-11-05T04:55:52","guid":{"rendered":"https:\/\/lighthouselocarno.ch\/prodotti\/oiseaux-avec-details-en-dentelle-pour-larbre-de-noel\/"},"modified":"2024-12-13T15:38:52","modified_gmt":"2024-12-13T15:38:52","slug":"birds-with-details-in-lace-for-christmas-album","status":"publish","type":"product","link":"https:\/\/lighthouselocarno.ch\/fr\/produit\/birds-with-details-in-lace-for-christmas-album\/","title":{"rendered":"Oiseaux avec d\u00e9tails en dentelle pour l&rsquo;arbre de No\u00ebl"},"content":{"rendered":"","protected":false},"excerpt":{"rendered":"<p>\u00c9l\u00e9gants oiseaux blancs \u00e0 accrocher au sapin de No\u00ebl gr\u00e2ce \u00e0 un clip pratique. Recouvert de plumes et de dentelle enti\u00e8rement blanche.<br \/>  Id\u00e9al pour vos d\u00e9corations de No\u00ebl \u00e9l\u00e9gantes et raffin\u00e9es.<\/p>\n","protected":false},"featured_media":102934,"template":"","meta":{"_seopress_robots_primary_cat":"","_seopress_titles_title":"","_seopress_titles_desc":"","_seopress_robots_index":""},"product_brand":[],"product_cat":[3747,4040,4137,3756],"product_tag":[5194,4178,4143,4179,4148,5140],"class_list":{"0":"post-122532","1":"product","2":"type-product","3":"status-publish","4":"has-post-thumbnail","6":"product_cat-decoration-interieure","7":"product_cat-decorations-fr","8":"product_cat-decorations-de-noel","9":"product_cat-vente","10":"product_tag-arbre-de-noel-fr","11":"product_tag-decoration-de-noel-fr-2","12":"product_tag-decoration-de-noel-fr","13":"product_tag-decorations-de-noel","14":"product_tag-oiseau-bijou-sur-clip","15":"product_tag-oiseau-de-noel-avec-pince","17":"first","18":"outofstock","19":"sale","20":"shipping-taxable","21":"purchasable","22":"product-type-simple"},"jetpack_sharing_enabled":true,"_links":{"self":[{"href":"https:\/\/lighthouselocarno.ch\/fr\/wp-json\/wp\/v2\/product\/122532","targetHints":{"allow":["GET"]}}],"collection":[{"href":"https:\/\/lighthouselocarno.ch\/fr\/wp-json\/wp\/v2\/product"}],"about":[{"href":"https:\/\/lighthouselocarno.ch\/fr\/wp-json\/wp\/v2\/types\/product"}],"wp:featuredmedia":[{"embeddable":true,"href":"https:\/\/lighthouselocarno.ch\/fr\/wp-json\/wp\/v2\/media\/102934"}],"wp:attachment":[{"href":"https:\/\/lighthouselocarno.ch\/fr\/wp-json\/wp\/v2\/media?parent=122532"}],"wp:term":[{"taxonomy":"product_brand","embeddable":true,"href":"https:\/\/lighthouselocarno.ch\/fr\/wp-json\/wp\/v2\/product_brand?post=122532"},{"taxonomy":"product_cat","embeddable":true,"href":"https:\/\/lighthouselocarno.ch\/fr\/wp-json\/wp\/v2\/product_cat?post=122532"},{"taxonomy":"product_tag","embeddable":true,"href":"https:\/\/lighthouselocarno.ch\/fr\/wp-json\/wp\/v2\/product_tag?post=122532"}],"curies":[{"name":"wp","href":"https:\/\/api.w.org\/{rel}","templated":true}]}}