{"id":122540,"date":"2022-01-31T06:25:22","date_gmt":"2022-01-31T06:25:22","guid":{"rendered":"https:\/\/lighthouselocarno.ch\/prodotti\/petit-coeur-decoratif-avec-swarovsky\/"},"modified":"2023-08-30T15:19:26","modified_gmt":"2023-08-30T15:19:26","slug":"petit-coeur-decoration-avec-swarovsky","status":"publish","type":"product","link":"https:\/\/lighthouselocarno.ch\/fr\/produit\/petit-coeur-decoration-avec-swarovsky\/","title":{"rendered":"Petit c\u0153ur d\u00e9coratif avec Swarovsky"},"content":{"rendered":"<p>Lorsque vous achetez un produit <b>#madeinitaly<\/b>, vous devenez un promoteur de l&rsquo;artisanat, de la beaut\u00e9 et de l&rsquo;unicit\u00e9.<\/p>\n","protected":false},"excerpt":{"rendered":"<p><span class=\"d2edcug0 hpfvmrgz qv66sw1b c1et5uql oi732d6d ik7dh3pa ht8s03o8 a8c37x1j fe6kdd0r mau55g9w c8b282yb keod5gw0 nxhoafnm aigsh9s9 d3f4x2em iv3no6db jq4qci2q a3bd9o3v b1v8xokw oo9gr5id hzawbc8m\" dir=\"auto\">Petit <b>c\u0153ur d\u00e9coratif rembourr\u00e9<\/b><\/span> en <span class=\"d2edcug0 hpfvmrgz qv66sw1b c1et5uql oi732d6d ik7dh3pa ht8s03o8 a8c37x1j fe6kdd0r mau55g9w c8b282yb keod5gw0 nxhoafnm aigsh9s9 d3f4x2em iv3no6db jq4qci2q a3bd9o3v b1v8xokw oo9gr5id hzawbc8m\" dir=\"auto\">coton alv\u00e9ol\u00e9 avec des d\u00e9tails <b>Swarovski<\/b> et des perles blanches<\/span>. Un petit d\u00e9tail d\u00e9coratif pr\u00e9cieux pour votre lit.<\/p>\n<p>Il se pr\u00eate \u00e9galement \u00e0 une <b>id\u00e9e de cadeau vraiment romantique <\/b>et raffin\u00e9e.<\/p>\n<p><b>Produit artisanal 100% fabriqu\u00e9 en Italie.<\/b><\/p>\n<p>dimensions 10x10x1 cm<\/p>\n","protected":false},"featured_media":103189,"template":"","meta":{"_seopress_robots_primary_cat":"","_seopress_titles_title":"","_seopress_titles_desc":"","_seopress_robots_index":""},"product_brand":[],"product_cat":[6122,7198,3747],"product_tag":[5013,5212,5208],"class_list":{"0":"post-122540","1":"product","2":"type-product","3":"status-publish","4":"has-post-thumbnail","6":"product_cat-accessoires","7":"product_cat-deco","8":"product_cat-decoration-interieure","9":"product_tag-fabrique-en-italie","10":"product_tag-idee-de-cadeau","11":"product_tag-oreiller-en-forme-de-coeur","13":"first","14":"instock","15":"shipping-taxable","16":"purchasable","17":"product-type-simple"},"jetpack_sharing_enabled":true,"_links":{"self":[{"href":"https:\/\/lighthouselocarno.ch\/fr\/wp-json\/wp\/v2\/product\/122540","targetHints":{"allow":["GET"]}}],"collection":[{"href":"https:\/\/lighthouselocarno.ch\/fr\/wp-json\/wp\/v2\/product"}],"about":[{"href":"https:\/\/lighthouselocarno.ch\/fr\/wp-json\/wp\/v2\/types\/product"}],"wp:featuredmedia":[{"embeddable":true,"href":"https:\/\/lighthouselocarno.ch\/fr\/wp-json\/wp\/v2\/media\/103189"}],"wp:attachment":[{"href":"https:\/\/lighthouselocarno.ch\/fr\/wp-json\/wp\/v2\/media?parent=122540"}],"wp:term":[{"taxonomy":"product_brand","embeddable":true,"href":"https:\/\/lighthouselocarno.ch\/fr\/wp-json\/wp\/v2\/product_brand?post=122540"},{"taxonomy":"product_cat","embeddable":true,"href":"https:\/\/lighthouselocarno.ch\/fr\/wp-json\/wp\/v2\/product_cat?post=122540"},{"taxonomy":"product_tag","embeddable":true,"href":"https:\/\/lighthouselocarno.ch\/fr\/wp-json\/wp\/v2\/product_tag?post=122540"}],"curies":[{"name":"wp","href":"https:\/\/api.w.org\/{rel}","templated":true}]}}