{"id":122542,"date":"2021-11-19T19:26:08","date_gmt":"2021-11-19T19:26:08","guid":{"rendered":"https:\/\/lighthouselocarno.ch\/prodotti\/mini-oiseau-golden-bijoux-pour-larbre-de-noel\/"},"modified":"2025-10-09T06:59:53","modified_gmt":"2025-10-09T06:59:53","slug":"mini-blossom-golden-bird-for-christmas-album","status":"publish","type":"product","link":"https:\/\/lighthouselocarno.ch\/fr\/produit\/mini-blossom-golden-bird-for-christmas-album\/","title":{"rendered":"Mini oiseau Golden Bijoux pour l&rsquo;arbre de No\u00ebl"},"content":{"rendered":"","protected":false},"excerpt":{"rendered":"<p>\u00c9l\u00e9gant mini-oiseau dor\u00e9 de la collection Christmas Bijoux \u00e0 suspendre au sapin de No\u00ebl gr\u00e2ce \u00e0 un clip pratique.<br \/>Enti\u00e8rement recouvert de plumes couleur champagne. Agr\u00e9ment\u00e9 de paillettes brillantes et de paillettes dor\u00e9es.<br \/>Id\u00e9al pour vos d\u00e9corations de No\u00ebl, celles qui sont inoubliables.<br \/>Dimensions 6x1x2 cm <\/p>\n","protected":false},"featured_media":102937,"template":"","meta":{"_seopress_robots_primary_cat":"","_seopress_titles_title":"","_seopress_titles_desc":"","_seopress_robots_index":""},"product_brand":[],"product_cat":[4040,4137],"product_tag":[5194,4178,4148,4152,5140,5206],"class_list":{"0":"post-122542","1":"product","2":"type-product","3":"status-publish","4":"has-post-thumbnail","6":"product_cat-decorations-fr","7":"product_cat-decorations-de-noel","8":"product_tag-arbre-de-noel-fr","9":"product_tag-decoration-de-noel-fr-2","10":"product_tag-oiseau-bijou-sur-clip","11":"product_tag-oiseau-de-noel","12":"product_tag-oiseau-de-noel-avec-pince","13":"product_tag-oiseau-de-noel-dore","15":"first","16":"outofstock","17":"shipping-taxable","18":"purchasable","19":"product-type-simple"},"jetpack_sharing_enabled":true,"_links":{"self":[{"href":"https:\/\/lighthouselocarno.ch\/fr\/wp-json\/wp\/v2\/product\/122542","targetHints":{"allow":["GET"]}}],"collection":[{"href":"https:\/\/lighthouselocarno.ch\/fr\/wp-json\/wp\/v2\/product"}],"about":[{"href":"https:\/\/lighthouselocarno.ch\/fr\/wp-json\/wp\/v2\/types\/product"}],"wp:featuredmedia":[{"embeddable":true,"href":"https:\/\/lighthouselocarno.ch\/fr\/wp-json\/wp\/v2\/media\/102937"}],"wp:attachment":[{"href":"https:\/\/lighthouselocarno.ch\/fr\/wp-json\/wp\/v2\/media?parent=122542"}],"wp:term":[{"taxonomy":"product_brand","embeddable":true,"href":"https:\/\/lighthouselocarno.ch\/fr\/wp-json\/wp\/v2\/product_brand?post=122542"},{"taxonomy":"product_cat","embeddable":true,"href":"https:\/\/lighthouselocarno.ch\/fr\/wp-json\/wp\/v2\/product_cat?post=122542"},{"taxonomy":"product_tag","embeddable":true,"href":"https:\/\/lighthouselocarno.ch\/fr\/wp-json\/wp\/v2\/product_tag?post=122542"}],"curies":[{"name":"wp","href":"https:\/\/api.w.org\/{rel}","templated":true}]}}