{"id":122543,"date":"2021-11-17T21:34:30","date_gmt":"2021-11-17T21:34:30","guid":{"rendered":"https:\/\/lighthouselocarno.ch\/prodotti\/epingle-a-cheveux-couronne-avec-perle-et-strass\/"},"modified":"2026-01-09T17:02:52","modified_gmt":"2026-01-09T17:02:52","slug":"couronne-en-epingle-a-cheveux-avec-perle-et-strass","status":"publish","type":"product","link":"https:\/\/lighthouselocarno.ch\/fr\/produit\/couronne-en-epingle-a-cheveux-avec-perle-et-strass\/","title":{"rendered":"\u00c9pingle \u00e0 cheveux couronne avec perle et strass"},"content":{"rendered":"<p>Pince \u00e0 cheveux \u00e9l\u00e9gante en forme de couronne, d\u00e9cor\u00e9e d&rsquo;une perle centrale et de strass.<\/p>\n<p>Couleur argent. 5&#215;5 cm.<\/p>\n","protected":false},"excerpt":{"rendered":"<p>Pince \u00e0 cheveux \u00e9l\u00e9gante en forme de couronne, d\u00e9cor\u00e9e d&rsquo;une perle centrale et de strass. Couleur argent. 5&#215;5 cm.<\/p>\n","protected":false},"featured_media":102751,"template":"","meta":{"_seopress_robots_primary_cat":"503","_seopress_titles_title":"","_seopress_titles_desc":"","_seopress_robots_index":""},"product_brand":[9674],"product_cat":[4113,7363,3780],"product_tag":[],"class_list":{"0":"post-122543","1":"product","2":"type-product","3":"status-publish","4":"has-post-thumbnail","6":"product_brand-qudo","7":"product_cat-bijoux-fr","8":"product_cat-broches","9":"product_cat-mode-femme","11":"first","12":"instock","13":"shipping-taxable","14":"purchasable","15":"product-type-simple"},"jetpack_sharing_enabled":true,"_links":{"self":[{"href":"https:\/\/lighthouselocarno.ch\/fr\/wp-json\/wp\/v2\/product\/122543","targetHints":{"allow":["GET"]}}],"collection":[{"href":"https:\/\/lighthouselocarno.ch\/fr\/wp-json\/wp\/v2\/product"}],"about":[{"href":"https:\/\/lighthouselocarno.ch\/fr\/wp-json\/wp\/v2\/types\/product"}],"wp:featuredmedia":[{"embeddable":true,"href":"https:\/\/lighthouselocarno.ch\/fr\/wp-json\/wp\/v2\/media\/102751"}],"wp:attachment":[{"href":"https:\/\/lighthouselocarno.ch\/fr\/wp-json\/wp\/v2\/media?parent=122543"}],"wp:term":[{"taxonomy":"product_brand","embeddable":true,"href":"https:\/\/lighthouselocarno.ch\/fr\/wp-json\/wp\/v2\/product_brand?post=122543"},{"taxonomy":"product_cat","embeddable":true,"href":"https:\/\/lighthouselocarno.ch\/fr\/wp-json\/wp\/v2\/product_cat?post=122543"},{"taxonomy":"product_tag","embeddable":true,"href":"https:\/\/lighthouselocarno.ch\/fr\/wp-json\/wp\/v2\/product_tag?post=122543"}],"curies":[{"name":"wp","href":"https:\/\/api.w.org\/{rel}","templated":true}]}}