{"id":122546,"date":"2022-02-14T14:59:45","date_gmt":"2022-02-14T14:59:45","guid":{"rendered":"https:\/\/lighthouselocarno.ch\/prodotti\/sandale-en-cuir-veritable\/"},"modified":"2023-09-08T13:48:19","modified_gmt":"2023-09-08T13:48:19","slug":"sandale-femme-vrai-cuir","status":"publish","type":"product","link":"https:\/\/lighthouselocarno.ch\/fr\/produit\/sandale-femme-vrai-cuir\/","title":{"rendered":"Sandale en cuir v\u00e9ritable"},"content":{"rendered":"<p>La <b>production de cette chaussure est enti\u00e8rement r\u00e9alis\u00e9e \u00e0 la main en Italie, dans la r\u00e9gion des Marches<\/b>, qui se distingue par son excellence dans le secteur de la <b>chaussure de<\/b> <b>mode<\/b>. Lorsque vous achetez un produit <b>#madeinitaly<\/b>, vous devenez un promoteur de l&rsquo;artisanat, de la beaut\u00e9 et de l&rsquo;unicit\u00e9.<\/p>\n","protected":false},"excerpt":{"rendered":"<p><b>Sandale printemps\/\u00e9t\u00e9 <\/b>raffin\u00e9e en v\u00e9ritable <b>peau d&rsquo;agneau<\/b> douce, <b>faite \u00e0 la main, fabriqu\u00e9e en Italie<\/b>.<\/p>\n<p>Hauteur du talon : 3 cm.<\/p>\n<p>Couleur : Glaze Linen - Baron Shell<\/p>\n","protected":false},"featured_media":103369,"template":"","meta":{"_seopress_robots_primary_cat":"none","_seopress_titles_title":"","_seopress_titles_desc":"","_seopress_robots_index":""},"product_brand":[],"product_cat":[4349,3896,3780],"product_tag":[5218,4466,5230,5223,5013,4374,4547],"class_list":{"0":"post-122546","1":"product","2":"type-product","3":"status-publish","4":"has-post-thumbnail","6":"product_cat-chaussures","7":"product_cat-chaussures-et-accessoires","8":"product_cat-mode-femme","9":"product_tag-chaussure-femme-fr","10":"product_tag-chaussures-fr","11":"product_tag-chaussures-pour-femmes","12":"product_tag-damenshuhe-fr","13":"product_tag-fabrique-en-italie","14":"product_tag-sandales","15":"product_tag-sandales-elegantes","17":"first","18":"instock","19":"shipping-taxable","20":"purchasable","21":"product-type-variable"},"jetpack_sharing_enabled":true,"_links":{"self":[{"href":"https:\/\/lighthouselocarno.ch\/fr\/wp-json\/wp\/v2\/product\/122546","targetHints":{"allow":["GET"]}}],"collection":[{"href":"https:\/\/lighthouselocarno.ch\/fr\/wp-json\/wp\/v2\/product"}],"about":[{"href":"https:\/\/lighthouselocarno.ch\/fr\/wp-json\/wp\/v2\/types\/product"}],"wp:featuredmedia":[{"embeddable":true,"href":"https:\/\/lighthouselocarno.ch\/fr\/wp-json\/wp\/v2\/media\/103369"}],"wp:attachment":[{"href":"https:\/\/lighthouselocarno.ch\/fr\/wp-json\/wp\/v2\/media?parent=122546"}],"wp:term":[{"taxonomy":"product_brand","embeddable":true,"href":"https:\/\/lighthouselocarno.ch\/fr\/wp-json\/wp\/v2\/product_brand?post=122546"},{"taxonomy":"product_cat","embeddable":true,"href":"https:\/\/lighthouselocarno.ch\/fr\/wp-json\/wp\/v2\/product_cat?post=122546"},{"taxonomy":"product_tag","embeddable":true,"href":"https:\/\/lighthouselocarno.ch\/fr\/wp-json\/wp\/v2\/product_tag?post=122546"}],"curies":[{"name":"wp","href":"https:\/\/api.w.org\/{rel}","templated":true}]}}