{"id":122564,"date":"2021-11-24T12:28:04","date_gmt":"2021-11-24T12:28:04","guid":{"rendered":"https:\/\/lighthouselocarno.ch\/prodotti\/decoration-murale-ailes-dange-avec-couronne-et-pierre-precieuse\/"},"modified":"2023-12-15T08:13:03","modified_gmt":"2023-12-15T08:13:03","slug":"decoration-murale-ali-dangelo-avec-couronne-et-gemme-precieuse","status":"publish","type":"product","link":"https:\/\/lighthouselocarno.ch\/fr\/produit\/decoration-murale-ali-dangelo-avec-couronne-et-gemme-precieuse\/","title":{"rendered":"D\u00e9coration d&rsquo;ailes d&rsquo;ange avec couronne et pierre pr\u00e9cieuse rouge"},"content":{"rendered":"<p>Choisissez l&rsquo;\u00e9l\u00e9gance pour <strong>meubler votre maison avec style<\/strong> et sophistication. Les <strong>id\u00e9es de cadeaux<\/strong> et les <strong>accessoires de<\/strong> <strong>d\u00e9coration<\/strong> propos\u00e9s par Light House sont des <strong>cr\u00e9ations<\/strong> uniques et originales, fabriqu\u00e9es <strong>\u00e0 la main<\/strong> et en <strong>Italie<\/strong>. <strong>Total white<\/strong> et <strong>shabby chic<\/strong> sont des \u00e9l\u00e9ments de <strong>design<\/strong> qui caract\u00e9risent la philosophie et les valeurs de la marque <strong>Light House Locarno<\/strong>&#8230; Home &amp; Life Philosophy.<\/p>\n<p>&nbsp;<\/p>\n","protected":false},"excerpt":{"rendered":"<p>D\u00e9coration en forme d&rsquo;aile d&rsquo;ange avec couronne et pierre pr\u00e9cieuse de style rubis rouge, rev\u00eatement en m\u00e9tal dor\u00e9 avec crochet pour accrocher au mur ou \u00e0 la porte. Une id\u00e9e pour d\u00e9corer la maison \u00e0 No\u00ebl et remplacer de mani\u00e8re originale la couronne de porte classique.<\/p>\n<p>Mati\u00e8re : m\u00e9tal dor\u00e9<\/p>\n<p>Dimensions 51x4x62 cm<\/p>\n<p>&nbsp;<\/p>\n","protected":false},"featured_media":103036,"template":"","meta":{"_seopress_robots_primary_cat":"493","_seopress_titles_title":"","_seopress_titles_desc":"","_seopress_robots_index":""},"product_brand":[],"product_cat":[3747,4040,4137],"product_tag":[5257,5249,5252,4143,5168,4700],"class_list":{"0":"post-122564","1":"product","2":"type-product","3":"status-publish","4":"has-post-thumbnail","6":"product_cat-decoration-interieure","7":"product_cat-decorations-fr","8":"product_cat-decorations-de-noel","9":"product_tag-ailes-angelo","10":"product_tag-ange-fr","11":"product_tag-ange-de-noel-fr","12":"product_tag-decoration-de-noel-fr","13":"product_tag-decorations-de-noel-fr-2","14":"product_tag-noel","16":"first","17":"outofstock","18":"shipping-taxable","19":"purchasable","20":"product-type-simple"},"jetpack_sharing_enabled":true,"_links":{"self":[{"href":"https:\/\/lighthouselocarno.ch\/fr\/wp-json\/wp\/v2\/product\/122564","targetHints":{"allow":["GET"]}}],"collection":[{"href":"https:\/\/lighthouselocarno.ch\/fr\/wp-json\/wp\/v2\/product"}],"about":[{"href":"https:\/\/lighthouselocarno.ch\/fr\/wp-json\/wp\/v2\/types\/product"}],"wp:featuredmedia":[{"embeddable":true,"href":"https:\/\/lighthouselocarno.ch\/fr\/wp-json\/wp\/v2\/media\/103036"}],"wp:attachment":[{"href":"https:\/\/lighthouselocarno.ch\/fr\/wp-json\/wp\/v2\/media?parent=122564"}],"wp:term":[{"taxonomy":"product_brand","embeddable":true,"href":"https:\/\/lighthouselocarno.ch\/fr\/wp-json\/wp\/v2\/product_brand?post=122564"},{"taxonomy":"product_cat","embeddable":true,"href":"https:\/\/lighthouselocarno.ch\/fr\/wp-json\/wp\/v2\/product_cat?post=122564"},{"taxonomy":"product_tag","embeddable":true,"href":"https:\/\/lighthouselocarno.ch\/fr\/wp-json\/wp\/v2\/product_tag?post=122564"}],"curies":[{"name":"wp","href":"https:\/\/api.w.org\/{rel}","templated":true}]}}