{"id":122571,"date":"2021-11-05T04:46:20","date_gmt":"2021-11-05T04:46:20","guid":{"rendered":"https:\/\/lighthouselocarno.ch\/prodotti\/decoration-de-noel-en-plumes-de-paon-rose\/"},"modified":"2023-08-30T14:36:44","modified_gmt":"2023-08-30T14:36:44","slug":"plumes-de-paon-pink-decorations-de-noel","status":"publish","type":"product","link":"https:\/\/lighthouselocarno.ch\/fr\/produit\/plumes-de-paon-pink-decorations-de-noel\/","title":{"rendered":"D\u00e9coration de No\u00ebl en plumes de paon rose"},"content":{"rendered":"","protected":false},"excerpt":{"rendered":"<p>Paon avec plumes roses. D\u00e9coration de No\u00ebl. Id\u00e9e pour d\u00e9corer la maison \u00e0 No\u00ebl. Une id\u00e9e de cadeau \u00e9l\u00e9gante pour No\u00ebl.<\/p>\n<p>Dimensions 120x30x50<br \/>\nCouleur : plumes roses v\u00e9ritables<\/p>\n","protected":false},"featured_media":102943,"template":"","meta":{"_seopress_robots_primary_cat":"","_seopress_titles_title":"","_seopress_titles_desc":"","_seopress_robots_index":""},"product_brand":[],"product_cat":[3747,4040,4137],"product_tag":[4143,4178,5253,5212,5247,5259,5256,5261],"class_list":{"0":"post-122571","1":"product","2":"type-product","3":"status-publish","4":"has-post-thumbnail","6":"product_cat-decoration-interieure","7":"product_cat-decorations-fr","8":"product_cat-decorations-de-noel","9":"product_tag-decoration-de-noel-fr","10":"product_tag-decoration-de-noel-fr-2","11":"product_tag-decoration-de-noel-en-forme-de-paon","12":"product_tag-idee-de-cadeau","13":"product_tag-idee-de-cadeau-de-noel","14":"product_tag-paon-rose","15":"product_tag-plume-rose-paon","16":"product_tag-rose-paon","18":"first","19":"instock","20":"shipping-taxable","21":"purchasable","22":"product-type-simple"},"jetpack_sharing_enabled":true,"_links":{"self":[{"href":"https:\/\/lighthouselocarno.ch\/fr\/wp-json\/wp\/v2\/product\/122571","targetHints":{"allow":["GET"]}}],"collection":[{"href":"https:\/\/lighthouselocarno.ch\/fr\/wp-json\/wp\/v2\/product"}],"about":[{"href":"https:\/\/lighthouselocarno.ch\/fr\/wp-json\/wp\/v2\/types\/product"}],"wp:featuredmedia":[{"embeddable":true,"href":"https:\/\/lighthouselocarno.ch\/fr\/wp-json\/wp\/v2\/media\/102943"}],"wp:attachment":[{"href":"https:\/\/lighthouselocarno.ch\/fr\/wp-json\/wp\/v2\/media?parent=122571"}],"wp:term":[{"taxonomy":"product_brand","embeddable":true,"href":"https:\/\/lighthouselocarno.ch\/fr\/wp-json\/wp\/v2\/product_brand?post=122571"},{"taxonomy":"product_cat","embeddable":true,"href":"https:\/\/lighthouselocarno.ch\/fr\/wp-json\/wp\/v2\/product_cat?post=122571"},{"taxonomy":"product_tag","embeddable":true,"href":"https:\/\/lighthouselocarno.ch\/fr\/wp-json\/wp\/v2\/product_tag?post=122571"}],"curies":[{"name":"wp","href":"https:\/\/api.w.org\/{rel}","templated":true}]}}