{"id":122574,"date":"2021-12-15T17:28:49","date_gmt":"2021-12-15T17:28:49","guid":{"rendered":"https:\/\/lighthouselocarno.ch\/prodotti\/porte-plante-en-resine-ange\/"},"modified":"2023-05-27T16:37:55","modified_gmt":"2023-05-27T16:37:55","slug":"porte-ange-en-resine","status":"publish","type":"product","link":"https:\/\/lighthouselocarno.ch\/fr\/produit\/porte-ange-en-resine\/","title":{"rendered":"Porte-plante en r\u00e9sine ange"},"content":{"rendered":"<p>Choisissez l&rsquo;\u00e9l\u00e9gance pour <strong>meubler votre maison avec style<\/strong> et sophistication. Les <strong>id\u00e9es de cadeaux<\/strong> et les <strong>accessoires de<\/strong> <strong>d\u00e9coration<\/strong> propos\u00e9s par Light House sont des <strong>cr\u00e9ations<\/strong> uniques et originales, fabriqu\u00e9es <strong>\u00e0 la main<\/strong> et en <strong>Italie<\/strong>. <strong>Total white<\/strong> et <strong>shabby chic<\/strong> sont des \u00e9l\u00e9ments de <strong>design<\/strong> qui caract\u00e9risent la philosophie et les valeurs de la marque <strong>Light House Locarno<\/strong>&#8230; Home &amp; Life Philosophy.<\/p>\n","protected":false},"excerpt":{"rendered":"<p>Bel ange en r\u00e9sine pour l&rsquo;int\u00e9rieur ou l&rsquo;ext\u00e9rieur. Id\u00e9al comme cache-pot pour les plantes suspendues ou comme bougeoir. D\u00e9coration d&rsquo;int\u00e9rieur pour No\u00ebl et id\u00e9e cadeau <span class=\"d2edcug0 hpfvmrgz qv66sw1b c1et5uql oi732d6d ik7dh3pa ht8s03o8 a8c37x1j keod5gw0 nxhoafnm aigsh9s9 fe6kdd0r mau55g9w c8b282yb d3f4x2em iv3no6db jq4qci2q a3bd9o3v b1v8xokw oo9gr5id hzawbc8m\" dir=\"auto\">pour tous les amoureux des anges <\/span>.  <\/p>\n","protected":false},"featured_media":0,"template":"","meta":{"_seopress_robots_primary_cat":"","_seopress_titles_title":"","_seopress_titles_desc":"","_seopress_robots_index":""},"product_brand":[],"product_cat":[4137],"product_tag":[5249,5252,5149,5260,5197,5255,5262],"class_list":{"0":"post-122574","1":"product","2":"type-product","3":"status-publish","5":"product_cat-decorations-de-noel","6":"product_tag-ange-fr","7":"product_tag-ange-de-noel-fr","8":"product_tag-ange-de-noel","9":"product_tag-ange-en-resine","10":"product_tag-bougeoir-ange","11":"product_tag-porte-bougies","12":"product_tag-porte-plante","14":"first","15":"outofstock","16":"shipping-taxable","17":"purchasable","18":"product-type-simple"},"jetpack_sharing_enabled":true,"_links":{"self":[{"href":"https:\/\/lighthouselocarno.ch\/fr\/wp-json\/wp\/v2\/product\/122574","targetHints":{"allow":["GET"]}}],"collection":[{"href":"https:\/\/lighthouselocarno.ch\/fr\/wp-json\/wp\/v2\/product"}],"about":[{"href":"https:\/\/lighthouselocarno.ch\/fr\/wp-json\/wp\/v2\/types\/product"}],"wp:attachment":[{"href":"https:\/\/lighthouselocarno.ch\/fr\/wp-json\/wp\/v2\/media?parent=122574"}],"wp:term":[{"taxonomy":"product_brand","embeddable":true,"href":"https:\/\/lighthouselocarno.ch\/fr\/wp-json\/wp\/v2\/product_brand?post=122574"},{"taxonomy":"product_cat","embeddable":true,"href":"https:\/\/lighthouselocarno.ch\/fr\/wp-json\/wp\/v2\/product_cat?post=122574"},{"taxonomy":"product_tag","embeddable":true,"href":"https:\/\/lighthouselocarno.ch\/fr\/wp-json\/wp\/v2\/product_tag?post=122574"}],"curies":[{"name":"wp","href":"https:\/\/api.w.org\/{rel}","templated":true}]}}