{"id":122631,"date":"2023-04-13T15:00:41","date_gmt":"2023-04-13T15:00:41","guid":{"rendered":"https:\/\/lighthouselocarno.ch\/prodotti\/ballerines-a-bout-carre-en-cuir-veritable\/"},"modified":"2023-09-08T08:05:44","modified_gmt":"2023-09-08T08:05:44","slug":"ballerines-pointes-carrees-en-cuir-vrai","status":"publish","type":"product","link":"https:\/\/lighthouselocarno.ch\/fr\/produit\/ballerines-pointes-carrees-en-cuir-vrai\/","title":{"rendered":"Ballerines \u00e0 bout carr\u00e9 en cuir v\u00e9ritable"},"content":{"rendered":"<p><b>Cette chaussure est enti\u00e8rement fabriqu\u00e9e \u00e0 la main en Italie, dans la r\u00e9gion des Marches <\/b>, qui se targue d&rsquo;excellence dans le secteur de la <b>chaussure de mode<\/b>. En achetant un produit <b>#madeinitaly<\/b>, vous devenez un promoteur de l&rsquo;artisanat, de la beaut\u00e9 et de l&rsquo;unicit\u00e9.<\/p>\n","protected":false},"excerpt":{"rendered":"<p><b>Ballerines \u00e0 bout carr\u00e9 en cuir d&rsquo;agneau et de chevreau v\u00e9ritable <\/b>, <b>faites \u00e0 la main, fabriqu\u00e9es en Italie<\/b>.<\/p>\n<p>Les ballerines sont plus larges d&rsquo;un demi-point.<\/p>\n<p>Hauteur du talon 1cm.<\/p>\n<p>Coloris : Baron Conchiglia - Lam\u00e9 Silver<\/p>\n","protected":false},"featured_media":103381,"template":"","meta":{"_seopress_robots_primary_cat":"none","_seopress_titles_title":"","_seopress_titles_desc":"","_seopress_robots_index":""},"product_brand":[],"product_cat":[4349,3896,3780],"product_tag":[4464,5280,5223,4459,5013],"class_list":{"0":"post-122631","1":"product","2":"type-product","3":"status-publish","4":"has-post-thumbnail","6":"product_cat-chaussures","7":"product_cat-chaussures-et-accessoires","8":"product_cat-mode-femme","9":"product_tag-chaussures","10":"product_tag-chaussures-italiennes-fr","11":"product_tag-damenshuhe-fr","12":"product_tag-danseurs","13":"product_tag-fabrique-en-italie","15":"first","16":"instock","17":"shipping-taxable","18":"purchasable","19":"product-type-variable","20":"has-default-attributes"},"jetpack_sharing_enabled":true,"_links":{"self":[{"href":"https:\/\/lighthouselocarno.ch\/fr\/wp-json\/wp\/v2\/product\/122631","targetHints":{"allow":["GET"]}}],"collection":[{"href":"https:\/\/lighthouselocarno.ch\/fr\/wp-json\/wp\/v2\/product"}],"about":[{"href":"https:\/\/lighthouselocarno.ch\/fr\/wp-json\/wp\/v2\/types\/product"}],"wp:featuredmedia":[{"embeddable":true,"href":"https:\/\/lighthouselocarno.ch\/fr\/wp-json\/wp\/v2\/media\/103381"}],"wp:attachment":[{"href":"https:\/\/lighthouselocarno.ch\/fr\/wp-json\/wp\/v2\/media?parent=122631"}],"wp:term":[{"taxonomy":"product_brand","embeddable":true,"href":"https:\/\/lighthouselocarno.ch\/fr\/wp-json\/wp\/v2\/product_brand?post=122631"},{"taxonomy":"product_cat","embeddable":true,"href":"https:\/\/lighthouselocarno.ch\/fr\/wp-json\/wp\/v2\/product_cat?post=122631"},{"taxonomy":"product_tag","embeddable":true,"href":"https:\/\/lighthouselocarno.ch\/fr\/wp-json\/wp\/v2\/product_tag?post=122631"}],"curies":[{"name":"wp","href":"https:\/\/api.w.org\/{rel}","templated":true}]}}