{"id":122658,"date":"2022-02-10T13:38:51","date_gmt":"2022-02-10T13:38:51","guid":{"rendered":"https:\/\/lighthouselocarno.ch\/prodotti\/housse-de-couette-en-lin-avec-noeuds\/"},"modified":"2024-03-05T14:53:07","modified_gmt":"2024-03-05T14:53:07","slug":"quilt-cover-in-linen-with-tie","status":"publish","type":"product","link":"https:\/\/lighthouselocarno.ch\/fr\/produit\/quilt-cover-in-linen-with-tie\/","title":{"rendered":"Housse de couette en lin clair avec n\u0153uds"},"content":{"rendered":"<p>Vous pouvez commander de nombreuses autres couleurs de la gamme <strong>Arte Pura<\/strong> directement sur le site.<br \/>\nD\u00e9lai d&rsquo;attente de 6 \u00e0 8 semaines pour toutes les autres couleurs.<\/p>\n<p><em><strong>Lavage<\/strong><\/em><br \/>\nLavable en machine \u00e0 30-40 degr\u00e9s.<br \/>\nTous les v\u00eatements Arte Pura sont <strong>teints \u00e0 la main<\/strong> dans des couleurs naturelles.<br \/>\nIl est possible qu&rsquo;ils perdent un peu de leur couleur lors des premiers lavages, ce qui donne une teinte <strong>vintage<\/strong> propre \u00e0 cette marque.<br \/>\nLorsque vous lavez des v\u00eatements aux couleurs anciennes, je vous recommande vivement d&rsquo;ajouter 1 kg de sel de mer dans la machine \u00e0 laver pendant les 3 \u00e0 4 premiers lavages afin de bien fixer les couleurs.<\/p>\n<p><strong>Tissu<\/strong>: 100% lin.<br \/>\n<strong>Dentelle<\/strong>: 100% coton.<\/p>\n<p>Choisissez l&rsquo;\u00e9l\u00e9gance pour <strong>meubler votre maison avec style<\/strong> et sophistication. Les <strong>id\u00e9es de cadeaux<\/strong> et les <strong>accessoires de<\/strong> <strong>d\u00e9coration<\/strong> que Light House propose sont des <strong>cr\u00e9ations artisanales<\/strong> uniques et originales. <strong>Total white<\/strong> et <strong>shabby chic<\/strong> sont des \u00e9l\u00e9ments de <strong>design<\/strong> qui caract\u00e9risent la philosophie et les valeurs de la marque <strong>Light House Locarno<\/strong>&#8230; Home &amp; Life Philosophy.<\/p>\n","protected":false},"excerpt":{"rendered":"<p><strong>Housse de couette en lin l\u00e9ger <\/strong> fabriqu\u00e9e en Italie \u00e0 partir de 100 % de lin de haute qualit\u00e9 et rendue douce au toucher par des traitements sp\u00e9ciaux qui rehaussent son aspect naturel, pour une <strong>parure de lit<\/strong> romantique et \u00e9l\u00e9gante. Avec une pr\u00e9cieuse fermeture au bas, faite de n\u0153uds en lin qui rappellent l&rsquo;\u00e9l\u00e9ment de <strong>style<\/strong> <strong>r\u00e9tro<\/strong> <strong>cottagecore<\/strong>.<\/p>\n<p>Ce tissu est id\u00e9al pour le lit car il est hypoallerg\u00e9nique et antibact\u00e9rien. De plus, l&rsquo;utilisation de teintures naturelles et non allerg\u00e8nes conf\u00e8re \u00e0 la fibre naturelle de l&rsquo;\u00e9clat et de la vivacit\u00e9.<\/p>\n<p>La longue dur\u00e9e de vie et la facilit\u00e9 d&rsquo;entretien ajoutent \u00e0 votre choix. Facile \u00e0 repasser, agr\u00e9ablement souple et doux pour la peau.<\/p>\n<p>Id\u00e9al pour embellir votre literie : seul ou associ\u00e9 \u00e0 des taies d&rsquo;oreiller et des draps color\u00e9s, pour cr\u00e9er des combinaisons originales \u00e0 chaque fois.<\/p>\n<p>Veuillez vous r\u00e9f\u00e9rer \u00e0 la section \u00abEntretien du produit\u00bb pour toutes les instructions de lavage.<\/p>\n<p>Couleur R\u00e9tro (ivoire)<\/p>\n<p>Teint\u00e9s \u00e0 la main dans des couleurs naturelles.<\/p>\n<p>Pour les autres couleurs, veuillez contacter la <strong>boutique<\/strong> directement par e-mail pour une <strong>commande personnalis\u00e9e<\/strong>.<\/p>\n","protected":false},"featured_media":103414,"template":"","meta":{"_seopress_robots_primary_cat":"81","_seopress_titles_title":"","_seopress_titles_desc":"","_seopress_robots_index":""},"product_brand":[],"product_cat":[3747,6381,5969],"product_tag":[5307,3990,5309,5302,5288,5297],"class_list":{"0":"post-122658","1":"product","2":"type-product","3":"status-publish","4":"has-post-thumbnail","6":"product_cat-decoration-interieure","7":"product_cat-housses-de-duvet","8":"product_cat-le-lit","9":"product_tag-bettdecke-fr","10":"product_tag-couvre-lit-fr","11":"product_tag-couvre-lit-fr-3","12":"product_tag-couvre-lit-fr-2","13":"product_tag-couvre-lit-brode","14":"product_tag-housse-de-couette","15":"pa_colore-retro-900-fr","17":"first","18":"instock","19":"shipping-taxable","20":"purchasable","21":"product-type-variable","22":"has-default-attributes"},"jetpack_sharing_enabled":true,"_links":{"self":[{"href":"https:\/\/lighthouselocarno.ch\/fr\/wp-json\/wp\/v2\/product\/122658","targetHints":{"allow":["GET"]}}],"collection":[{"href":"https:\/\/lighthouselocarno.ch\/fr\/wp-json\/wp\/v2\/product"}],"about":[{"href":"https:\/\/lighthouselocarno.ch\/fr\/wp-json\/wp\/v2\/types\/product"}],"wp:featuredmedia":[{"embeddable":true,"href":"https:\/\/lighthouselocarno.ch\/fr\/wp-json\/wp\/v2\/media\/103414"}],"wp:attachment":[{"href":"https:\/\/lighthouselocarno.ch\/fr\/wp-json\/wp\/v2\/media?parent=122658"}],"wp:term":[{"taxonomy":"product_brand","embeddable":true,"href":"https:\/\/lighthouselocarno.ch\/fr\/wp-json\/wp\/v2\/product_brand?post=122658"},{"taxonomy":"product_cat","embeddable":true,"href":"https:\/\/lighthouselocarno.ch\/fr\/wp-json\/wp\/v2\/product_cat?post=122658"},{"taxonomy":"product_tag","embeddable":true,"href":"https:\/\/lighthouselocarno.ch\/fr\/wp-json\/wp\/v2\/product_tag?post=122658"}],"curies":[{"name":"wp","href":"https:\/\/api.w.org\/{rel}","templated":true}]}}