{"id":122659,"date":"2022-02-10T15:00:28","date_gmt":"2022-02-10T15:00:28","guid":{"rendered":"https:\/\/lighthouselocarno.ch\/prodotti\/drap-housse-en-lin-avec-coins\/"},"modified":"2023-09-12T14:37:08","modified_gmt":"2023-09-12T14:37:08","slug":"drap-fixe-coins-linen","status":"publish","type":"product","link":"https:\/\/lighthouselocarno.ch\/fr\/produit\/drap-fixe-coins-linen\/","title":{"rendered":"Drap-housse en lin avec coins"},"content":{"rendered":"<p><b>Drap fixe avec coins en pur lin<\/b> clair. La couleur illustr\u00e9e est Veronica Old.<\/p>\n<p>Vous pouvez commander de nombreuses autres couleurs de la gamme <strong>Arte Pura<\/strong> directement sur le site.<br \/>\nD\u00e9lai d&rsquo;attente de 6 \u00e0 8 semaines pour toutes les autres couleurs.<\/p>\n<p><strong><em>Lavage<\/em><\/strong><br \/>\nLavable en machine \u00e0 30-40 degr\u00e9s.<br \/>\nTous les v\u00eatements Arte Pura sont <strong>teints \u00e0 la main<\/strong> dans des couleurs naturelles.<br \/>\nIl est possible qu&rsquo;ils perdent un peu de leur couleur lors des premiers lavages, ce qui donne une teinte <strong>vintage<\/strong> propre \u00e0 cette marque.<br \/>\nLorsque vous lavez des v\u00eatements aux couleurs anciennes, je vous recommande vivement d&rsquo;ajouter 1 kg de sel de mer dans la machine \u00e0 laver pendant les 3 \u00e0 4 premiers lavages afin de bien fixer les couleurs.<\/p>\n<p><strong>Tissu<\/strong>: 100% lin.<br \/>\n<strong>Dentelle<\/strong>: 100% coton.<\/p>\n<p>Choisissez l&rsquo;\u00e9l\u00e9gance pour <strong>meubler votre maison avec style<\/strong> et sophistication. Les <strong>id\u00e9es de cadeaux<\/strong> et les <strong>accessoires de<\/strong> <strong>d\u00e9coration<\/strong> que Light House propose sont des <strong>cr\u00e9ations artisanales<\/strong> uniques et originales. <strong>Total white<\/strong> et <strong>shabby chic<\/strong> sont des \u00e9l\u00e9ments de <strong>design<\/strong> qui caract\u00e9risent la philosophie et les valeurs de la marque <strong>Light House Locarno<\/strong>&#8230; Home &amp; Life Philosophy.<\/p>\n","protected":false},"excerpt":{"rendered":"<p><strong>Drap-housse en lin<\/strong> avec coins \u00e9lastiques pour une <strong>parure de lit<\/strong> romantique et \u00e9l\u00e9gante qui rappelle l&rsquo;\u00e9l\u00e9ment de <strong>style r\u00e9tro<\/strong> du <strong>style cottagecore<\/strong>,<strong> shabby <\/strong>mais aussi le <strong> style<\/strong> plus moderne et frais de la <strong> vie c\u00f4ti\u00e8re<\/strong>.<\/p>\n<p>La couleur illustr\u00e9e est Veronica Old.<\/p>\n<p>Lin l\u00e9ger, facile \u00e0 repasser, agr\u00e9ablement doux et respectueux de la peau.<\/p>\n<p>Teint\u00e9s \u00e0 la main dans des couleurs naturelles.<\/p>\n<p>Pour d&rsquo;autres couleurs, veuillez consulter le nuancier dans les photos et contacter directement la <strong>boutique<\/strong> par e-mail pour une <strong>commande personnalis\u00e9e<\/strong>.<\/p>\n","protected":false},"featured_media":103357,"template":"","meta":{"_seopress_robots_primary_cat":"81","_seopress_titles_title":"","_seopress_titles_desc":"","_seopress_robots_index":""},"product_brand":[],"product_cat":[3747,6114,5969],"product_tag":[],"class_list":{"0":"post-122659","1":"product","2":"type-product","3":"status-publish","4":"has-post-thumbnail","6":"product_cat-decoration-interieure","7":"product_cat-draps","8":"product_cat-le-lit","9":"pa_colore-ange-vieux-401","10":"pa_colore-baltique-ancien-428","11":"pa_colore-beurre-ancien-047","12":"pa_colore-blanc-019","13":"pa_colore-bonbon-vieux-429","14":"pa_colore-convivio-438-fr","15":"pa_colore-craie-ancienne-044","16":"pa_colore-douceur-de-lancienne-434","17":"pa_colore-essenza-old-409-fr","18":"pa_colore-evenement-ancien-436","19":"pa_colore-fee-vieille-405","20":"pa_colore-granit-ancien-427","21":"pa_colore-ladorable-vieille-437","22":"pa_colore-lac-old-440","23":"pa_colore-lava-old-037-fr","24":"pa_colore-luxe-vieux-432","25":"pa_colore-malte-ancienne-414","26":"pa_colore-mineral-old-410-fr","27":"pa_colore-noir-021","28":"pa_colore-pierre-vieille-425","29":"pa_colore-pivoine-vieille-417","30":"pa_colore-poudre-ancienne-043","31":"pa_colore-retro-900-fr","32":"pa_colore-roma-old-435-fr","33":"pa_colore-souffle-vieux-415","34":"pa_colore-veronica-old-416-fr","35":"pa_colore-vieille-argile-048","36":"pa_colore-vieille-pensee-441","37":"pa_colore-vita-old-433-fr","39":"first","40":"instock","41":"shipping-taxable","42":"purchasable","43":"product-type-variable"},"jetpack_sharing_enabled":true,"_links":{"self":[{"href":"https:\/\/lighthouselocarno.ch\/fr\/wp-json\/wp\/v2\/product\/122659","targetHints":{"allow":["GET"]}}],"collection":[{"href":"https:\/\/lighthouselocarno.ch\/fr\/wp-json\/wp\/v2\/product"}],"about":[{"href":"https:\/\/lighthouselocarno.ch\/fr\/wp-json\/wp\/v2\/types\/product"}],"wp:featuredmedia":[{"embeddable":true,"href":"https:\/\/lighthouselocarno.ch\/fr\/wp-json\/wp\/v2\/media\/103357"}],"wp:attachment":[{"href":"https:\/\/lighthouselocarno.ch\/fr\/wp-json\/wp\/v2\/media?parent=122659"}],"wp:term":[{"taxonomy":"product_brand","embeddable":true,"href":"https:\/\/lighthouselocarno.ch\/fr\/wp-json\/wp\/v2\/product_brand?post=122659"},{"taxonomy":"product_cat","embeddable":true,"href":"https:\/\/lighthouselocarno.ch\/fr\/wp-json\/wp\/v2\/product_cat?post=122659"},{"taxonomy":"product_tag","embeddable":true,"href":"https:\/\/lighthouselocarno.ch\/fr\/wp-json\/wp\/v2\/product_tag?post=122659"}],"curies":[{"name":"wp","href":"https:\/\/api.w.org\/{rel}","templated":true}]}}