{"id":122756,"date":"2022-02-10T13:36:21","date_gmt":"2022-02-10T13:36:21","guid":{"rendered":"https:\/\/lighthouselocarno.ch\/prodotti\/chandelier-en-verre-argente\/"},"modified":"2023-08-30T15:29:59","modified_gmt":"2023-08-30T15:29:59","slug":"candelabre-verre-argente","status":"publish","type":"product","link":"https:\/\/lighthouselocarno.ch\/fr\/produit\/candelabre-verre-argente\/","title":{"rendered":"Chandelier en verre argent\u00e9"},"content":{"rendered":"<p>Choisissez l&rsquo;\u00e9l\u00e9gance pour <strong>meubler votre maison avec style<\/strong> et sophistication. Les <strong>id\u00e9es de cadeaux<\/strong> et les <strong>accessoires de<\/strong> <strong>d\u00e9coration<\/strong> que Light House propose sont des <strong>cr\u00e9ations artisanales<\/strong> uniques et originales. <strong>Total white<\/strong> et <strong>shabby chic<\/strong> sont des \u00e9l\u00e9ments de <strong>design<\/strong> qui caract\u00e9risent la philosophie et les valeurs de la marque <strong>Light House Locarno<\/strong>&#8230; Home &amp; Life Philosophy.<\/p>\n<p>&nbsp;<\/p>\n<p>&nbsp;<\/p>\n","protected":false},"excerpt":{"rendered":"<p>El\u00e9gant <strong>cand\u00e9labre en verre argent\u00e9<\/strong>. Une<strong>id\u00e9e de d\u00e9coration<\/strong> pour votre maison et <strong>mise en place<\/strong>.<\/p>\n<p>Dimensions : base du <strong>bougeoir de<\/strong> 8 cm de diam\u00e8tre. hauteur 22cm. diam\u00e8tre de la base inf\u00e9rieure 12 cm.<\/p>\n<p>&nbsp;<\/p>\n","protected":false},"featured_media":103216,"template":"","meta":{"_seopress_robots_primary_cat":"","_seopress_titles_title":"","_seopress_titles_desc":"","_seopress_robots_index":""},"product_brand":[],"product_cat":[4268,7140,3747],"product_tag":[5073,5344,4762,5347],"class_list":{"0":"post-122756","1":"product","2":"type-product","3":"status-publish","4":"has-post-thumbnail","6":"product_cat-bougies","7":"product_cat-chandelier","8":"product_cat-decoration-interieure","9":"product_tag-bougeoir-en-verre","10":"product_tag-candelabre","11":"product_tag-chandelier","12":"product_tag-verre-de-candelabre","14":"first","15":"instock","16":"shipping-taxable","17":"purchasable","18":"product-type-simple"},"jetpack_sharing_enabled":true,"_links":{"self":[{"href":"https:\/\/lighthouselocarno.ch\/fr\/wp-json\/wp\/v2\/product\/122756","targetHints":{"allow":["GET"]}}],"collection":[{"href":"https:\/\/lighthouselocarno.ch\/fr\/wp-json\/wp\/v2\/product"}],"about":[{"href":"https:\/\/lighthouselocarno.ch\/fr\/wp-json\/wp\/v2\/types\/product"}],"wp:featuredmedia":[{"embeddable":true,"href":"https:\/\/lighthouselocarno.ch\/fr\/wp-json\/wp\/v2\/media\/103216"}],"wp:attachment":[{"href":"https:\/\/lighthouselocarno.ch\/fr\/wp-json\/wp\/v2\/media?parent=122756"}],"wp:term":[{"taxonomy":"product_brand","embeddable":true,"href":"https:\/\/lighthouselocarno.ch\/fr\/wp-json\/wp\/v2\/product_brand?post=122756"},{"taxonomy":"product_cat","embeddable":true,"href":"https:\/\/lighthouselocarno.ch\/fr\/wp-json\/wp\/v2\/product_cat?post=122756"},{"taxonomy":"product_tag","embeddable":true,"href":"https:\/\/lighthouselocarno.ch\/fr\/wp-json\/wp\/v2\/product_tag?post=122756"}],"curies":[{"name":"wp","href":"https:\/\/api.w.org\/{rel}","templated":true}]}}