{"id":122808,"date":"2022-02-04T19:19:15","date_gmt":"2022-02-04T19:19:15","guid":{"rendered":"https:\/\/lighthouselocarno.ch\/prodotti\/beauty-case-avec-broderie\/"},"modified":"2022-02-04T19:19:15","modified_gmt":"2022-02-04T19:19:15","slug":"bulletin-de-beaute","status":"publish","type":"product","link":"https:\/\/lighthouselocarno.ch\/fr\/produit\/bulletin-de-beaute\/","title":{"rendered":"Beauty case avec broderie"},"content":{"rendered":"<p>Choisissez l&rsquo;\u00e9l\u00e9gance pour <strong>meubler votre maison avec style<\/strong> et sophistication. Les <strong>id\u00e9es de cadeaux<\/strong> et les <strong>accessoires de<\/strong> <strong>d\u00e9coration<\/strong> que Light House propose sont des <strong>cr\u00e9ations artisanales<\/strong> uniques et originales. <strong>Total white<\/strong> et <strong>shabby chic<\/strong> sont des \u00e9l\u00e9ments de <strong>design<\/strong> qui caract\u00e9risent la philosophie et les valeurs de la marque <strong>Light House Locarno<\/strong>&#8230; Home &amp; Life Philosophy.<\/p>\n<p>Vous pouvez commander de nombreuses autres couleurs de la gamme Arte Pura directement sur le site.<br \/>\nD\u00e9lai d&rsquo;attente de 6 \u00e0 8 semaines pour toutes les autres couleurs.<\/p>\n<p>WASH<br \/>\nLavable en machine \u00e0 30-40 degr\u00e9s.<br \/>\nTous les v\u00eatements Arte Pura sont teints \u00e0 la main dans des couleurs naturelles.<br \/>\nIl est possible qu&rsquo;ils perdent un peu de leur couleur lors des premiers lavages, ce qui donne une teinte vintage propre \u00e0 cette marque.<br \/>\nLorsque vous lavez des v\u00eatements aux couleurs anciennes, je vous recommande vivement d&rsquo;ajouter 1 kg de sel de mer dans la machine \u00e0 laver pendant les 3 \u00e0 4 premiers lavages afin de bien fixer les couleurs.<\/p>\n<p>Tissu : 100% lin.<br \/>\nDentelle : 100% coton<\/p>\n","protected":false},"excerpt":{"rendered":"<p><strong>Trousse de beaut\u00e9<\/strong> en toile, \u00e0 la fois \u00e9l\u00e9gante et pratique, avec des d\u00e9tails sophistiqu\u00e9s comme la fermeture \u00e9clair d\u00e9cor\u00e9e d&rsquo;une petite rose et de broderies faites \u00e0 la main. <strong>Style blanc total<\/strong> <strong>- Fabriqu\u00e9 \u00e0 la main - Fabriqu\u00e9 en Italie<\/strong><\/p>\n<p>&nbsp;<\/p>\n","protected":false},"featured_media":103228,"template":"","meta":{"_seopress_robots_primary_cat":"69","_seopress_titles_title":"","_seopress_titles_desc":"","_seopress_robots_index":""},"product_brand":[],"product_cat":[3896,5321],"product_tag":[5322,5324],"class_list":{"0":"post-122808","1":"product","2":"type-product","3":"status-publish","4":"has-post-thumbnail","6":"product_cat-chaussures-et-accessoires","7":"product_cat-trousses","8":"product_tag-beauty-case-fr","9":"product_tag-trousse-de-beaute-fr","11":"first","12":"instock","13":"shipping-taxable","14":"purchasable","15":"product-type-simple"},"jetpack_sharing_enabled":true,"_links":{"self":[{"href":"https:\/\/lighthouselocarno.ch\/fr\/wp-json\/wp\/v2\/product\/122808","targetHints":{"allow":["GET"]}}],"collection":[{"href":"https:\/\/lighthouselocarno.ch\/fr\/wp-json\/wp\/v2\/product"}],"about":[{"href":"https:\/\/lighthouselocarno.ch\/fr\/wp-json\/wp\/v2\/types\/product"}],"wp:featuredmedia":[{"embeddable":true,"href":"https:\/\/lighthouselocarno.ch\/fr\/wp-json\/wp\/v2\/media\/103228"}],"wp:attachment":[{"href":"https:\/\/lighthouselocarno.ch\/fr\/wp-json\/wp\/v2\/media?parent=122808"}],"wp:term":[{"taxonomy":"product_brand","embeddable":true,"href":"https:\/\/lighthouselocarno.ch\/fr\/wp-json\/wp\/v2\/product_brand?post=122808"},{"taxonomy":"product_cat","embeddable":true,"href":"https:\/\/lighthouselocarno.ch\/fr\/wp-json\/wp\/v2\/product_cat?post=122808"},{"taxonomy":"product_tag","embeddable":true,"href":"https:\/\/lighthouselocarno.ch\/fr\/wp-json\/wp\/v2\/product_tag?post=122808"}],"curies":[{"name":"wp","href":"https:\/\/api.w.org\/{rel}","templated":true}]}}