{"id":122845,"date":"2022-02-10T13:37:55","date_gmt":"2022-02-10T13:37:55","guid":{"rendered":"https:\/\/lighthouselocarno.ch\/prodotti\/rideau-en-lin-avec-noeuds\/"},"modified":"2024-04-17T15:11:22","modified_gmt":"2024-04-17T15:11:22","slug":"dix-de-lin-avec-flocons","status":"publish","type":"product","link":"https:\/\/lighthouselocarno.ch\/fr\/produit\/dix-de-lin-avec-flocons\/","title":{"rendered":"Rideau en lin avec n\u0153uds 130 x 300"},"content":{"rendered":"<p>&nbsp;<\/p>\n<ul class=\"single-product-tabs\" role=\"tablist\">\n<li id=\"tab-title-product_care\" class=\"product_care_tab bg-accent-100 p-4 mb-4 last:mb-0 rounded-lg\" role=\"tab\" aria-controls=\"tab-product_care\">\n<div class=\"cursor-pointer flex items-center justify-between gap-x-4\">\n<p class=\"text-sm xs:text-lg font-semibold leading-none\">Entretien des produits<\/p>\n<p>&nbsp;<\/p>\n<\/div>\n<div id=\"tab-product_care\" class=\"mt-4 text-sm duration-300\" role=\"tabpanel\" aria-labelledby=\"tab-title-product_care\">\n<p>Ce produit \u00e9tant fabriqu\u00e9 \u00e0 partir de mat\u00e9riaux naturels, il se caract\u00e9rise par des nuances de couleur et des variations d&rsquo;aspect d&rsquo;un v\u00eatement \u00e0 l&rsquo;autre, voire au fil du temps. Laver s\u00e9par\u00e9ment avec de l&rsquo;eau et du savon doux \u00e0 une temp\u00e9rature maximale de 40\u00b0 C ou en machine \u00e0 laver avec un programme d\u00e9licat, ne pas blanchir et ne pas laisser tremper. Pour le lavage des v\u00eatements anciens, je recommande d&rsquo;ajouter 1 kg de sel de mer dans la machine \u00e0 laver pour les 3-4 premiers lavages afin de bien fixer les couleurs. Ne pas presser le v\u00eatement \u00e0 la main. Pour un meilleur entretien du produit, nous recommandons de le repasser \u00e0 basse temp\u00e9rature, afin de ne pas aplatir la beaut\u00e9 de la fibre naturelle, et de ne pas l&rsquo;exposer \u00e0 la lumi\u00e8re directe du soleil pour pr\u00e9server la solidit\u00e9 des couleurs.<\/p>\n<p>&nbsp;<\/p>\n<\/div>\n<\/li>\n<\/ul>\n<p><strong>Tissu<\/strong>: 100% lin.<\/p>\n<p>De nombreuses autres couleurs peuvent \u00eatre command\u00e9es directement sur le site en consultant le nuancier ci-joint.<br \/>\nD\u00e9lai d&rsquo;attente de 8 semaines pour toutes les autres couleurs.<\/p>\n<p>Choisissez l&rsquo;\u00e9l\u00e9gance pour <strong>meubler votre maison avec style<\/strong> et sophistication. Les <strong>id\u00e9es de cadeaux<\/strong> et les <strong>accessoires de<\/strong> <strong>d\u00e9coration<\/strong> que Light House propose sont des <strong>cr\u00e9ations artisanales<\/strong> uniques et originales. <strong>Total white<\/strong> et <strong>shabby chic<\/strong> sont des \u00e9l\u00e9ments de <strong>design<\/strong> qui caract\u00e9risent la philosophie et les valeurs de la marque <strong>Light House Locarno<\/strong>&#8230; Home &amp; Life Philosophy.<\/p>\n<ul class=\"single-product-tabs\" role=\"tablist\">\n<li id=\"tab-title-product_care\" class=\"product_care_tab bg-accent-100 p-4 mb-4 last:mb-0 rounded-lg\" role=\"tab\" aria-controls=\"tab-product_care\">\n<div class=\"cursor-pointer flex items-center justify-between gap-x-4\"><\/div>\n<div id=\"tab-product_care\" class=\"mt-4 text-sm duration-300\" role=\"tabpanel\" aria-labelledby=\"tab-title-product_care\">\n<p>&nbsp;<\/p>\n<\/div>\n<\/li>\n<\/ul>\n","protected":false},"excerpt":{"rendered":"<p><strong>Rideau en gaze et<\/strong> lin <strong>l\u00e9ger<\/strong>, compos\u00e9 de deux draperies, la draperie arri\u00e8re en lin l\u00e9ger, la draperie avant en gaze de lin, fermeture lat\u00e9rale d\u00e9corative avec n\u0153uds. Possibilit\u00e9 de joindre 2 tentes ou plus gr\u00e2ce aux arcs lat\u00e9raux. Dimensions 130\u00d7300 cm.<\/p>\n<p>Rideau fabriqu\u00e9 en Italie \u00e0 partir de 100% de lin de haute qualit\u00e9 et rendu doux au toucher par des traitements sp\u00e9ciaux qui renforcent l&rsquo;aspect naturel.<br \/>\nCe tissu est id\u00e9al parce qu&rsquo;il est hypoallerg\u00e9nique et antibact\u00e9rien, en plus de l&rsquo;utilisation de teintures naturelles et non allerg\u00e8nes qui donnent \u00e0 la fibre naturelle de l&rsquo;\u00e9clat et de la vivacit\u00e9.<br \/>\nLa longue dur\u00e9e de vie et la facilit\u00e9 d&rsquo;entretien ajoutent \u00e0 votre choix.<br \/>\nEmbellissez vos pi\u00e8ces en ajoutant une touche d&rsquo;originalit\u00e9 \u00e0 votre d\u00e9cor.<br \/>\nVeuillez consulter la section Entretien du produit pour conna\u00eetre les instructions de lavage.<\/p>\n","protected":false},"featured_media":103324,"template":"","meta":{"_seopress_robots_primary_cat":"81","_seopress_titles_title":"","_seopress_titles_desc":"","_seopress_robots_index":""},"product_brand":[],"product_cat":[3747,6071,7194],"product_tag":[4647,5378,8351,8352,8353,5379,5380,8350],"class_list":{"0":"post-122845","1":"product","2":"type-product","3":"status-publish","4":"has-post-thumbnail","6":"product_cat-decoration-interieure","7":"product_cat-tentes","8":"product_cat-tentes-fr","9":"product_tag-rideau-fr","10":"product_tag-rideau-fr-2","11":"product_tag-rideau-en-lin-fr","12":"product_tag-rideau-en-lin-fr-2","13":"product_tag-rideau-en-lin-fr-3","14":"product_tag-tente","15":"product_tag-vorhang-fr","16":"product_tag-vorhang-aus-leinen-fr","17":"pa_colore-blanc-019","18":"pa_colore-retro-900-fr","20":"first","21":"instock","22":"shipping-taxable","23":"purchasable","24":"product-type-variable"},"jetpack_sharing_enabled":true,"_links":{"self":[{"href":"https:\/\/lighthouselocarno.ch\/fr\/wp-json\/wp\/v2\/product\/122845","targetHints":{"allow":["GET"]}}],"collection":[{"href":"https:\/\/lighthouselocarno.ch\/fr\/wp-json\/wp\/v2\/product"}],"about":[{"href":"https:\/\/lighthouselocarno.ch\/fr\/wp-json\/wp\/v2\/types\/product"}],"wp:featuredmedia":[{"embeddable":true,"href":"https:\/\/lighthouselocarno.ch\/fr\/wp-json\/wp\/v2\/media\/103324"}],"wp:attachment":[{"href":"https:\/\/lighthouselocarno.ch\/fr\/wp-json\/wp\/v2\/media?parent=122845"}],"wp:term":[{"taxonomy":"product_brand","embeddable":true,"href":"https:\/\/lighthouselocarno.ch\/fr\/wp-json\/wp\/v2\/product_brand?post=122845"},{"taxonomy":"product_cat","embeddable":true,"href":"https:\/\/lighthouselocarno.ch\/fr\/wp-json\/wp\/v2\/product_cat?post=122845"},{"taxonomy":"product_tag","embeddable":true,"href":"https:\/\/lighthouselocarno.ch\/fr\/wp-json\/wp\/v2\/product_tag?post=122845"}],"curies":[{"name":"wp","href":"https:\/\/api.w.org\/{rel}","templated":true}]}}