{"id":122916,"date":"2022-02-13T16:02:34","date_gmt":"2022-02-13T16:02:34","guid":{"rendered":"https:\/\/lighthouselocarno.ch\/prodotti\/ballerines-nues\/"},"modified":"2023-09-08T08:42:01","modified_gmt":"2023-09-08T08:42:01","slug":"ballerines-rose-nude","status":"publish","type":"product","link":"https:\/\/lighthouselocarno.ch\/fr\/produit\/ballerines-rose-nude\/","title":{"rendered":"Ballerines rose nude"},"content":{"rendered":"<p>Ballerines 100% cuir v\u00e9ritable de couleur nude. Talon de 5 mm.<br \/>\nFait \u00e0 la main. Mod\u00e8le d\u00e9collet\u00e9 Georgeus.<br \/>\nSemelle pliante 100% cuir. Les num\u00e9ros \u00e0 commander directement \u00e0 Paris sont disponibles en 2 semaines !<\/p>\n","protected":false},"excerpt":{"rendered":"<p><strong>Ballerines roses <\/strong><strong>Nude <\/strong><br \/>\n100% <strong>cuir v\u00e9ritable, fait \u00e0 la main<\/strong>.<\/p>\n<p>Les <strong>ballerines<\/strong> sont les <strong>chaussures<\/strong> qui sortent tout droit des \u00e9coles de ballet et des grands op\u00e9ras : elles sont confortables, ont une allure \u00e9l\u00e9gante et chic et donnent \u00e0 la silhouette la gr\u00e2ce d&rsquo;une danseuse. Leur <strong>style classique et bon ton<\/strong> s&rsquo;adapte \u00e0 toutes les <strong>tenues<\/strong>. Les ballerines r\u00e9pondent au besoin de <strong>confort et de style<\/strong>, deux pr\u00e9rogatives essentielles dans la vie de tous les jours.<\/p>\n","protected":false},"featured_media":103465,"template":"","meta":{"_seopress_robots_primary_cat":"none","_seopress_titles_title":"","_seopress_titles_desc":"","_seopress_robots_index":""},"product_brand":[],"product_cat":[4349,3896,3780],"product_tag":[4487,4564,4459],"class_list":{"0":"post-122916","1":"product","2":"type-product","3":"status-publish","4":"has-post-thumbnail","6":"product_cat-chaussures","7":"product_cat-chaussures-et-accessoires","8":"product_cat-mode-femme","9":"product_tag-bagllerina-fr","10":"product_tag-danseur","11":"product_tag-danseurs","13":"first","14":"instock","15":"shipping-taxable","16":"purchasable","17":"product-type-variable"},"jetpack_sharing_enabled":true,"_links":{"self":[{"href":"https:\/\/lighthouselocarno.ch\/fr\/wp-json\/wp\/v2\/product\/122916","targetHints":{"allow":["GET"]}}],"collection":[{"href":"https:\/\/lighthouselocarno.ch\/fr\/wp-json\/wp\/v2\/product"}],"about":[{"href":"https:\/\/lighthouselocarno.ch\/fr\/wp-json\/wp\/v2\/types\/product"}],"wp:featuredmedia":[{"embeddable":true,"href":"https:\/\/lighthouselocarno.ch\/fr\/wp-json\/wp\/v2\/media\/103465"}],"wp:attachment":[{"href":"https:\/\/lighthouselocarno.ch\/fr\/wp-json\/wp\/v2\/media?parent=122916"}],"wp:term":[{"taxonomy":"product_brand","embeddable":true,"href":"https:\/\/lighthouselocarno.ch\/fr\/wp-json\/wp\/v2\/product_brand?post=122916"},{"taxonomy":"product_cat","embeddable":true,"href":"https:\/\/lighthouselocarno.ch\/fr\/wp-json\/wp\/v2\/product_cat?post=122916"},{"taxonomy":"product_tag","embeddable":true,"href":"https:\/\/lighthouselocarno.ch\/fr\/wp-json\/wp\/v2\/product_tag?post=122916"}],"curies":[{"name":"wp","href":"https:\/\/api.w.org\/{rel}","templated":true}]}}