{"id":122974,"date":"2021-09-11T15:40:34","date_gmt":"2021-09-11T15:40:34","guid":{"rendered":"https:\/\/lighthouselocarno.ch\/prodotti\/taies-doreiller-en-lin-clair-avec-boutons-dentelles-et-dentelle-rose\/"},"modified":"2023-09-09T14:47:12","modified_gmt":"2023-09-09T14:47:12","slug":"taies-doreiller-en-lin-leger-avec-lacets-boutons-et-lace-rose-art-pure","status":"publish","type":"product","link":"https:\/\/lighthouselocarno.ch\/fr\/produit\/taies-doreiller-en-lin-leger-avec-lacets-boutons-et-lace-rose-art-pure\/","title":{"rendered":"Taies d&rsquo;oreiller en lin clair avec boutons, dentelles et dentelle rose"},"content":{"rendered":"<p>WASH<br \/>\nLavable en machine \u00e0 30-40 degr\u00e9s.<br \/>\nTous les v\u00eatements Arte Pura sont teints \u00e0 la main dans des couleurs naturelles.<br \/>\nIl est possible qu&rsquo;ils perdent un peu de leur couleur lors des premiers lavages, ce qui donne une teinte vintage propre \u00e0 cette marque.<br \/>\nLorsque vous lavez des v\u00eatements aux couleurs anciennes, je vous recommande vivement d&rsquo;ajouter 1 kg de sel de mer dans la machine \u00e0 laver pendant les 3 \u00e0 4 premiers lavages afin de bien fixer les couleurs.<\/p>\n<p>Tissu : 100% lin.<\/p>\n","protected":false},"excerpt":{"rendered":"<p>Les taies d&rsquo;oreiller en lin ou les oreillers avec dentelle d&rsquo;ARTE PURA sont beaux, frais et polyvalents, pour assurer votre confort dans la chambre \u00e0 coucher en \u00e9t\u00e9 et en hiver.<\/p>\n<p>Le lin, en l&rsquo;occurrence le pur lin italien trait\u00e9 \u00e0 la main, est en fait un mat\u00e9riau naturel et hypoallerg\u00e9nique. Id\u00e9al pour le linge de lit et, bien s\u00fbr, pour les v\u00eatements.<\/p>\n<p>Les taies d&rsquo;oreiller Arte Pura sont disponibles en trois tailles (50&#215;80 cm, 40&#215;80 cm, 60&#215;70 cm).<br \/>\nIndispensable pour d\u00e9corer le lit, mais aussi \u00e0 consid\u00e9rer comme une alternative de d\u00e9coration valable sur votre canap\u00e9.<\/p>\n<p>La couleur illustr\u00e9e est le blanc classique, toujours tr\u00e8s \u00e9l\u00e9gant.<br \/>\nTemps d&rsquo;attente 1 semaine.<\/p>\n<p>Vous pouvez commander de nombreuses autres couleurs de la gamme Arte Pura directement sur le site.<br \/>\nD\u00e9lai d&rsquo;attente de 6 \u00e0 8 semaines pour toutes les autres couleurs.<\/p>\n<p>WASH<br \/>\nLavable en machine \u00e0 30-40 degr\u00e9s.<br \/>\nTous les v\u00eatements Arte Pura sont teints \u00e0 la main dans des couleurs naturelles.<br \/>\nIl est possible qu&rsquo;ils perdent un peu de leur couleur lors des premiers lavages, ce qui donne une teinte vintage propre \u00e0 cette marque.<br \/>\nLorsque vous lavez des v\u00eatements aux couleurs anciennes, je vous recommande vivement d&rsquo;ajouter 1 kg de sel de mer dans la machine \u00e0 laver pendant les 3 \u00e0 4 premiers lavages afin de bien fixer les couleurs.<\/p>\n<p>Tissu : 100% lin.<br \/>\nDentelle : 100% coton<\/p>\n","protected":false},"featured_media":102808,"template":"","meta":{"_seopress_robots_primary_cat":"none","_seopress_titles_title":"","_seopress_titles_desc":"","_seopress_robots_index":""},"product_brand":[],"product_cat":[6588,3747,5970],"product_tag":[3839,3866,3862,3858,3850],"class_list":{"0":"post-122974","1":"product","2":"type-product","3":"status-publish","4":"has-post-thumbnail","6":"product_cat-coussins","7":"product_cat-decoration-interieure","8":"product_cat-housses-de-coussin","9":"product_tag-art-pur","10":"product_tag-dentelle-rose","11":"product_tag-drap-de-dentelle","12":"product_tag-drap-de-lin","13":"product_tag-feuilles-dart-pur","14":"pa_colore-blanc-019","15":"pa_colore-craie-ancienne-044","16":"pa_colore-mineral-old-410-fr","18":"first","19":"instock","20":"shipping-taxable","21":"purchasable","22":"product-type-variable"},"jetpack_sharing_enabled":true,"_links":{"self":[{"href":"https:\/\/lighthouselocarno.ch\/fr\/wp-json\/wp\/v2\/product\/122974","targetHints":{"allow":["GET"]}}],"collection":[{"href":"https:\/\/lighthouselocarno.ch\/fr\/wp-json\/wp\/v2\/product"}],"about":[{"href":"https:\/\/lighthouselocarno.ch\/fr\/wp-json\/wp\/v2\/types\/product"}],"wp:featuredmedia":[{"embeddable":true,"href":"https:\/\/lighthouselocarno.ch\/fr\/wp-json\/wp\/v2\/media\/102808"}],"wp:attachment":[{"href":"https:\/\/lighthouselocarno.ch\/fr\/wp-json\/wp\/v2\/media?parent=122974"}],"wp:term":[{"taxonomy":"product_brand","embeddable":true,"href":"https:\/\/lighthouselocarno.ch\/fr\/wp-json\/wp\/v2\/product_brand?post=122974"},{"taxonomy":"product_cat","embeddable":true,"href":"https:\/\/lighthouselocarno.ch\/fr\/wp-json\/wp\/v2\/product_cat?post=122974"},{"taxonomy":"product_tag","embeddable":true,"href":"https:\/\/lighthouselocarno.ch\/fr\/wp-json\/wp\/v2\/product_tag?post=122974"}],"curies":[{"name":"wp","href":"https:\/\/api.w.org\/{rel}","templated":true}]}}