{"id":122987,"date":"2022-02-10T13:38:09","date_gmt":"2022-02-10T13:38:09","guid":{"rendered":"https:\/\/lighthouselocarno.ch\/prodotti\/taie-doreiller-en-lin-avec-noeuds\/"},"modified":"2023-08-30T15:30:05","modified_gmt":"2023-08-30T15:30:05","slug":"taie-doreiller-en-lin-avec-pompons","status":"publish","type":"product","link":"https:\/\/lighthouselocarno.ch\/fr\/produit\/taie-doreiller-en-lin-avec-pompons\/","title":{"rendered":"Taie d&rsquo;oreiller en lin avec n\u0153uds"},"content":{"rendered":"<p>Vous pouvez commander de nombreuses autres couleurs de la gamme Arte Pura directement sur le site.<br \/>\nD\u00e9lai d&rsquo;attente de 6 \u00e0 8 semaines pour toutes les autres couleurs.<\/p>\n<p><em><strong>Lavage<\/strong><\/em><br \/>\nLavable en machine \u00e0 30-40 degr\u00e9s.<br \/>\nTous les v\u00eatements Arte Pura sont teints \u00e0 la main dans des couleurs naturelles.<br \/>\nIl est possible qu&rsquo;ils perdent un peu de leur couleur lors des premiers lavages, ce qui donne une teinte <strong>vintage<\/strong> propre \u00e0 cette marque.<br \/>\nLorsque vous lavez des v\u00eatements aux couleurs anciennes, je vous recommande vivement d&rsquo;ajouter 1 kg de sel de mer dans la machine \u00e0 laver pendant les 3 \u00e0 4 premiers lavages afin de bien fixer les couleurs.<\/p>\n<p><strong>Tissu<\/strong>: 100% lin.<br \/>\n<strong>Dentelle<\/strong>: 100% coton<\/p>\n<p>Choisissez l&rsquo;\u00e9l\u00e9gance pour <strong>meubler votre maison avec style<\/strong> et sophistication. Les <strong>id\u00e9es de cadeaux<\/strong> et les <strong>accessoires de<\/strong> <strong>d\u00e9coration<\/strong> que Light House propose sont des <strong>cr\u00e9ations artisanales<\/strong> uniques et originales. <strong>Total white<\/strong> et <strong>shabby chic<\/strong> sont des \u00e9l\u00e9ments de <strong>design<\/strong> qui caract\u00e9risent la philosophie et les valeurs de la marque <strong>Light House Locarno<\/strong>&#8230; Home &amp; Life Philosophy.<\/p>\n","protected":false},"excerpt":{"rendered":"<p>Des <strong>taies d&rsquo;oreiller pour les oreillers<\/strong>, avec d&rsquo;\u00e9l\u00e9gants n\u0153uds papillon. Un mod\u00e8le romantique pour un ensemble de lit pr\u00e9cieux avec un design r\u00e9tro dans le style cottagecore.<\/p>\n<p>Colour Retro (ivoire), Plaster Old, Veronica (sarcelle).<\/p>\n<p><strong>Lin l\u00e9ger<\/strong>, facile \u00e0 repasser, agr\u00e9ablement doux et respectueux de la peau.<\/p>\n<p>Teint\u00e9 \u00e0 la main avec des bains de <strong>couleurs naturelles<\/strong>.<\/p>\n<p>Pour d&rsquo;autres couleurs, veuillez consulter le nuancier dans les photos et contacter directement la <strong>boutique<\/strong> par e-mail pour une <strong>commande personnalis\u00e9e<\/strong>.<\/p>\n","protected":false},"featured_media":103303,"template":"","meta":{"_seopress_robots_primary_cat":"81","_seopress_titles_title":"","_seopress_titles_desc":"","_seopress_robots_index":""},"product_brand":[],"product_cat":[6588,3747,5970,5969],"product_tag":[5406,5404,5405,5407,5409],"class_list":{"0":"post-122987","1":"product","2":"type-product","3":"status-publish","4":"has-post-thumbnail","6":"product_cat-coussins","7":"product_cat-decoration-interieure","8":"product_cat-housses-de-coussin","9":"product_cat-le-lit","10":"product_tag-kissenbezuge-fr","11":"product_tag-taie-doreiller","12":"product_tag-taie-doreiller-en-lin","13":"product_tag-taies-doreiller","14":"product_tag-tais-doreiller-fr","16":"first","17":"instock","18":"shipping-taxable","19":"purchasable","20":"product-type-variable","21":"has-default-attributes"},"jetpack_sharing_enabled":true,"_links":{"self":[{"href":"https:\/\/lighthouselocarno.ch\/fr\/wp-json\/wp\/v2\/product\/122987","targetHints":{"allow":["GET"]}}],"collection":[{"href":"https:\/\/lighthouselocarno.ch\/fr\/wp-json\/wp\/v2\/product"}],"about":[{"href":"https:\/\/lighthouselocarno.ch\/fr\/wp-json\/wp\/v2\/types\/product"}],"wp:featuredmedia":[{"embeddable":true,"href":"https:\/\/lighthouselocarno.ch\/fr\/wp-json\/wp\/v2\/media\/103303"}],"wp:attachment":[{"href":"https:\/\/lighthouselocarno.ch\/fr\/wp-json\/wp\/v2\/media?parent=122987"}],"wp:term":[{"taxonomy":"product_brand","embeddable":true,"href":"https:\/\/lighthouselocarno.ch\/fr\/wp-json\/wp\/v2\/product_brand?post=122987"},{"taxonomy":"product_cat","embeddable":true,"href":"https:\/\/lighthouselocarno.ch\/fr\/wp-json\/wp\/v2\/product_cat?post=122987"},{"taxonomy":"product_tag","embeddable":true,"href":"https:\/\/lighthouselocarno.ch\/fr\/wp-json\/wp\/v2\/product_tag?post=122987"}],"curies":[{"name":"wp","href":"https:\/\/api.w.org\/{rel}","templated":true}]}}