{"id":123027,"date":"2022-02-13T15:30:46","date_gmt":"2022-02-13T15:30:46","guid":{"rendered":"https:\/\/lighthouselocarno.ch\/prodotti\/ballerines-en-cuir-rose-nude-avec-dentelle\/"},"modified":"2022-02-13T15:30:46","modified_gmt":"2022-02-13T15:30:46","slug":"ballerines-en-peau-rose-nue-avec-lacet","status":"publish","type":"product","link":"https:\/\/lighthouselocarno.ch\/fr\/produit\/ballerines-en-peau-rose-nue-avec-lacet\/","title":{"rendered":"Ballerines en cuir rose nude avec dentelle"},"content":{"rendered":"<p>Les <strong>ballerines<\/strong> sont les <strong>chaussures<\/strong> qui sortent tout droit des \u00e9coles de ballet et des grands op\u00e9ras : elles sont confortables, ont une allure \u00e9l\u00e9gante et chic et donnent \u00e0 la silhouette la gr\u00e2ce d&rsquo;une danseuse. Leur <strong>style classique et bon ton<\/strong> s&rsquo;adapte \u00e0 toutes les <strong>tenues<\/strong>. Les ballerines r\u00e9pondent au besoin de <strong>confort et de style<\/strong>, deux pr\u00e9rogatives essentielles dans la vie de tous les jours.<\/p>\n","protected":false},"excerpt":{"rendered":"<p><strong>Chaussures de ballet en peau d&rsquo;agneau v\u00e9ritable<\/strong>. <strong>Semelle en cuir pliable<\/strong>, unique et originale, <strong>faite \u00e0 la main<\/strong>. <b>Fabriqu\u00e9s en France.<\/b><\/p>\n<p>Couleur <b>rose nude<\/b>, orn\u00e9e d&rsquo;une d\u00e9licate dentelle faite \u00e0 la main. <b>Mod\u00e8le id\u00e9al pour les mariages et les c\u00e9r\u00e9monies \u00e9l\u00e9gantes. <\/b>Talon de 5 mm de hauteur.<\/p>\n<p>En resserrant le n\u0153ud sur la pointe, vous pouvez r\u00e9duire votre ballerine d&rsquo;une demi-taille. Id\u00e9al pour ceux qui ont des probl\u00e8mes avec les demi-mesures ! Vous trouverez avec vos ballerines une <strong>\u00e9l\u00e9gante pochette<\/strong> du m\u00eame cuir pour les ranger dans votre sac.<\/p>\n","protected":false},"featured_media":103420,"template":"","meta":{"_seopress_robots_primary_cat":"61","_seopress_titles_title":"","_seopress_titles_desc":"","_seopress_robots_index":""},"product_brand":[],"product_cat":[4349,3896,3780,3756],"product_tag":[4487,5410,4459],"class_list":{"0":"post-123027","1":"product","2":"type-product","3":"status-publish","4":"has-post-thumbnail","6":"product_cat-chaussures","7":"product_cat-chaussures-et-accessoires","8":"product_cat-mode-femme","9":"product_cat-vente","10":"product_tag-bagllerina-fr","11":"product_tag-chausson-de-danse","12":"product_tag-danseurs","14":"first","15":"instock","16":"sale","17":"shipping-taxable","18":"purchasable","19":"product-type-variable","20":"has-default-attributes"},"jetpack_sharing_enabled":true,"_links":{"self":[{"href":"https:\/\/lighthouselocarno.ch\/fr\/wp-json\/wp\/v2\/product\/123027","targetHints":{"allow":["GET"]}}],"collection":[{"href":"https:\/\/lighthouselocarno.ch\/fr\/wp-json\/wp\/v2\/product"}],"about":[{"href":"https:\/\/lighthouselocarno.ch\/fr\/wp-json\/wp\/v2\/types\/product"}],"wp:featuredmedia":[{"embeddable":true,"href":"https:\/\/lighthouselocarno.ch\/fr\/wp-json\/wp\/v2\/media\/103420"}],"wp:attachment":[{"href":"https:\/\/lighthouselocarno.ch\/fr\/wp-json\/wp\/v2\/media?parent=123027"}],"wp:term":[{"taxonomy":"product_brand","embeddable":true,"href":"https:\/\/lighthouselocarno.ch\/fr\/wp-json\/wp\/v2\/product_brand?post=123027"},{"taxonomy":"product_cat","embeddable":true,"href":"https:\/\/lighthouselocarno.ch\/fr\/wp-json\/wp\/v2\/product_cat?post=123027"},{"taxonomy":"product_tag","embeddable":true,"href":"https:\/\/lighthouselocarno.ch\/fr\/wp-json\/wp\/v2\/product_tag?post=123027"}],"curies":[{"name":"wp","href":"https:\/\/api.w.org\/{rel}","templated":true}]}}