{"id":123111,"date":"2022-02-26T18:18:49","date_gmt":"2022-02-26T18:18:49","guid":{"rendered":"https:\/\/lighthouselocarno.ch\/prodotti\/lanterne-en-bois\/"},"modified":"2023-08-30T15:35:29","modified_gmt":"2023-08-30T15:35:29","slug":"lanterne-en-bois","status":"publish","type":"product","link":"https:\/\/lighthouselocarno.ch\/fr\/produit\/lanterne-en-bois\/","title":{"rendered":"Lanterne en bois"},"content":{"rendered":"<p>Choisissez l&rsquo;\u00e9l\u00e9gance pour <strong>meubler votre maison avec style<\/strong> et sophistication. Les <strong>id\u00e9es de cadeaux<\/strong> et les <strong>accessoires de<\/strong> <strong>d\u00e9coration<\/strong> que Light House propose sont des <strong>cr\u00e9ations artisanales<\/strong> uniques et originales. <strong>Total white<\/strong> et <strong>shabby chic<\/strong> sont des \u00e9l\u00e9ments de <strong>design<\/strong> qui caract\u00e9risent la philosophie et les valeurs de la marque <strong>Light House Locarno<\/strong>&#8230; Home &amp; Life Philosophy.<\/p>\n","protected":false},"excerpt":{"rendered":"<p><b>Lanterne en bois fabriqu\u00e9e \u00e0 la main<\/b>, d\u00f4me en m\u00e9tal dor\u00e9 d\u00e9cor\u00e9 de c\u0153urs sculpt\u00e9s \u00e0 la main. Id\u00e9al pour <strong>d\u00e9corer l&rsquo;ext\u00e9rieur de votre maison<\/strong>, <strong>style shabby chic<\/strong>, d\u00e9tails romantiques parfaits pour cr\u00e9er des <strong>atmosph\u00e8res inoubliables<\/strong>!<\/p>\n<p>Disponible en trois tailles.<\/p>\n","protected":false},"featured_media":103567,"template":"","meta":{"_seopress_robots_primary_cat":"none","_seopress_titles_title":"","_seopress_titles_desc":"","_seopress_robots_index":""},"product_brand":[],"product_cat":[4268,3747,4625,3756],"product_tag":[4630,5437,4626,4627,5432,5439,5433,5440],"class_list":{"0":"post-123111","1":"product","2":"type-product","3":"status-publish","4":"has-post-thumbnail","6":"product_cat-bougies","7":"product_cat-decoration-interieure","8":"product_cat-lanternes","9":"product_cat-vente","10":"product_tag-coeurs-de-lanternes","11":"product_tag-gartenlaterne-fr","12":"product_tag-lanterne-fr","13":"product_tag-lanterne-fr-2","14":"product_tag-lanterne-artisanale","15":"product_tag-lanterne-shabby","16":"product_tag-lanternes","17":"product_tag-lanternes-de-jardin","19":"first","20":"instock","21":"sale","22":"shipping-taxable","23":"purchasable","24":"product-type-variable","25":"has-default-attributes"},"jetpack_sharing_enabled":true,"_links":{"self":[{"href":"https:\/\/lighthouselocarno.ch\/fr\/wp-json\/wp\/v2\/product\/123111","targetHints":{"allow":["GET"]}}],"collection":[{"href":"https:\/\/lighthouselocarno.ch\/fr\/wp-json\/wp\/v2\/product"}],"about":[{"href":"https:\/\/lighthouselocarno.ch\/fr\/wp-json\/wp\/v2\/types\/product"}],"wp:featuredmedia":[{"embeddable":true,"href":"https:\/\/lighthouselocarno.ch\/fr\/wp-json\/wp\/v2\/media\/103567"}],"wp:attachment":[{"href":"https:\/\/lighthouselocarno.ch\/fr\/wp-json\/wp\/v2\/media?parent=123111"}],"wp:term":[{"taxonomy":"product_brand","embeddable":true,"href":"https:\/\/lighthouselocarno.ch\/fr\/wp-json\/wp\/v2\/product_brand?post=123111"},{"taxonomy":"product_cat","embeddable":true,"href":"https:\/\/lighthouselocarno.ch\/fr\/wp-json\/wp\/v2\/product_cat?post=123111"},{"taxonomy":"product_tag","embeddable":true,"href":"https:\/\/lighthouselocarno.ch\/fr\/wp-json\/wp\/v2\/product_tag?post=123111"}],"curies":[{"name":"wp","href":"https:\/\/api.w.org\/{rel}","templated":true}]}}