{"id":123132,"date":"2022-02-26T18:18:37","date_gmt":"2022-02-26T18:18:37","guid":{"rendered":"https:\/\/lighthouselocarno.ch\/prodotti\/lanterne-marinara\/"},"modified":"2026-01-09T07:23:46","modified_gmt":"2026-01-09T07:23:46","slug":"lanterne-marinara","status":"publish","type":"product","link":"https:\/\/lighthouselocarno.ch\/fr\/produit\/lanterne-marinara\/","title":{"rendered":"Lanterne Marinara"},"content":{"rendered":"","protected":false},"excerpt":{"rendered":"<p>Magnifique <b>lanterne maritime en acier chrom\u00e9, <\/b>entour\u00e9e d&rsquo;une cage de Faraday en acier classique. Double poign\u00e9e sup\u00e9rieure D4 reli\u00e9e par un manchon en cuir. Les poign\u00e9es sont fix\u00e9es \u00e0 deux \u00e9l\u00e9gantes ancres en laiton. Convient \u00e0 tous les environnements, mais surtout aux maisons des amoureux de la mer et de la voile.<\/p>\n","protected":false},"featured_media":103552,"template":"","meta":{"_seopress_robots_primary_cat":"79","_seopress_titles_title":"","_seopress_titles_desc":"","_seopress_robots_index":""},"product_brand":[],"product_cat":[4268,3747,4625],"product_tag":[],"class_list":{"0":"post-123132","1":"product","2":"type-product","3":"status-publish","4":"has-post-thumbnail","6":"product_cat-bougies","7":"product_cat-decoration-interieure","8":"product_cat-lanternes","10":"first","11":"instock","12":"shipping-taxable","13":"purchasable","14":"product-type-variable"},"jetpack_sharing_enabled":true,"_links":{"self":[{"href":"https:\/\/lighthouselocarno.ch\/fr\/wp-json\/wp\/v2\/product\/123132","targetHints":{"allow":["GET"]}}],"collection":[{"href":"https:\/\/lighthouselocarno.ch\/fr\/wp-json\/wp\/v2\/product"}],"about":[{"href":"https:\/\/lighthouselocarno.ch\/fr\/wp-json\/wp\/v2\/types\/product"}],"wp:featuredmedia":[{"embeddable":true,"href":"https:\/\/lighthouselocarno.ch\/fr\/wp-json\/wp\/v2\/media\/103552"}],"wp:attachment":[{"href":"https:\/\/lighthouselocarno.ch\/fr\/wp-json\/wp\/v2\/media?parent=123132"}],"wp:term":[{"taxonomy":"product_brand","embeddable":true,"href":"https:\/\/lighthouselocarno.ch\/fr\/wp-json\/wp\/v2\/product_brand?post=123132"},{"taxonomy":"product_cat","embeddable":true,"href":"https:\/\/lighthouselocarno.ch\/fr\/wp-json\/wp\/v2\/product_cat?post=123132"},{"taxonomy":"product_tag","embeddable":true,"href":"https:\/\/lighthouselocarno.ch\/fr\/wp-json\/wp\/v2\/product_tag?post=123132"}],"curies":[{"name":"wp","href":"https:\/\/api.w.org\/{rel}","templated":true}]}}