{"id":123167,"date":"2022-02-22T19:27:21","date_gmt":"2022-02-22T19:27:21","guid":{"rendered":"https:\/\/lighthouselocarno.ch\/prodotti\/peignoir-en-tissu-eponge-satine\/"},"modified":"2023-08-30T15:45:55","modified_gmt":"2023-08-30T15:45:55","slug":"peignoir-eponge-satin","status":"publish","type":"product","link":"https:\/\/lighthouselocarno.ch\/fr\/produit\/peignoir-eponge-satin\/","title":{"rendered":"Peignoir en tissu \u00e9ponge satin\u00e9"},"content":{"rendered":"<p>          <!--more--><\/p>\n","protected":false},"excerpt":{"rendered":"<p><strong>Peignoir<\/strong> tr\u00e8s doux, enveloppant et \u00e9l\u00e9gant <strong>en \u00e9ponge<\/strong> satin\u00e9e <strong>blanche<\/strong>.<\/p>\n<p>Ceinture \u00e0 passants \u00e0 la taille, deux grandes poches, \u00e9l\u00e9gante <strong>d\u00e9coration en dentelle Farnese<\/strong> sur les manches.<\/p>\n","protected":false},"featured_media":103504,"template":"","meta":{"_seopress_robots_primary_cat":"none","_seopress_titles_title":"","_seopress_titles_desc":"","_seopress_robots_index":""},"product_brand":[],"product_cat":[3747,5933,3883],"product_tag":[5460,5461,5459,5463,5462],"class_list":{"0":"post-123167","1":"product","2":"type-product","3":"status-publish","4":"has-post-thumbnail","6":"product_cat-decoration-interieure","7":"product_cat-peignoirs-fr","8":"product_cat-salle-de-bains","9":"product_tag-bademantel-fr","10":"product_tag-frottee-bademantel-fur-damen-fr","11":"product_tag-peignoir","12":"product_tag-peignoir-en-tissu-eponge-pour-femmes","13":"product_tag-peignoir-en-eponge-pour-femme-fr","14":"pa_colore-blanc-019","16":"first","17":"instock","18":"shipping-taxable","19":"purchasable","20":"product-type-variable"},"jetpack_sharing_enabled":true,"_links":{"self":[{"href":"https:\/\/lighthouselocarno.ch\/fr\/wp-json\/wp\/v2\/product\/123167","targetHints":{"allow":["GET"]}}],"collection":[{"href":"https:\/\/lighthouselocarno.ch\/fr\/wp-json\/wp\/v2\/product"}],"about":[{"href":"https:\/\/lighthouselocarno.ch\/fr\/wp-json\/wp\/v2\/types\/product"}],"wp:featuredmedia":[{"embeddable":true,"href":"https:\/\/lighthouselocarno.ch\/fr\/wp-json\/wp\/v2\/media\/103504"}],"wp:attachment":[{"href":"https:\/\/lighthouselocarno.ch\/fr\/wp-json\/wp\/v2\/media?parent=123167"}],"wp:term":[{"taxonomy":"product_brand","embeddable":true,"href":"https:\/\/lighthouselocarno.ch\/fr\/wp-json\/wp\/v2\/product_brand?post=123167"},{"taxonomy":"product_cat","embeddable":true,"href":"https:\/\/lighthouselocarno.ch\/fr\/wp-json\/wp\/v2\/product_cat?post=123167"},{"taxonomy":"product_tag","embeddable":true,"href":"https:\/\/lighthouselocarno.ch\/fr\/wp-json\/wp\/v2\/product_tag?post=123167"}],"curies":[{"name":"wp","href":"https:\/\/api.w.org\/{rel}","templated":true}]}}