{"id":123178,"date":"2022-03-14T10:31:13","date_gmt":"2022-03-14T10:31:13","guid":{"rendered":"https:\/\/lighthouselocarno.ch\/prodotti\/robe-en-jersey-avec-tailleur\/"},"modified":"2023-05-18T20:14:12","modified_gmt":"2023-05-18T20:14:12","slug":"habiller-en-maglina-avec-un-travail-sartorial","status":"publish","type":"product","link":"https:\/\/lighthouselocarno.ch\/fr\/produit\/habiller-en-maglina-avec-un-travail-sartorial\/","title":{"rendered":"Robe en jersey avec tailleur"},"content":{"rendered":"","protected":false},"excerpt":{"rendered":"<p><strong>Robe romantique en jersey<\/strong>, longueur au-dessus du genou, <strong>coupe fourreau<\/strong>. Tailleurs sophistiqu\u00e9s avec garnitures argent\u00e9es. De la collection printemps-\u00e9t\u00e9 cr\u00e9\u00e9e par la styliste <strong>Daniela Dallavalle<\/strong>, marque de mode <strong>Elisa Cavaletti<\/strong>. <strong>Fabriqu\u00e9 en Italie.<\/strong><\/p>\n<p>Composition : 70% viscose 30% polyester<\/p>\n","protected":false},"featured_media":103570,"template":"","meta":{"_seopress_robots_primary_cat":"","_seopress_titles_title":"","_seopress_titles_desc":"","_seopress_robots_index":""},"product_brand":[],"product_cat":[3773,5104,3766],"product_tag":[4046,4484,5464,5466],"class_list":{"0":"post-123178","1":"product","2":"type-product","3":"status-publish","4":"has-post-thumbnail","6":"product_cat-robes","7":"product_cat-tricots","8":"product_cat-vetements","9":"product_tag-robe-fr","10":"product_tag-robe-fr-2","11":"product_tag-robe-en-tricot-pour-femme-fr","12":"product_tag-strickkleid-fur-damen-fr","14":"first","15":"outofstock","16":"shipping-taxable","17":"purchasable","18":"product-type-variable"},"jetpack_sharing_enabled":true,"_links":{"self":[{"href":"https:\/\/lighthouselocarno.ch\/fr\/wp-json\/wp\/v2\/product\/123178","targetHints":{"allow":["GET"]}}],"collection":[{"href":"https:\/\/lighthouselocarno.ch\/fr\/wp-json\/wp\/v2\/product"}],"about":[{"href":"https:\/\/lighthouselocarno.ch\/fr\/wp-json\/wp\/v2\/types\/product"}],"wp:featuredmedia":[{"embeddable":true,"href":"https:\/\/lighthouselocarno.ch\/fr\/wp-json\/wp\/v2\/media\/103570"}],"wp:attachment":[{"href":"https:\/\/lighthouselocarno.ch\/fr\/wp-json\/wp\/v2\/media?parent=123178"}],"wp:term":[{"taxonomy":"product_brand","embeddable":true,"href":"https:\/\/lighthouselocarno.ch\/fr\/wp-json\/wp\/v2\/product_brand?post=123178"},{"taxonomy":"product_cat","embeddable":true,"href":"https:\/\/lighthouselocarno.ch\/fr\/wp-json\/wp\/v2\/product_cat?post=123178"},{"taxonomy":"product_tag","embeddable":true,"href":"https:\/\/lighthouselocarno.ch\/fr\/wp-json\/wp\/v2\/product_tag?post=123178"}],"curies":[{"name":"wp","href":"https:\/\/api.w.org\/{rel}","templated":true}]}}