{"id":123317,"date":"2022-02-22T19:20:59","date_gmt":"2022-02-22T19:20:59","guid":{"rendered":"https:\/\/lighthouselocarno.ch\/prodotti\/robe-en-lin-turkish-air\/"},"modified":"2023-09-08T09:26:31","modified_gmt":"2023-09-08T09:26:31","slug":"robe-a-manches-longues-lin-2","status":"publish","type":"product","link":"https:\/\/lighthouselocarno.ch\/fr\/produit\/robe-a-manches-longues-lin-2\/","title":{"rendered":"Robe longue \u00e0 chasuble en lin"},"content":{"rendered":"","protected":false},"excerpt":{"rendered":"<p>Robe chemise en lin, Turkish Air Dress, fabriqu\u00e9e en Lituanie.<\/p>\n<p>Cette<strong> robe en lin avec ceinture et manches longues <\/strong>poss\u00e8de deux poches lat\u00e9rales confortables et des boutons assortis. Mod\u00e8le issu de la<strong> collection printemps-\u00e9t\u00e9 <\/strong>de la<strong> cr\u00e9atrice de mode Nataljia JANSONE <\/strong>. \u00c9l\u00e9gante et raffin\u00e9e, cette<strong> robe en lin <\/strong>est <strong>fabriqu\u00e9e \u00e0 la main <\/strong>\u00e0 partir de <strong>mat\u00e9riaux naturels<\/strong>. Le <strong>lin <\/strong>est un<strong> tissu naturel et respirant, parfait pour l&rsquo;\u00e9t\u00e9, <\/strong>en particulier pendant les journ\u00e9es chaudes.<\/p>\n<p>&nbsp;<\/p>\n","protected":false},"featured_media":106010,"template":"","meta":{"_seopress_robots_primary_cat":"292","_seopress_titles_title":"","_seopress_titles_desc":"","_seopress_robots_index":""},"product_brand":[],"product_cat":[3780,3773,3756,3766],"product_tag":[5491,4046,4484,4482,5490,3809,5492,5493,5494],"class_list":{"0":"post-123317","1":"product","2":"type-product","3":"status-publish","4":"has-post-thumbnail","6":"product_cat-mode-femme","7":"product_cat-robes","8":"product_cat-vente","9":"product_cat-vetements","10":"product_tag-leinenkleid-fr","11":"product_tag-robe-fr","12":"product_tag-robe-fr-2","13":"product_tag-robe-a-pinces","14":"product_tag-robe-en-lin-fr-2","15":"product_tag-robe-en-lin-fr","16":"product_tag-robe-longue-fr","17":"product_tag-robe-en-lin-fr-3","18":"product_tag-robe-linge","19":"pa_colori-bleu-clair-blanc","20":"pa_colori-bleu-blanc","22":"first","23":"instock","24":"shipping-taxable","25":"purchasable","26":"product-type-variable"},"jetpack_sharing_enabled":true,"_links":{"self":[{"href":"https:\/\/lighthouselocarno.ch\/fr\/wp-json\/wp\/v2\/product\/123317","targetHints":{"allow":["GET"]}}],"collection":[{"href":"https:\/\/lighthouselocarno.ch\/fr\/wp-json\/wp\/v2\/product"}],"about":[{"href":"https:\/\/lighthouselocarno.ch\/fr\/wp-json\/wp\/v2\/types\/product"}],"wp:featuredmedia":[{"embeddable":true,"href":"https:\/\/lighthouselocarno.ch\/fr\/wp-json\/wp\/v2\/media\/106010"}],"wp:attachment":[{"href":"https:\/\/lighthouselocarno.ch\/fr\/wp-json\/wp\/v2\/media?parent=123317"}],"wp:term":[{"taxonomy":"product_brand","embeddable":true,"href":"https:\/\/lighthouselocarno.ch\/fr\/wp-json\/wp\/v2\/product_brand?post=123317"},{"taxonomy":"product_cat","embeddable":true,"href":"https:\/\/lighthouselocarno.ch\/fr\/wp-json\/wp\/v2\/product_cat?post=123317"},{"taxonomy":"product_tag","embeddable":true,"href":"https:\/\/lighthouselocarno.ch\/fr\/wp-json\/wp\/v2\/product_tag?post=123317"}],"curies":[{"name":"wp","href":"https:\/\/api.w.org\/{rel}","templated":true}]}}