{"id":123352,"date":"2022-03-16T09:55:05","date_gmt":"2022-03-16T09:55:05","guid":{"rendered":"https:\/\/lighthouselocarno.ch\/prodotti\/casquette-basque\/"},"modified":"2023-08-30T15:59:37","modified_gmt":"2023-08-30T15:59:37","slug":"cap-helmet","status":"publish","type":"product","link":"https:\/\/lighthouselocarno.ch\/fr\/produit\/cap-helmet\/","title":{"rendered":"Casquette basque"},"content":{"rendered":"<p>Tenue recommand\u00e9e<\/p>\n<p>Cette <strong>coiffe, <\/strong>la plus <strong>gracieuse <\/strong>et la <strong>plus chic, <\/strong>convient particuli\u00e8rement \u00e0 celles qui ont un visage en forme de diamant, allong\u00e9 ou en c\u0153ur. Le <strong>b\u00e9ret fran\u00e7ais<\/strong> peut \u00eatre port\u00e9 de plusieurs fa\u00e7ons : \u00e0 la fran\u00e7aise, inclin\u00e9 sur le c\u00f4t\u00e9, est la fa\u00e7on la plus classique de le porter, sinon il peut \u00eatre port\u00e9 droit, \u00e0 plat sur la t\u00eate ou l\u00e9g\u00e8rement arrondi.<\/p>\n","protected":false},"excerpt":{"rendered":"<p><strong>Chapeau basque<\/strong> Elisa Cavaletti, couleur ivoire, taille unique. Le <strong>bonnet rond<\/strong> et d\u00e9licatement tiss\u00e9 est un <strong>accessoire de<\/strong> mode tr\u00e8s pris\u00e9 des <strong>femmes <\/strong>.  <\/p>\n","protected":false},"featured_media":103753,"template":"","meta":{"_seopress_robots_primary_cat":"","_seopress_titles_title":"","_seopress_titles_desc":"","_seopress_robots_index":""},"product_brand":[],"product_cat":[5505,3896,3780],"product_tag":[5521,5530,5507,5535,5538,5547,5540,5543],"class_list":{"0":"post-123352","1":"product","2":"type-product","3":"status-publish","4":"has-post-thumbnail","6":"product_cat-chapeaux","7":"product_cat-chaussures-et-accessoires","8":"product_cat-mode-femme","9":"product_tag-baskenmutze-fr","10":"product_tag-basque-fr","11":"product_tag-beret","12":"product_tag-beret-chapeau","13":"product_tag-cap-helmet","14":"product_tag-chapeau-fr","15":"product_tag-chapeau","16":"product_tag-chapeau-de-beret-fr","18":"first","19":"instock","20":"shipping-taxable","21":"purchasable","22":"product-type-simple"},"jetpack_sharing_enabled":true,"_links":{"self":[{"href":"https:\/\/lighthouselocarno.ch\/fr\/wp-json\/wp\/v2\/product\/123352","targetHints":{"allow":["GET"]}}],"collection":[{"href":"https:\/\/lighthouselocarno.ch\/fr\/wp-json\/wp\/v2\/product"}],"about":[{"href":"https:\/\/lighthouselocarno.ch\/fr\/wp-json\/wp\/v2\/types\/product"}],"wp:featuredmedia":[{"embeddable":true,"href":"https:\/\/lighthouselocarno.ch\/fr\/wp-json\/wp\/v2\/media\/103753"}],"wp:attachment":[{"href":"https:\/\/lighthouselocarno.ch\/fr\/wp-json\/wp\/v2\/media?parent=123352"}],"wp:term":[{"taxonomy":"product_brand","embeddable":true,"href":"https:\/\/lighthouselocarno.ch\/fr\/wp-json\/wp\/v2\/product_brand?post=123352"},{"taxonomy":"product_cat","embeddable":true,"href":"https:\/\/lighthouselocarno.ch\/fr\/wp-json\/wp\/v2\/product_cat?post=123352"},{"taxonomy":"product_tag","embeddable":true,"href":"https:\/\/lighthouselocarno.ch\/fr\/wp-json\/wp\/v2\/product_tag?post=123352"}],"curies":[{"name":"wp","href":"https:\/\/api.w.org\/{rel}","templated":true}]}}