{"id":123363,"date":"2022-03-11T21:00:59","date_gmt":"2022-03-11T21:00:59","guid":{"rendered":"https:\/\/lighthouselocarno.ch\/prodotti\/boucles-doreilles-coeur-blanc-avec-couronne\/"},"modified":"2026-01-09T16:59:19","modified_gmt":"2026-01-09T16:59:19","slug":"boucles-doreilles-coeur-avec-couronnes-cotes","status":"publish","type":"product","link":"https:\/\/lighthouselocarno.ch\/fr\/produit\/boucles-doreilles-coeur-avec-couronnes-cotes\/","title":{"rendered":"Boucles d&rsquo;oreilles c\u0153ur blanc avec couronne"},"content":{"rendered":"","protected":false},"excerpt":{"rendered":"<p><strong>Boucles d&rsquo;oreilles<\/strong> <strong>en forme de c\u0153ur<\/strong> avec pendentif en forme de couronne. <strong>Fabriqu\u00e9es \u00e0 la main<\/strong>.<\/p>\n<p>Cr\u00e9ateur de mode <strong>Daniela Dallavalle<\/strong>, marque de mode <strong>Elisa Cavaletti<\/strong>. <strong>Fabriqu\u00e9 en Italie.<\/strong><\/p>\n<p>Mati\u00e8re hypoallerg\u00e9nique : 70% zamak, 10% r\u00e9sine 10% laiton 10% cristaux. Dimensions 8 x 5 cm<\/p>\n","protected":false},"featured_media":103771,"template":"","meta":{"_seopress_robots_primary_cat":"","_seopress_titles_title":"","_seopress_titles_desc":"","_seopress_robots_index":""},"product_brand":[9674],"product_cat":[4113,4144,3780],"product_tag":[4145,5542,5546,5549],"class_list":{"0":"post-123363","1":"product","2":"type-product","3":"status-publish","4":"has-post-thumbnail","6":"product_brand-qudo","7":"product_cat-bijoux-fr","8":"product_cat-boucles-doreilles","9":"product_cat-mode-femme","10":"product_tag-boucles-doreilles","11":"product_tag-boucles-doreilles-fr","12":"product_tag-des-boucles-doreilles-fr","13":"product_tag-ohrringe-fr","15":"first","16":"instock","17":"shipping-taxable","18":"purchasable","19":"product-type-simple"},"jetpack_sharing_enabled":true,"_links":{"self":[{"href":"https:\/\/lighthouselocarno.ch\/fr\/wp-json\/wp\/v2\/product\/123363","targetHints":{"allow":["GET"]}}],"collection":[{"href":"https:\/\/lighthouselocarno.ch\/fr\/wp-json\/wp\/v2\/product"}],"about":[{"href":"https:\/\/lighthouselocarno.ch\/fr\/wp-json\/wp\/v2\/types\/product"}],"wp:featuredmedia":[{"embeddable":true,"href":"https:\/\/lighthouselocarno.ch\/fr\/wp-json\/wp\/v2\/media\/103771"}],"wp:attachment":[{"href":"https:\/\/lighthouselocarno.ch\/fr\/wp-json\/wp\/v2\/media?parent=123363"}],"wp:term":[{"taxonomy":"product_brand","embeddable":true,"href":"https:\/\/lighthouselocarno.ch\/fr\/wp-json\/wp\/v2\/product_brand?post=123363"},{"taxonomy":"product_cat","embeddable":true,"href":"https:\/\/lighthouselocarno.ch\/fr\/wp-json\/wp\/v2\/product_cat?post=123363"},{"taxonomy":"product_tag","embeddable":true,"href":"https:\/\/lighthouselocarno.ch\/fr\/wp-json\/wp\/v2\/product_tag?post=123363"}],"curies":[{"name":"wp","href":"https:\/\/api.w.org\/{rel}","templated":true}]}}