{"id":123372,"date":"2022-03-04T18:50:40","date_gmt":"2022-03-04T18:50:40","guid":{"rendered":"https:\/\/lighthouselocarno.ch\/prodotti\/sac-a-main-en-cuir-rose\/"},"modified":"2023-08-24T12:29:06","modified_gmt":"2023-08-24T12:29:06","slug":"sac-a-bandouliere-en-cuir-argent","status":"publish","type":"product","link":"https:\/\/lighthouselocarno.ch\/fr\/produit\/sac-a-bandouliere-en-cuir-argent\/","title":{"rendered":"Sac \u00e0 bandouli\u00e8re en cuir Argent"},"content":{"rendered":"","protected":false},"excerpt":{"rendered":"<p><strong>Sac en cuir fait \u00e0 la main avec bandouli\u00e8re<\/strong> et <strong>poign\u00e9es courtes de<\/strong> la collection pr\u00e9-estivale.  <strong>Elisa Cavaletti. Fabriqu\u00e9 en Italie<\/strong>. La sangle en cha\u00eene m\u00e9tallique et les poign\u00e9es courtes font de ce sac un <strong>sac de shopping<\/strong> polyvalent. Des poches et des compartiments internes permettent de mieux organiser l&rsquo;espace.<\/p>\n<p>Dimensions : 25 x 25 x 12 cm<\/p>\n","protected":false},"featured_media":103849,"template":"","meta":{"_seopress_robots_primary_cat":"none","_seopress_titles_title":"","_seopress_titles_desc":"","_seopress_robots_index":""},"product_brand":[],"product_cat":[3896,3780,5510,3756],"product_tag":[5533,5539,5003,5007,5537,5522],"class_list":{"0":"post-123372","1":"product","2":"type-product","3":"status-publish","4":"has-post-thumbnail","6":"product_cat-chaussures-et-accessoires","7":"product_cat-mode-femme","8":"product_cat-sacs","9":"product_cat-vente","10":"product_tag-ledertasche-fr","11":"product_tag-sac-a-provisions","12":"product_tag-sac-elisa-cavaletti","13":"product_tag-sac-en-cuir-fr","14":"product_tag-sac-en-cuir-fr-3","15":"product_tag-signature-du-sac","17":"first","18":"instock","19":"shipping-taxable","20":"purchasable","21":"product-type-simple"},"jetpack_sharing_enabled":true,"_links":{"self":[{"href":"https:\/\/lighthouselocarno.ch\/fr\/wp-json\/wp\/v2\/product\/123372","targetHints":{"allow":["GET"]}}],"collection":[{"href":"https:\/\/lighthouselocarno.ch\/fr\/wp-json\/wp\/v2\/product"}],"about":[{"href":"https:\/\/lighthouselocarno.ch\/fr\/wp-json\/wp\/v2\/types\/product"}],"wp:featuredmedia":[{"embeddable":true,"href":"https:\/\/lighthouselocarno.ch\/fr\/wp-json\/wp\/v2\/media\/103849"}],"wp:attachment":[{"href":"https:\/\/lighthouselocarno.ch\/fr\/wp-json\/wp\/v2\/media?parent=123372"}],"wp:term":[{"taxonomy":"product_brand","embeddable":true,"href":"https:\/\/lighthouselocarno.ch\/fr\/wp-json\/wp\/v2\/product_brand?post=123372"},{"taxonomy":"product_cat","embeddable":true,"href":"https:\/\/lighthouselocarno.ch\/fr\/wp-json\/wp\/v2\/product_cat?post=123372"},{"taxonomy":"product_tag","embeddable":true,"href":"https:\/\/lighthouselocarno.ch\/fr\/wp-json\/wp\/v2\/product_tag?post=123372"}],"curies":[{"name":"wp","href":"https:\/\/api.w.org\/{rel}","templated":true}]}}