{"id":123373,"date":"2022-02-20T19:22:33","date_gmt":"2022-02-20T19:22:33","guid":{"rendered":"https:\/\/lighthouselocarno.ch\/prodotti\/echarpe-en-soie-or-blanc\/"},"modified":"2023-08-25T09:08:20","modified_gmt":"2023-08-25T09:08:20","slug":"foulard-en-soie-blanc-or","status":"publish","type":"product","link":"https:\/\/lighthouselocarno.ch\/fr\/produit\/foulard-en-soie-blanc-or\/","title":{"rendered":"Echarpe en soie or-blanc"},"content":{"rendered":"","protected":false},"excerpt":{"rendered":"<p><strong>Foulard en soie<\/strong>, peint \u00e0 la main comme une v\u00e9ritable \u0153uvre d&rsquo;art, fabriqu\u00e9 artisanalement. <strong>Fabriqu\u00e9 en Italie<\/strong>. Un <strong>accessoire de mode \u00e0 la fois d\u00e9contract\u00e9<\/strong> et \u00e9l\u00e9gant. Id\u00e9al \u00e0 porter en toute occasion.<br \/>\nDimensions : 140 x 140<\/p>\n<p>Une cr\u00e9ation exclusive de la styliste <strong>Daniela Dallavalle <\/strong>. Marque de mode <strong>Elisa Cavaletti<\/strong>.<\/p>\n","protected":false},"featured_media":103894,"template":"","meta":{"_seopress_robots_primary_cat":"2542","_seopress_titles_title":"","_seopress_titles_desc":"","_seopress_robots_index":""},"product_brand":[],"product_cat":[3896,3897,3780],"product_tag":[5504],"class_list":{"0":"post-123373","1":"product","2":"type-product","3":"status-publish","4":"has-post-thumbnail","6":"product_cat-chaussures-et-accessoires","7":"product_cat-foulard-fr","8":"product_cat-mode-femme","9":"product_tag-foulard-fr","11":"first","12":"instock","13":"shipping-taxable","14":"purchasable","15":"product-type-simple"},"jetpack_sharing_enabled":true,"_links":{"self":[{"href":"https:\/\/lighthouselocarno.ch\/fr\/wp-json\/wp\/v2\/product\/123373","targetHints":{"allow":["GET"]}}],"collection":[{"href":"https:\/\/lighthouselocarno.ch\/fr\/wp-json\/wp\/v2\/product"}],"about":[{"href":"https:\/\/lighthouselocarno.ch\/fr\/wp-json\/wp\/v2\/types\/product"}],"wp:featuredmedia":[{"embeddable":true,"href":"https:\/\/lighthouselocarno.ch\/fr\/wp-json\/wp\/v2\/media\/103894"}],"wp:attachment":[{"href":"https:\/\/lighthouselocarno.ch\/fr\/wp-json\/wp\/v2\/media?parent=123373"}],"wp:term":[{"taxonomy":"product_brand","embeddable":true,"href":"https:\/\/lighthouselocarno.ch\/fr\/wp-json\/wp\/v2\/product_brand?post=123373"},{"taxonomy":"product_cat","embeddable":true,"href":"https:\/\/lighthouselocarno.ch\/fr\/wp-json\/wp\/v2\/product_cat?post=123373"},{"taxonomy":"product_tag","embeddable":true,"href":"https:\/\/lighthouselocarno.ch\/fr\/wp-json\/wp\/v2\/product_tag?post=123373"}],"curies":[{"name":"wp","href":"https:\/\/api.w.org\/{rel}","templated":true}]}}