{"id":123384,"date":"2022-03-11T21:30:16","date_gmt":"2022-03-11T21:30:16","guid":{"rendered":"https:\/\/lighthouselocarno.ch\/prodotti\/collier-a-pendentifs-en-forme-de-coeur-rose-avec-pierres\/"},"modified":"2026-01-09T16:59:26","modified_gmt":"2026-01-09T16:59:26","slug":"collier-pendentif-coeur-rose-avec-pierres-copie","status":"publish","type":"product","link":"https:\/\/lighthouselocarno.ch\/fr\/produit\/collier-pendentif-coeur-rose-avec-pierres-copie\/","title":{"rendered":"Collier \u00e0 pendentifs en forme de coeur rose avec pierres"},"content":{"rendered":"","protected":false},"excerpt":{"rendered":"<p>Romantique <strong>long collier<\/strong> en m\u00e9tal avec pendentif en forme de c\u0153ur. <strong>Fabriqu\u00e9 \u00e0 la main de mani\u00e8re artisanale<\/strong>.<\/p>\n<p>Cr\u00e9atrice de mode <strong>Daniela Dallavalle<\/strong>, marque de mode <strong>Elisa Cavaletti<\/strong>. <strong>Fabriqu\u00e9 en Italie.<\/strong><\/p>\n<p>Longueur environ 60 cm, pendentif environ 10 x 10 cm.<\/p>\n<p>Composition des mat\u00e9riaux : 70 % zamak, 10 % r\u00e9sine, 10 % laiton, 10 % cristaux.<\/p>\n","protected":false},"featured_media":103789,"template":"","meta":{"_seopress_robots_primary_cat":"","_seopress_titles_title":"","_seopress_titles_desc":"","_seopress_robots_index":""},"product_brand":[9674],"product_cat":[4113,5055,3780],"product_tag":[5556,5056,5059,5060,5061,5561],"class_list":{"0":"post-123384","1":"product","2":"type-product","3":"status-publish","4":"has-post-thumbnail","6":"product_brand-qudo","7":"product_cat-bijoux-fr","8":"product_cat-colliers","9":"product_cat-mode-femme","10":"product_tag-collier-fr-3","11":"product_tag-collier-fr","12":"product_tag-collier-fr-2","13":"product_tag-collier-de-coeurs","14":"product_tag-collier-long","15":"product_tag-halskette-fr","17":"first","18":"instock","19":"shipping-taxable","20":"purchasable","21":"product-type-simple"},"jetpack_sharing_enabled":true,"_links":{"self":[{"href":"https:\/\/lighthouselocarno.ch\/fr\/wp-json\/wp\/v2\/product\/123384","targetHints":{"allow":["GET"]}}],"collection":[{"href":"https:\/\/lighthouselocarno.ch\/fr\/wp-json\/wp\/v2\/product"}],"about":[{"href":"https:\/\/lighthouselocarno.ch\/fr\/wp-json\/wp\/v2\/types\/product"}],"wp:featuredmedia":[{"embeddable":true,"href":"https:\/\/lighthouselocarno.ch\/fr\/wp-json\/wp\/v2\/media\/103789"}],"wp:attachment":[{"href":"https:\/\/lighthouselocarno.ch\/fr\/wp-json\/wp\/v2\/media?parent=123384"}],"wp:term":[{"taxonomy":"product_brand","embeddable":true,"href":"https:\/\/lighthouselocarno.ch\/fr\/wp-json\/wp\/v2\/product_brand?post=123384"},{"taxonomy":"product_cat","embeddable":true,"href":"https:\/\/lighthouselocarno.ch\/fr\/wp-json\/wp\/v2\/product_cat?post=123384"},{"taxonomy":"product_tag","embeddable":true,"href":"https:\/\/lighthouselocarno.ch\/fr\/wp-json\/wp\/v2\/product_tag?post=123384"}],"curies":[{"name":"wp","href":"https:\/\/api.w.org\/{rel}","templated":true}]}}