{"id":123403,"date":"2022-03-04T18:50:59","date_gmt":"2022-03-04T18:50:59","guid":{"rendered":"https:\/\/lighthouselocarno.ch\/prodotti\/sac-a-bandouliere-en-cuir-fait-main-rose\/"},"modified":"2022-03-04T18:50:59","modified_gmt":"2022-03-04T18:50:59","slug":"sac-en-cuir-fait-main-rose","status":"publish","type":"product","link":"https:\/\/lighthouselocarno.ch\/fr\/produit\/sac-en-cuir-fait-main-rose\/","title":{"rendered":"Sac \u00e0 bandouli\u00e8re en cuir fait main Rose"},"content":{"rendered":"","protected":false},"excerpt":{"rendered":"<div class=\"elementor-element elementor-element-6564de9 elementor-widget elementor-widget-woocommerce-product-short-description\" data-id=\"6564de9\" data-element_type=\"widget\" data-widget_type=\"woocommerce-product-short-description.default\">\n<div class=\"elementor-widget-container\">\n<div class=\"woocommerce-product-details__short-description\">\n<p><strong>Sac en cuir fait main avec bandouli\u00e8re<\/strong> et <strong>poign\u00e9es courtes, rose <\/strong>, de la collection printemps-\u00e9t\u00e9  <strong>Elisa Cavaletti. Fabriqu\u00e9 en Italie<\/strong>. La sangle en cha\u00eene m\u00e9tallique et les poign\u00e9es courtes font de ce sac un <strong>sac de shopping<\/strong> polyvalent.<\/p>\n<p>Dimensions : 25 x 25 x 12 cm<\/p>\n<\/div>\n<\/div>\n<\/div>\n","protected":false},"featured_media":103831,"template":"","meta":{"_seopress_robots_primary_cat":"69","_seopress_titles_title":"","_seopress_titles_desc":"","_seopress_robots_index":""},"product_brand":[],"product_cat":[3896,5510],"product_tag":[5533,5001,5539,5003,5007,5537,5522],"class_list":{"0":"post-123403","1":"product","2":"type-product","3":"status-publish","4":"has-post-thumbnail","6":"product_cat-chaussures-et-accessoires","7":"product_cat-sacs","8":"product_tag-ledertasche-fr","9":"product_tag-sac","10":"product_tag-sac-a-provisions","11":"product_tag-sac-elisa-cavaletti","12":"product_tag-sac-en-cuir-fr","13":"product_tag-sac-en-cuir-fr-3","14":"product_tag-signature-du-sac","16":"first","17":"outofstock","18":"shipping-taxable","19":"purchasable","20":"product-type-simple"},"jetpack_sharing_enabled":true,"_links":{"self":[{"href":"https:\/\/lighthouselocarno.ch\/fr\/wp-json\/wp\/v2\/product\/123403","targetHints":{"allow":["GET"]}}],"collection":[{"href":"https:\/\/lighthouselocarno.ch\/fr\/wp-json\/wp\/v2\/product"}],"about":[{"href":"https:\/\/lighthouselocarno.ch\/fr\/wp-json\/wp\/v2\/types\/product"}],"wp:featuredmedia":[{"embeddable":true,"href":"https:\/\/lighthouselocarno.ch\/fr\/wp-json\/wp\/v2\/media\/103831"}],"wp:attachment":[{"href":"https:\/\/lighthouselocarno.ch\/fr\/wp-json\/wp\/v2\/media?parent=123403"}],"wp:term":[{"taxonomy":"product_brand","embeddable":true,"href":"https:\/\/lighthouselocarno.ch\/fr\/wp-json\/wp\/v2\/product_brand?post=123403"},{"taxonomy":"product_cat","embeddable":true,"href":"https:\/\/lighthouselocarno.ch\/fr\/wp-json\/wp\/v2\/product_cat?post=123403"},{"taxonomy":"product_tag","embeddable":true,"href":"https:\/\/lighthouselocarno.ch\/fr\/wp-json\/wp\/v2\/product_tag?post=123403"}],"curies":[{"name":"wp","href":"https:\/\/api.w.org\/{rel}","templated":true}]}}