{"id":123418,"date":"2022-03-02T06:56:07","date_gmt":"2022-03-02T06:56:07","guid":{"rendered":"https:\/\/lighthouselocarno.ch\/prodotti\/chale\/"},"modified":"2023-08-25T09:08:23","modified_gmt":"2023-08-25T09:08:23","slug":"chale","status":"publish","type":"product","link":"https:\/\/lighthouselocarno.ch\/fr\/produit\/chale\/","title":{"rendered":"Ch\u00e2le"},"content":{"rendered":"","protected":false},"excerpt":{"rendered":"<p>Douceur  <strong>ch\u00e2le tricot\u00e9 \u00e0 la main. Fabriqu\u00e9 en Italie.  <\/strong>Une cr\u00e9ation de la styliste <strong>Daniela Dallavalle<\/strong>, marque de mode <strong>Elisa Cavaletti<\/strong>. Ce ch\u00e2le est un <strong>accessoire de mode<\/strong> id\u00e9al pour compl\u00e9ter toute <strong>tenue<\/strong>, de la plus \u00e9l\u00e9gante \u00e0 la plus originale.<\/p>\n<p>Composition : 41% coton, 36% acrylique, 18% polyamide, 5% lurex.<\/p>\n","protected":false},"featured_media":103900,"template":"","meta":{"_seopress_robots_primary_cat":"292","_seopress_titles_title":"","_seopress_titles_desc":"","_seopress_robots_index":""},"product_brand":[],"product_cat":[5651,3780,3766],"product_tag":[5603,5606,5595,5596],"class_list":{"0":"post-123418","1":"product","2":"type-product","3":"status-publish","4":"has-post-thumbnail","6":"product_cat-cardigan-fr","7":"product_cat-mode-femme","8":"product_cat-vetements","9":"product_tag-chale-fr-2","10":"product_tag-chale-fr-3","11":"product_tag-chale-fr","12":"product_tag-schal-fr","14":"first","15":"instock","16":"shipping-taxable","17":"purchasable","18":"product-type-variable","19":"has-default-attributes"},"jetpack_sharing_enabled":true,"_links":{"self":[{"href":"https:\/\/lighthouselocarno.ch\/fr\/wp-json\/wp\/v2\/product\/123418","targetHints":{"allow":["GET"]}}],"collection":[{"href":"https:\/\/lighthouselocarno.ch\/fr\/wp-json\/wp\/v2\/product"}],"about":[{"href":"https:\/\/lighthouselocarno.ch\/fr\/wp-json\/wp\/v2\/types\/product"}],"wp:featuredmedia":[{"embeddable":true,"href":"https:\/\/lighthouselocarno.ch\/fr\/wp-json\/wp\/v2\/media\/103900"}],"wp:attachment":[{"href":"https:\/\/lighthouselocarno.ch\/fr\/wp-json\/wp\/v2\/media?parent=123418"}],"wp:term":[{"taxonomy":"product_brand","embeddable":true,"href":"https:\/\/lighthouselocarno.ch\/fr\/wp-json\/wp\/v2\/product_brand?post=123418"},{"taxonomy":"product_cat","embeddable":true,"href":"https:\/\/lighthouselocarno.ch\/fr\/wp-json\/wp\/v2\/product_cat?post=123418"},{"taxonomy":"product_tag","embeddable":true,"href":"https:\/\/lighthouselocarno.ch\/fr\/wp-json\/wp\/v2\/product_tag?post=123418"}],"curies":[{"name":"wp","href":"https:\/\/api.w.org\/{rel}","templated":true}]}}