{"id":123419,"date":"2022-03-11T22:00:43","date_gmt":"2022-03-11T22:00:43","guid":{"rendered":"https:\/\/lighthouselocarno.ch\/prodotti\/boucles-doreilles-coeur-noir\/"},"modified":"2026-01-09T17:03:02","modified_gmt":"2026-01-09T17:03:02","slug":"boucles-doreilles-coeur-noir","status":"publish","type":"product","link":"https:\/\/lighthouselocarno.ch\/fr\/produit\/boucles-doreilles-coeur-noir\/","title":{"rendered":"Boucles d&rsquo;oreilles c\u0153ur noir"},"content":{"rendered":"","protected":false},"excerpt":{"rendered":"<p><strong>Boucles d&rsquo;oreilles<\/strong> en forme de <strong>c\u0153ur<\/strong>. <strong>Fabriqu\u00e9es artisanalement \u00e0 la main<\/strong>.<\/p>\n<p>Cr\u00e9atrice de mode <strong>Daniela Dallavalle<\/strong>, marque de mode <strong>Elisa Cavaletti<\/strong>. <strong>Made in Italy.<\/strong><\/p>\n<p>Mat\u00e9riau hypoallerg\u00e9nique : 70 % zamak, 15 % r\u00e9sine, 15 % cristaux<\/p>\n","protected":false},"featured_media":103765,"template":"","meta":{"_seopress_robots_primary_cat":"","_seopress_titles_title":"","_seopress_titles_desc":"","_seopress_robots_index":""},"product_brand":[9674],"product_cat":[4113,4144,3780],"product_tag":[5062,4121,5597,5604,4145,5542,5546,5549],"class_list":{"0":"post-123419","1":"product","2":"type-product","3":"status-publish","4":"has-post-thumbnail","6":"product_brand-qudo","7":"product_cat-bijoux-fr","8":"product_cat-boucles-doreilles","9":"product_cat-mode-femme","10":"product_tag-bijoux-fr-2","11":"product_tag-bijoux-fr","12":"product_tag-bijoux-allergiques","13":"product_tag-bijoux-manufactures","14":"product_tag-boucles-doreilles","15":"product_tag-boucles-doreilles-fr","16":"product_tag-des-boucles-doreilles-fr","17":"product_tag-ohrringe-fr","19":"first","20":"instock","21":"shipping-taxable","22":"purchasable","23":"product-type-simple"},"jetpack_sharing_enabled":true,"_links":{"self":[{"href":"https:\/\/lighthouselocarno.ch\/fr\/wp-json\/wp\/v2\/product\/123419","targetHints":{"allow":["GET"]}}],"collection":[{"href":"https:\/\/lighthouselocarno.ch\/fr\/wp-json\/wp\/v2\/product"}],"about":[{"href":"https:\/\/lighthouselocarno.ch\/fr\/wp-json\/wp\/v2\/types\/product"}],"wp:featuredmedia":[{"embeddable":true,"href":"https:\/\/lighthouselocarno.ch\/fr\/wp-json\/wp\/v2\/media\/103765"}],"wp:attachment":[{"href":"https:\/\/lighthouselocarno.ch\/fr\/wp-json\/wp\/v2\/media?parent=123419"}],"wp:term":[{"taxonomy":"product_brand","embeddable":true,"href":"https:\/\/lighthouselocarno.ch\/fr\/wp-json\/wp\/v2\/product_brand?post=123419"},{"taxonomy":"product_cat","embeddable":true,"href":"https:\/\/lighthouselocarno.ch\/fr\/wp-json\/wp\/v2\/product_cat?post=123419"},{"taxonomy":"product_tag","embeddable":true,"href":"https:\/\/lighthouselocarno.ch\/fr\/wp-json\/wp\/v2\/product_tag?post=123419"}],"curies":[{"name":"wp","href":"https:\/\/api.w.org\/{rel}","templated":true}]}}