{"id":123420,"date":"2022-03-04T18:35:48","date_gmt":"2022-03-04T18:35:48","guid":{"rendered":"https:\/\/lighthouselocarno.ch\/prodotti\/jean-skinny-en-coton\/"},"modified":"2026-02-26T07:23:28","modified_gmt":"2026-02-26T07:23:28","slug":"jean-skinny-en-coton","status":"publish","type":"product","link":"https:\/\/lighthouselocarno.ch\/fr\/produit\/jean-skinny-en-coton\/","title":{"rendered":"Jean skinny en coton"},"content":{"rendered":"<p><em><b>Tenue recommand\u00e9e<\/b><\/em><\/p>\n<p>Il peut sembler difficile de cr\u00e9er une tenue en denim glamour, mais ne vous inqui\u00e9tez pas : ce n&rsquo;est pas si compliqu\u00e9 ! Il existe de nombreuses fa\u00e7ons de cr\u00e9er des tenues en jean qui ne sont pas du tout \u00e9videntes, qui conviennent \u00e0 diverses occasions et qui vous permettent de vous sentir \u00e0 l&rsquo;aise \u00e0 tout moment de la journ\u00e9e. Voici quelques combinaisons avec des jeans skinny :<\/p>\n<p>Look confortable : jeans moulants, t-shirt de cr\u00e9ateur pas trop serr\u00e9, en coton ou en lin, \u00e0 motifs ou unis, contrastant avec la couleur du jean, ballerines et sac \u00e0 provisions assorti.<\/p>\n<p>Look basique : un jean skinny et une chemise sont indispensables pour toutes les occasions, une promenade, au travail et, si vous ajoutez un joli talon, \u00e9galement pour une soir\u00e9e entre amis !<\/p>\n<p>&nbsp;<\/p>\n<p>&nbsp;<\/p>\n","protected":false},"excerpt":{"rendered":"<p><strong>Pantalon en coton extensible<\/strong>, mod\u00e8le cigarette, 5 poches. Collection <strong>printemps-\u00e9t\u00e9<\/strong> de la styliste <strong>Daniela Dallavalle<\/strong>, marque <strong>Elisa Cavaletti<\/strong>. <strong>Fabriqu\u00e9 en Italie.<\/strong><\/p>\n<p>Couleurs : blanc, gris tourterelle.<\/p>\n<p>Composition : 93% coton, 3% \u00e9lasthanne.<\/p>\n","protected":false},"featured_media":103741,"template":"","meta":{"_seopress_robots_primary_cat":"","_seopress_titles_title":"","_seopress_titles_desc":"","_seopress_robots_index":""},"product_brand":[],"product_cat":[3780,4255,3756,3766],"product_tag":[5006,5026,5605,5607,5608,5602],"class_list":{"0":"post-123420","1":"product","2":"type-product","3":"status-publish","4":"has-post-thumbnail","6":"product_cat-mode-femme","7":"product_cat-pantalon","8":"product_cat-vente","9":"product_cat-vetements","10":"product_tag-jeans-fr","11":"product_tag-jeans-elisa-cavaletti-fr","12":"product_tag-jeans-signe","13":"product_tag-jeans-skinny-fr","14":"product_tag-pantalon-fr-2","15":"product_tag-pantalon-signature","17":"first","18":"outofstock","19":"sale","20":"shipping-taxable","21":"purchasable","22":"product-type-variable"},"jetpack_sharing_enabled":true,"_links":{"self":[{"href":"https:\/\/lighthouselocarno.ch\/fr\/wp-json\/wp\/v2\/product\/123420","targetHints":{"allow":["GET"]}}],"collection":[{"href":"https:\/\/lighthouselocarno.ch\/fr\/wp-json\/wp\/v2\/product"}],"about":[{"href":"https:\/\/lighthouselocarno.ch\/fr\/wp-json\/wp\/v2\/types\/product"}],"wp:featuredmedia":[{"embeddable":true,"href":"https:\/\/lighthouselocarno.ch\/fr\/wp-json\/wp\/v2\/media\/103741"}],"wp:attachment":[{"href":"https:\/\/lighthouselocarno.ch\/fr\/wp-json\/wp\/v2\/media?parent=123420"}],"wp:term":[{"taxonomy":"product_brand","embeddable":true,"href":"https:\/\/lighthouselocarno.ch\/fr\/wp-json\/wp\/v2\/product_brand?post=123420"},{"taxonomy":"product_cat","embeddable":true,"href":"https:\/\/lighthouselocarno.ch\/fr\/wp-json\/wp\/v2\/product_cat?post=123420"},{"taxonomy":"product_tag","embeddable":true,"href":"https:\/\/lighthouselocarno.ch\/fr\/wp-json\/wp\/v2\/product_tag?post=123420"}],"curies":[{"name":"wp","href":"https:\/\/api.w.org\/{rel}","templated":true}]}}