{"id":123443,"date":"2022-03-04T18:36:31","date_gmt":"2022-03-04T18:36:31","guid":{"rendered":"https:\/\/lighthouselocarno.ch\/prodotti\/pantalon-en-pique-blanc\/"},"modified":"2025-02-21T09:34:56","modified_gmt":"2025-02-21T09:34:56","slug":"pantalon-blanc-piquet","status":"publish","type":"product","link":"https:\/\/lighthouselocarno.ch\/fr\/produit\/pantalon-blanc-piquet\/","title":{"rendered":"Pantalon en piqu\u00e9 blanc"},"content":{"rendered":"<p><em><b>Tenue recommand\u00e9e<\/b><\/em><\/p>\n<p>Il peut sembler difficile de cr\u00e9er une tenue glamour avec un pantalon en jean, mais ne vous inqui\u00e9tez pas : ce n&rsquo;est pas si compliqu\u00e9 ! Il existe de nombreuses fa\u00e7ons de cr\u00e9er des tenues en jean qui ne sont pas du tout \u00e9videntes, qui conviennent \u00e0 diverses occasions et qui vous permettent de vous sentir \u00e0 l&rsquo;aise \u00e0 tout moment de la journ\u00e9e. Voici quelques combinaisons avec des jeans skinny :<\/p>\n<p>Un look confortable : un pantalon en jean skinny, un T-shirt de cr\u00e9ateur pas trop moulant en coton ou en lin, \u00e0 motifs ou uni, contrastant avec la couleur du jean, des ballerines et un sac \u00e0 provisions assorti.<\/p>\n<p>Look basique : un pantalon en jean skinny et une chemise sont indispensables pour toutes les occasions, une promenade, au travail et, si vous ajoutez un joli talon, m\u00eame pour une soir\u00e9e entre amis !<\/p>\n","protected":false},"excerpt":{"rendered":"<p><strong>Jean<\/strong><strong>skinny<\/strong> <strong>coupe cigarette<\/strong>, 4 poches. La d\u00e9coration sp\u00e9ciale \u00e0 la cheville rend ce pantalon vraiment glamour. Collection <strong>printemps-\u00e9t\u00e9<\/strong> de la styliste <strong>Daniela Dallavalle<\/strong>, marque <strong>Elisa Cavaletti<\/strong>. <strong>Fabriqu\u00e9 en Italie.<\/strong><\/p>\n<p>Composition : 62% coton, 35% polyester, 3% \u00e9lasthanne<\/p>\n","protected":false},"featured_media":103717,"template":"","meta":{"_seopress_robots_primary_cat":"none","_seopress_titles_title":"","_seopress_titles_desc":"","_seopress_robots_index":"","_seopress_analysis_target_kw":""},"product_brand":[],"product_cat":[3780,4255,3766],"product_tag":[5618,5006,5623,5624,5602,5620],"class_list":{"0":"post-123443","1":"product","2":"type-product","3":"status-publish","4":"has-post-thumbnail","6":"product_cat-mode-femme","7":"product_cat-pantalon","8":"product_cat-vetements","9":"product_tag-des-pantalons-fr","10":"product_tag-jeans-fr","11":"product_tag-pantalon-fr-3","12":"product_tag-pantalon-keans","13":"product_tag-pantalon-signature","14":"product_tag-tuyau","16":"first","17":"instock","18":"shipping-taxable","19":"purchasable","20":"product-type-variable"},"jetpack_sharing_enabled":true,"_links":{"self":[{"href":"https:\/\/lighthouselocarno.ch\/fr\/wp-json\/wp\/v2\/product\/123443","targetHints":{"allow":["GET"]}}],"collection":[{"href":"https:\/\/lighthouselocarno.ch\/fr\/wp-json\/wp\/v2\/product"}],"about":[{"href":"https:\/\/lighthouselocarno.ch\/fr\/wp-json\/wp\/v2\/types\/product"}],"wp:featuredmedia":[{"embeddable":true,"href":"https:\/\/lighthouselocarno.ch\/fr\/wp-json\/wp\/v2\/media\/103717"}],"wp:attachment":[{"href":"https:\/\/lighthouselocarno.ch\/fr\/wp-json\/wp\/v2\/media?parent=123443"}],"wp:term":[{"taxonomy":"product_brand","embeddable":true,"href":"https:\/\/lighthouselocarno.ch\/fr\/wp-json\/wp\/v2\/product_brand?post=123443"},{"taxonomy":"product_cat","embeddable":true,"href":"https:\/\/lighthouselocarno.ch\/fr\/wp-json\/wp\/v2\/product_cat?post=123443"},{"taxonomy":"product_tag","embeddable":true,"href":"https:\/\/lighthouselocarno.ch\/fr\/wp-json\/wp\/v2\/product_tag?post=123443"}],"curies":[{"name":"wp","href":"https:\/\/api.w.org\/{rel}","templated":true}]}}