{"id":123472,"date":"2023-09-08T12:00:43","date_gmt":"2023-09-08T12:00:43","guid":{"rendered":"https:\/\/lighthouselocarno.ch\/prodotti\/gilet-court\/"},"modified":"2023-09-08T09:51:43","modified_gmt":"2023-09-08T09:51:43","slug":"cardigan-elegant","status":"publish","type":"product","link":"https:\/\/lighthouselocarno.ch\/fr\/produit\/cardigan-elegant\/","title":{"rendered":"Gilet \u00e9l\u00e9gant"},"content":{"rendered":"<p><em><b>Tenue recommand\u00e9e<\/b><\/em><\/p>\n<p>L&rsquo;<strong>\u00e9l\u00e9gant gilet court n <\/strong>&lsquo;est pas un <strong>v\u00eatement de<\/strong> l <strong>&lsquo;ancien r\u00e9gime<\/strong>. Toujours pr\u00e9sent dans notre culture stylistique, il est polyvalent et toujours \u00e0 <strong>la mode<\/strong>! Essayez de le combiner avec un top l\u00e9ger en coton ou en lin, un pantalon palazzo et des sandales, l&rsquo;effet super styl\u00e9 est garanti !<\/p>\n","protected":false},"excerpt":{"rendered":"<p>Gilet court \u00e0 la taille qui accompagne la silhouette de mani\u00e8re l\u00e9g\u00e8re et \u00e9l\u00e9gante. Fermeture sur le devant par trois petits boutons blancs, manches courtes.<\/p>\n<p><strong>Tissu l\u00e9ger et respirant<\/strong>. De la <strong>collection printemps-\u00e9t\u00e9<\/strong> de la cr\u00e9atrice de mode <strong>Elisa Cavaletti<\/strong>. <strong>Fabriqu\u00e9 en Italie.<\/strong><\/p>\n<p>Disponible en trois couleurs : taupe, or et argent.<\/p>\n<p>Composition : 71% viscose, 26% polyamide, 3% polyester.<\/p>\n","protected":false},"featured_media":104083,"template":"","meta":{"_seopress_robots_primary_cat":"none","_seopress_titles_title":"","_seopress_titles_desc":"","_seopress_robots_index":""},"product_brand":[],"product_cat":[5651,3780,3756,3766],"product_tag":[5652,5106,5109],"class_list":{"0":"post-123472","1":"product","2":"type-product","3":"status-publish","4":"has-post-thumbnail","6":"product_cat-cardigan-fr","7":"product_cat-mode-femme","8":"product_cat-vente","9":"product_cat-vetements","10":"product_tag-cardigan-court","11":"product_tag-gilet","12":"product_tag-strickjacke-fr","14":"first","15":"instock","16":"sale","17":"shipping-taxable","18":"purchasable","19":"product-type-variable"},"jetpack_sharing_enabled":true,"_links":{"self":[{"href":"https:\/\/lighthouselocarno.ch\/fr\/wp-json\/wp\/v2\/product\/123472","targetHints":{"allow":["GET"]}}],"collection":[{"href":"https:\/\/lighthouselocarno.ch\/fr\/wp-json\/wp\/v2\/product"}],"about":[{"href":"https:\/\/lighthouselocarno.ch\/fr\/wp-json\/wp\/v2\/types\/product"}],"wp:featuredmedia":[{"embeddable":true,"href":"https:\/\/lighthouselocarno.ch\/fr\/wp-json\/wp\/v2\/media\/104083"}],"wp:attachment":[{"href":"https:\/\/lighthouselocarno.ch\/fr\/wp-json\/wp\/v2\/media?parent=123472"}],"wp:term":[{"taxonomy":"product_brand","embeddable":true,"href":"https:\/\/lighthouselocarno.ch\/fr\/wp-json\/wp\/v2\/product_brand?post=123472"},{"taxonomy":"product_cat","embeddable":true,"href":"https:\/\/lighthouselocarno.ch\/fr\/wp-json\/wp\/v2\/product_cat?post=123472"},{"taxonomy":"product_tag","embeddable":true,"href":"https:\/\/lighthouselocarno.ch\/fr\/wp-json\/wp\/v2\/product_tag?post=123472"}],"curies":[{"name":"wp","href":"https:\/\/api.w.org\/{rel}","templated":true}]}}