{"id":123496,"date":"2022-02-23T10:14:48","date_gmt":"2022-02-23T10:14:48","guid":{"rendered":"https:\/\/lighthouselocarno.ch\/prodotti\/top-de-tailleur-en-lin\/"},"modified":"2022-02-23T10:14:48","modified_gmt":"2022-02-23T10:14:48","slug":"top-sartorial-en-laine","status":"publish","type":"product","link":"https:\/\/lighthouselocarno.ch\/fr\/produit\/top-sartorial-en-laine\/","title":{"rendered":"Top de tailleur en lin"},"content":{"rendered":"<p><strong><em>Tenue recommand\u00e9e<\/em><\/strong><\/p>\n<p>Cool, confortable, frais : le <strong>lin<\/strong> est le <strong>tissu incontournable<\/strong> de la <strong>mode printemps-\u00e9t\u00e9<\/strong>. Essayez la <strong>tenue de ville<\/strong> \u00e9l\u00e9gante, pratique et raffin\u00e9e \u00e0 la fois : associez ce top en lin \u00e0 un pantalon en stretch et \u00e0 des sandales \u00e0 lani\u00e8res pour un m\u00e9lange parfait qui cr\u00e9era une harmonie de tissu, de style et de confort.<\/p>\n","protected":false},"excerpt":{"rendered":"<p><strong>Top gilet<\/strong><strong>sans manches<\/strong> <strong>en pur lin<\/strong>, coloris taupe-m\u00e9tallique. Une coupe souple avec des d\u00e9tails sophistiqu\u00e9s. De la <strong>collection printemps-\u00e9t\u00e9<\/strong> de la cr\u00e9atrice de mode <strong>Elisa Cavaletti<\/strong>. <strong>Fabriqu\u00e9 en Italie.<\/strong><\/p>\n","protected":false},"featured_media":104032,"template":"","meta":{"_seopress_robots_primary_cat":"292","_seopress_titles_title":"","_seopress_titles_desc":"","_seopress_robots_index":""},"product_brand":[],"product_cat":[5666,3780,3756,3766],"product_tag":[5667,5676,5673,5670,5672,5677],"class_list":{"0":"post-123496","1":"product","2":"type-product","3":"status-publish","4":"has-post-thumbnail","6":"product_cat-hauts-et-gilets","7":"product_cat-mode-femme","8":"product_cat-vente","9":"product_cat-vetements","10":"product_tag-camisole-linen-fr","11":"product_tag-chemise-a-manches-longues","12":"product_tag-chemise-a-poils-longs","13":"product_tag-debardeur-fr","14":"product_tag-debardeur-en-lin-fr","15":"product_tag-top-linen-fr","17":"first","18":"instock","19":"shipping-taxable","20":"purchasable","21":"product-type-variable"},"jetpack_sharing_enabled":true,"_links":{"self":[{"href":"https:\/\/lighthouselocarno.ch\/fr\/wp-json\/wp\/v2\/product\/123496","targetHints":{"allow":["GET"]}}],"collection":[{"href":"https:\/\/lighthouselocarno.ch\/fr\/wp-json\/wp\/v2\/product"}],"about":[{"href":"https:\/\/lighthouselocarno.ch\/fr\/wp-json\/wp\/v2\/types\/product"}],"wp:featuredmedia":[{"embeddable":true,"href":"https:\/\/lighthouselocarno.ch\/fr\/wp-json\/wp\/v2\/media\/104032"}],"wp:attachment":[{"href":"https:\/\/lighthouselocarno.ch\/fr\/wp-json\/wp\/v2\/media?parent=123496"}],"wp:term":[{"taxonomy":"product_brand","embeddable":true,"href":"https:\/\/lighthouselocarno.ch\/fr\/wp-json\/wp\/v2\/product_brand?post=123496"},{"taxonomy":"product_cat","embeddable":true,"href":"https:\/\/lighthouselocarno.ch\/fr\/wp-json\/wp\/v2\/product_cat?post=123496"},{"taxonomy":"product_tag","embeddable":true,"href":"https:\/\/lighthouselocarno.ch\/fr\/wp-json\/wp\/v2\/product_tag?post=123496"}],"curies":[{"name":"wp","href":"https:\/\/api.w.org\/{rel}","templated":true}]}}