{"id":123527,"date":"2022-03-16T09:50:03","date_gmt":"2022-03-16T09:50:03","guid":{"rendered":"https:\/\/lighthouselocarno.ch\/prodotti\/robe-en-dentelle-ivoire\/"},"modified":"2023-09-13T09:56:39","modified_gmt":"2023-09-13T09:56:39","slug":"robe-de-laurier-ivoire","status":"publish","type":"product","link":"https:\/\/lighthouselocarno.ch\/fr\/produit\/robe-de-laurier-ivoire\/","title":{"rendered":"Robe en dentelle ivoire"},"content":{"rendered":"","protected":false},"excerpt":{"rendered":"<p><strong>Robe romantique<\/strong> enti\u00e8rement <strong>r\u00e9alis\u00e9e \u00e0 la main<\/strong> en <strong>dentelle de<\/strong> <strong>couleur ivoire<\/strong>. Id\u00e9ale comme <strong>robe de cocktail<\/strong> ou de <strong>c\u00e9r\u00e9monie<\/strong>. <strong>Fabriqu\u00e9 en Italie<\/strong>.<\/p>\n<p>Corsage sous le buste, dessous compos\u00e9 de deux volants. Fermeture \u00e9clair sur le c\u00f4t\u00e9. Enti\u00e8rement doubl\u00e9.<\/p>\n","protected":false},"featured_media":138414,"template":"","meta":{"_seopress_robots_primary_cat":"none","_seopress_titles_title":"","_seopress_titles_desc":"","_seopress_robots_index":""},"product_brand":[],"product_cat":[3780,3773,3756,3766],"product_tag":[4046,4484,5701,5695,5707,5713,5686],"class_list":{"0":"post-123527","1":"product","2":"type-product","3":"status-publish","4":"has-post-thumbnail","6":"product_cat-mode-femme","7":"product_cat-robes","8":"product_cat-vente","9":"product_cat-vetements","10":"product_tag-robe-fr","11":"product_tag-robe-fr-2","12":"product_tag-robe-en-dentelle-fr-2","13":"product_tag-robe-en-dentelle-fr","14":"product_tag-robe-en-dentelle-fr-3","15":"product_tag-spitzenkleid-fr","16":"product_tag-tenue-de-ceremonie","18":"first","19":"instock","20":"sale","21":"shipping-taxable","22":"purchasable","23":"product-type-variable"},"jetpack_sharing_enabled":true,"_links":{"self":[{"href":"https:\/\/lighthouselocarno.ch\/fr\/wp-json\/wp\/v2\/product\/123527","targetHints":{"allow":["GET"]}}],"collection":[{"href":"https:\/\/lighthouselocarno.ch\/fr\/wp-json\/wp\/v2\/product"}],"about":[{"href":"https:\/\/lighthouselocarno.ch\/fr\/wp-json\/wp\/v2\/types\/product"}],"wp:featuredmedia":[{"embeddable":true,"href":"https:\/\/lighthouselocarno.ch\/fr\/wp-json\/wp\/v2\/media\/138414"}],"wp:attachment":[{"href":"https:\/\/lighthouselocarno.ch\/fr\/wp-json\/wp\/v2\/media?parent=123527"}],"wp:term":[{"taxonomy":"product_brand","embeddable":true,"href":"https:\/\/lighthouselocarno.ch\/fr\/wp-json\/wp\/v2\/product_brand?post=123527"},{"taxonomy":"product_cat","embeddable":true,"href":"https:\/\/lighthouselocarno.ch\/fr\/wp-json\/wp\/v2\/product_cat?post=123527"},{"taxonomy":"product_tag","embeddable":true,"href":"https:\/\/lighthouselocarno.ch\/fr\/wp-json\/wp\/v2\/product_tag?post=123527"}],"curies":[{"name":"wp","href":"https:\/\/api.w.org\/{rel}","templated":true}]}}