{"id":123579,"date":"2022-03-15T11:15:30","date_gmt":"2022-03-15T11:15:30","guid":{"rendered":"https:\/\/lighthouselocarno.ch\/prodotti\/robe-portefeuille\/"},"modified":"2023-08-30T15:59:26","modified_gmt":"2023-08-30T15:59:26","slug":"modele-dhabillage-de-portefeuilles-croises","status":"publish","type":"product","link":"https:\/\/lighthouselocarno.ch\/fr\/produit\/modele-dhabillage-de-portefeuilles-croises\/","title":{"rendered":"Robe portefeuille"},"content":{"rendered":"","protected":false},"excerpt":{"rendered":"<p>Magnifique et pratique <strong>robe crois\u00e9e en coton dans un mod\u00e8le enveloppant<\/strong>. Le <strong>tissu<\/strong> est enti\u00e8rement <strong>doubl\u00e9<\/strong>. 100% coton blanc l\u00e9g\u00e8rement tachet\u00e9 de rouge. Fabriqu\u00e9 en Espagne. Ce <strong>v\u00eatement<\/strong> est produit avec des <strong>mat\u00e9riaux<\/strong> et des proc\u00e9d\u00e9s de fabrication 100 % <strong>durables<\/strong>, dans le <strong>respect de la nature<\/strong>.<\/p>\n","protected":false},"featured_media":104330,"template":"","meta":{"_seopress_robots_primary_cat":"292","_seopress_titles_title":"","_seopress_titles_desc":"","_seopress_robots_index":""},"product_brand":[],"product_cat":[3780,3773,3766],"product_tag":[5746,5755,5752,4046,4484,5759,5763,5767],"class_list":{"0":"post-123579","1":"product","2":"type-product","3":"status-publish","4":"has-post-thumbnail","6":"product_cat-mode-femme","7":"product_cat-robes","8":"product_cat-vetements","9":"product_tag-damenkleid-fr","10":"product_tag-habiller-un-portefeuille","11":"product_tag-la-robe-des-femmes-fr","12":"product_tag-robe-fr","13":"product_tag-robe-fr-2","14":"product_tag-robe-en-coton","15":"product_tag-robe-en-coton-fr","16":"product_tag-trucs","18":"first","19":"instock","20":"shipping-taxable","21":"purchasable","22":"product-type-variable"},"jetpack_sharing_enabled":true,"_links":{"self":[{"href":"https:\/\/lighthouselocarno.ch\/fr\/wp-json\/wp\/v2\/product\/123579","targetHints":{"allow":["GET"]}}],"collection":[{"href":"https:\/\/lighthouselocarno.ch\/fr\/wp-json\/wp\/v2\/product"}],"about":[{"href":"https:\/\/lighthouselocarno.ch\/fr\/wp-json\/wp\/v2\/types\/product"}],"wp:featuredmedia":[{"embeddable":true,"href":"https:\/\/lighthouselocarno.ch\/fr\/wp-json\/wp\/v2\/media\/104330"}],"wp:attachment":[{"href":"https:\/\/lighthouselocarno.ch\/fr\/wp-json\/wp\/v2\/media?parent=123579"}],"wp:term":[{"taxonomy":"product_brand","embeddable":true,"href":"https:\/\/lighthouselocarno.ch\/fr\/wp-json\/wp\/v2\/product_brand?post=123579"},{"taxonomy":"product_cat","embeddable":true,"href":"https:\/\/lighthouselocarno.ch\/fr\/wp-json\/wp\/v2\/product_cat?post=123579"},{"taxonomy":"product_tag","embeddable":true,"href":"https:\/\/lighthouselocarno.ch\/fr\/wp-json\/wp\/v2\/product_tag?post=123579"}],"curies":[{"name":"wp","href":"https:\/\/api.w.org\/{rel}","templated":true}]}}