{"id":123597,"date":"2022-03-16T10:00:37","date_gmt":"2022-03-16T10:00:37","guid":{"rendered":"https:\/\/lighthouselocarno.ch\/prodotti\/eau-de-parfum-spray-100-ml\/"},"modified":"2023-09-08T13:35:02","modified_gmt":"2023-09-08T13:35:02","slug":"eau-de-parfum-spray-100-ml","status":"publish","type":"product","link":"https:\/\/lighthouselocarno.ch\/fr\/produit\/eau-de-parfum-spray-100-ml\/","title":{"rendered":"Eau de Parfum spray 100 ml"},"content":{"rendered":"<p>Ce <strong>parfum f\u00e9minin<\/strong> est un \u00e9lixir de libert\u00e9 intemporel, un voyage sans limite o\u00f9 les sens s&rsquo;allient \u00e0 la beaut\u00e9 de la rencontre entre l&rsquo;ar\u00f4me et la mati\u00e8re.<\/p>\n<p><em><strong>Un parfum \u00e0 collectionner Flacons artisanaux et d\u00e9cor\u00e9s \u00e0 la main<\/strong><\/em><br \/>\nL&rsquo;ampoule <strong>Noi Siamo Essenza<\/strong> est habill\u00e9e de d\u00e9corations mat\u00e9rielles et de couleurs inspir\u00e9es de la collection <strong>DDoll<\/strong>, l&rsquo;accessoire embl\u00e9matique de <strong>Daniela Dallavalle<\/strong>. Les gla\u00e7ures et les d\u00e9corations sont<br \/>\nappliqu\u00e9 \u00e0 la main pour un effet sur mesure. Un Mix&amp;Match \u00e0 collectionner, \u00e0 garder pr\u00e9cieusement et \u00e0 compl\u00e9ter encore et encore.<\/p>\n","protected":false},"excerpt":{"rendered":"<p><b style=\"font-family: playfair display, georgia, times new roman, serif;\">Eau de Parfum spray 100ml.  <\/b>Notes de t\u00eate cyclamen, notes de corps magnolia, notes de queue musc blanc.<\/p>\n<p><strong><em>Inspir\u00e9 par la nature<\/em><\/strong><br \/>\n\u00c9l\u00e9ments olfactifs rappelant la min\u00e9ralit\u00e9. Une marche silencieuse pieds nus dans une nature intacte. Une rencontre d&rsquo;<strong>essences<\/strong> printani\u00e8res, dont l&rsquo;intensit\u00e9 se poursuit dans une<br \/>\nbouquet de cyclamens et de magnolias avec une touche d\u00e9licate de musc.<\/p>\n<p>Composition : 75-100% d&rsquo;alcool d\u00e9natur\u00e9, 1-5% de salicylate de benzyle, 1% de <strong>parfum<\/strong>.<\/p>\n<div><\/div>\n","protected":false},"featured_media":104387,"template":"","meta":{"_seopress_robots_primary_cat":"none","_seopress_titles_title":"","_seopress_titles_desc":"","_seopress_robots_index":""},"product_brand":[],"product_cat":[7373,3780,7316],"product_tag":[5762,5768,5771,5766,5769],"class_list":{"0":"post-123597","1":"product","2":"type-product","3":"status-publish","4":"has-post-thumbnail","6":"product_cat-eau-de-parfum-fr","7":"product_cat-mode-femme","8":"product_cat-parfums-et-savons","9":"product_tag-eau-de-parfum-fr","10":"product_tag-parfum-fr-2","11":"product_tag-parfum-fr-3","12":"product_tag-parfum-fr","13":"product_tag-parfum-femme-fr","15":"first","16":"instock","17":"shipping-taxable","18":"purchasable","19":"product-type-simple"},"jetpack_sharing_enabled":true,"_links":{"self":[{"href":"https:\/\/lighthouselocarno.ch\/fr\/wp-json\/wp\/v2\/product\/123597","targetHints":{"allow":["GET"]}}],"collection":[{"href":"https:\/\/lighthouselocarno.ch\/fr\/wp-json\/wp\/v2\/product"}],"about":[{"href":"https:\/\/lighthouselocarno.ch\/fr\/wp-json\/wp\/v2\/types\/product"}],"wp:featuredmedia":[{"embeddable":true,"href":"https:\/\/lighthouselocarno.ch\/fr\/wp-json\/wp\/v2\/media\/104387"}],"wp:attachment":[{"href":"https:\/\/lighthouselocarno.ch\/fr\/wp-json\/wp\/v2\/media?parent=123597"}],"wp:term":[{"taxonomy":"product_brand","embeddable":true,"href":"https:\/\/lighthouselocarno.ch\/fr\/wp-json\/wp\/v2\/product_brand?post=123597"},{"taxonomy":"product_cat","embeddable":true,"href":"https:\/\/lighthouselocarno.ch\/fr\/wp-json\/wp\/v2\/product_cat?post=123597"},{"taxonomy":"product_tag","embeddable":true,"href":"https:\/\/lighthouselocarno.ch\/fr\/wp-json\/wp\/v2\/product_tag?post=123597"}],"curies":[{"name":"wp","href":"https:\/\/api.w.org\/{rel}","templated":true}]}}