{"id":123653,"date":"2022-03-15T11:20:08","date_gmt":"2022-03-15T11:20:08","guid":{"rendered":"https:\/\/lighthouselocarno.ch\/prodotti\/top-en-lin-a-une-epaule\/"},"modified":"2022-03-15T11:20:08","modified_gmt":"2022-03-15T11:20:08","slug":"top-decollete-lin","status":"publish","type":"product","link":"https:\/\/lighthouselocarno.ch\/fr\/produit\/top-decollete-lin\/","title":{"rendered":"Top en lin \u00e0 une \u00e9paule"},"content":{"rendered":"","protected":false},"excerpt":{"rendered":"<p>Top cache-c\u0153ur. <strong>Top \u00e0 une \u00e9paule<\/strong> en 100% lin. Fabriqu\u00e9 en Espagne. Ce <strong>v\u00eatement<\/strong> est produit avec des <strong>mat\u00e9riaux<\/strong> et des proc\u00e9d\u00e9s de fabrication 100 % <strong>durables<\/strong>, dans le <strong>respect de la nature<\/strong>.<\/p>\n","protected":false},"featured_media":104312,"template":"","meta":{"_seopress_robots_primary_cat":"292","_seopress_titles_title":"","_seopress_titles_desc":"","_seopress_robots_index":""},"product_brand":[],"product_cat":[5666,5104,3766],"product_tag":[5809,4504,5711,5804,5801,5721],"class_list":{"0":"post-123653","1":"product","2":"type-product","3":"status-publish","4":"has-post-thumbnail","6":"product_cat-hauts-et-gilets","7":"product_cat-tricots","8":"product_cat-vetements","9":"product_tag-enveloppant","10":"product_tag-haut-de-page","11":"product_tag-okologisch-nachhaltige-kleidung-fr","12":"product_tag-top-a-une-epaule","13":"product_tag-vetements-eco-durables-fr-3","14":"product_tag-vetements-eco-durables-fr-2","16":"first","17":"instock","18":"shipping-taxable","19":"purchasable","20":"product-type-variable"},"jetpack_sharing_enabled":true,"_links":{"self":[{"href":"https:\/\/lighthouselocarno.ch\/fr\/wp-json\/wp\/v2\/product\/123653","targetHints":{"allow":["GET"]}}],"collection":[{"href":"https:\/\/lighthouselocarno.ch\/fr\/wp-json\/wp\/v2\/product"}],"about":[{"href":"https:\/\/lighthouselocarno.ch\/fr\/wp-json\/wp\/v2\/types\/product"}],"wp:featuredmedia":[{"embeddable":true,"href":"https:\/\/lighthouselocarno.ch\/fr\/wp-json\/wp\/v2\/media\/104312"}],"wp:attachment":[{"href":"https:\/\/lighthouselocarno.ch\/fr\/wp-json\/wp\/v2\/media?parent=123653"}],"wp:term":[{"taxonomy":"product_brand","embeddable":true,"href":"https:\/\/lighthouselocarno.ch\/fr\/wp-json\/wp\/v2\/product_brand?post=123653"},{"taxonomy":"product_cat","embeddable":true,"href":"https:\/\/lighthouselocarno.ch\/fr\/wp-json\/wp\/v2\/product_cat?post=123653"},{"taxonomy":"product_tag","embeddable":true,"href":"https:\/\/lighthouselocarno.ch\/fr\/wp-json\/wp\/v2\/product_tag?post=123653"}],"curies":[{"name":"wp","href":"https:\/\/api.w.org\/{rel}","templated":true}]}}