{"id":123701,"date":"2022-03-14T10:41:05","date_gmt":"2022-03-14T10:41:05","guid":{"rendered":"https:\/\/lighthouselocarno.ch\/prodotti\/haut-en-jersey\/"},"modified":"2022-03-14T10:41:05","modified_gmt":"2022-03-14T10:41:05","slug":"top-in-maglina","status":"publish","type":"product","link":"https:\/\/lighthouselocarno.ch\/fr\/produit\/top-in-maglina\/","title":{"rendered":"Haut en jersey"},"content":{"rendered":"","protected":false},"excerpt":{"rendered":"<p><strong>Top<\/strong> \u00e9l\u00e9gant en <strong>jersey<\/strong> doubl\u00e9 en 100% Modal. Fabriqu\u00e9 en Espagne. Ce <strong>v\u00eatement<\/strong> est produit avec des <strong>mat\u00e9riaux<\/strong> et des proc\u00e9d\u00e9s de fabrication 100 % <strong>durables<\/strong>, dans le <strong>respect de la nature<\/strong>.<\/p>\n<p>&nbsp;<\/p>\n","protected":false},"featured_media":104348,"template":"","meta":{"_seopress_robots_primary_cat":"292","_seopress_titles_title":"","_seopress_titles_desc":"","_seopress_robots_index":""},"product_brand":[],"product_cat":[5666,3780,3766],"product_tag":[4504,5832,5801,5828,5689,5834],"class_list":{"0":"post-123701","1":"product","2":"type-product","3":"status-publish","4":"has-post-thumbnail","6":"product_cat-hauts-et-gilets","7":"product_cat-mode-femme","8":"product_cat-vetements","9":"product_tag-haut-de-page","10":"product_tag-top-in-maglina-fr","11":"product_tag-vetements-eco-durables-fr-3","12":"product_tag-vetements-feminins-eco-durables","13":"product_tag-vetements-eco-durables-fr","14":"product_tag-vetements-pour-femmes-eco-durables-fr","16":"first","17":"instock","18":"shipping-taxable","19":"purchasable","20":"product-type-variable"},"jetpack_sharing_enabled":true,"_links":{"self":[{"href":"https:\/\/lighthouselocarno.ch\/fr\/wp-json\/wp\/v2\/product\/123701","targetHints":{"allow":["GET"]}}],"collection":[{"href":"https:\/\/lighthouselocarno.ch\/fr\/wp-json\/wp\/v2\/product"}],"about":[{"href":"https:\/\/lighthouselocarno.ch\/fr\/wp-json\/wp\/v2\/types\/product"}],"wp:featuredmedia":[{"embeddable":true,"href":"https:\/\/lighthouselocarno.ch\/fr\/wp-json\/wp\/v2\/media\/104348"}],"wp:attachment":[{"href":"https:\/\/lighthouselocarno.ch\/fr\/wp-json\/wp\/v2\/media?parent=123701"}],"wp:term":[{"taxonomy":"product_brand","embeddable":true,"href":"https:\/\/lighthouselocarno.ch\/fr\/wp-json\/wp\/v2\/product_brand?post=123701"},{"taxonomy":"product_cat","embeddable":true,"href":"https:\/\/lighthouselocarno.ch\/fr\/wp-json\/wp\/v2\/product_cat?post=123701"},{"taxonomy":"product_tag","embeddable":true,"href":"https:\/\/lighthouselocarno.ch\/fr\/wp-json\/wp\/v2\/product_tag?post=123701"}],"curies":[{"name":"wp","href":"https:\/\/api.w.org\/{rel}","templated":true}]}}