{"id":123709,"date":"2022-05-07T17:07:23","date_gmt":"2022-05-07T17:07:23","guid":{"rendered":"https:\/\/lighthouselocarno.ch\/prodotti\/lot-de-6-serviettes\/"},"modified":"2025-05-23T13:44:33","modified_gmt":"2025-05-23T13:44:33","slug":"coffret-6-serviettes","status":"publish","type":"product","link":"https:\/\/lighthouselocarno.ch\/fr\/produit\/coffret-6-serviettes\/","title":{"rendered":"Lot de 6 serviettes"},"content":{"rendered":"","protected":false},"excerpt":{"rendered":"<p>Lot de 6 serviettes en lin \u00e9pais avec logo Arte Pura brod\u00e9. Bord avec pli. Taille 40&#215;40 cm.<\/p>\n<p>Serviettes fabriqu\u00e9es en Italie \u00e0 partir de 100 % de lin de haute qualit\u00e9 et rendues douces au toucher par des traitements sp\u00e9ciaux qui renforcent l&rsquo;aspect naturel.<\/p>\n<p>Un tissu id\u00e9al pour la table car il est hypoallerg\u00e9nique et antibact\u00e9rien, en plus de l&rsquo;utilisation de colorants naturels et hypoallerg\u00e9niques qui donnent de l&rsquo;\u00e9clat et de la verve \u00e0 la fibre naturelle.<\/p>\n<p>La longue dur\u00e9e de vie et la facilit\u00e9 d&rsquo;entretien ajoutent \u00e0 votre choix.<\/p>\n<p>Id\u00e9al pour embellir votre mise en place : seul ou combin\u00e9 avec des nappes ou des sets de table, pour cr\u00e9er des combinaisons originales \u00e0 chaque fois.<\/p>\n<p>Veuillez vous r\u00e9f\u00e9rer \u00e0 la section \u00abEntretien du produit\u00bb pour toutes les instructions de lavage.<\/p>\n","protected":false},"featured_media":106207,"template":"","meta":{"_seopress_robots_primary_cat":"none","_seopress_titles_title":"","_seopress_titles_desc":"","_seopress_robots_index":""},"product_brand":[8562],"product_cat":[3747,3757,5837],"product_tag":[5848,5841,5840,5842,5843,5844,4319,3960,5845,5838,5846,5847],"class_list":{"0":"post-123709","1":"product","2":"type-product","3":"status-publish","4":"has-post-thumbnail","6":"product_brand-arte-pura","7":"product_cat-decoration-interieure","8":"product_cat-table-fr","9":"product_cat-serviette-et-rond","10":"product_tag-blanc","11":"product_tag-convivialite","12":"product_tag-essentiel","13":"product_tag-lofts-a-new-york","14":"product_tag-melanger-et-assortir","15":"product_tag-pure-fr","16":"product_tag-serviettes-de-table","17":"product_tag-set-de-table","18":"product_tag-tableau-fr","19":"product_tag-un-air-de-fete","20":"product_tag-un-choix-naturel","21":"product_tag-vagues","22":"pa_colore-ange-vieux-401","23":"pa_colore-baltique-ancien-428","24":"pa_colore-beurre-ancien-047","25":"pa_colore-blanc-019","26":"pa_colore-bonbon-vieux-429","27":"pa_colore-convivio-438-fr","28":"pa_colore-craie-ancienne-044","29":"pa_colore-douceur-de-lancienne-434","30":"pa_colore-essenza-old-409-fr","31":"pa_colore-evenement-ancien-436","32":"pa_colore-fee-vieille-405","33":"pa_colore-granit-ancien-427","34":"pa_colore-infinity-ecowash-800-fr","35":"pa_colore-ladorable-vieille-437","36":"pa_colore-lac-old-440","37":"pa_colore-lava-old-037-fr","38":"pa_colore-lune-a01","39":"pa_colore-luxe-vieux-432","40":"pa_colore-malte-ancienne-414","41":"pa_colore-memoire-ecowash-802","42":"pa_colore-mineral-old-410-fr","43":"pa_colore-noir-021","44":"pa_colore-paradiso-ecowash-801-fr","45":"pa_colore-pierre-vieille-425","46":"pa_colore-pivoine-vieille-417","47":"pa_colore-poudre-ancienne-043","48":"pa_colore-retro-900-fr","49":"pa_colore-roma-old-435-fr","50":"pa_colore-rosato-ecowash-803-fr","51":"pa_colore-souffle-vieux-415","52":"pa_colore-vieille-argile-048","53":"pa_colore-vieille-pensee-441","54":"pa_colore-vita-old-433-fr","56":"first","57":"instock","58":"shipping-taxable","59":"purchasable","60":"product-type-variable"},"jetpack_sharing_enabled":true,"_links":{"self":[{"href":"https:\/\/lighthouselocarno.ch\/fr\/wp-json\/wp\/v2\/product\/123709","targetHints":{"allow":["GET"]}}],"collection":[{"href":"https:\/\/lighthouselocarno.ch\/fr\/wp-json\/wp\/v2\/product"}],"about":[{"href":"https:\/\/lighthouselocarno.ch\/fr\/wp-json\/wp\/v2\/types\/product"}],"wp:featuredmedia":[{"embeddable":true,"href":"https:\/\/lighthouselocarno.ch\/fr\/wp-json\/wp\/v2\/media\/106207"}],"wp:attachment":[{"href":"https:\/\/lighthouselocarno.ch\/fr\/wp-json\/wp\/v2\/media?parent=123709"}],"wp:term":[{"taxonomy":"product_brand","embeddable":true,"href":"https:\/\/lighthouselocarno.ch\/fr\/wp-json\/wp\/v2\/product_brand?post=123709"},{"taxonomy":"product_cat","embeddable":true,"href":"https:\/\/lighthouselocarno.ch\/fr\/wp-json\/wp\/v2\/product_cat?post=123709"},{"taxonomy":"product_tag","embeddable":true,"href":"https:\/\/lighthouselocarno.ch\/fr\/wp-json\/wp\/v2\/product_tag?post=123709"}],"curies":[{"name":"wp","href":"https:\/\/api.w.org\/{rel}","templated":true}]}}