{"id":123808,"date":"2023-09-08T10:58:31","date_gmt":"2023-09-08T10:58:31","guid":{"rendered":"https:\/\/lighthouselocarno.ch\/prodotti\/chemise-en-dentelle-blanche\/"},"modified":"2023-09-08T14:06:22","modified_gmt":"2023-09-08T14:06:22","slug":"chemise-blanc-lace","status":"publish","type":"product","link":"https:\/\/lighthouselocarno.ch\/fr\/produit\/chemise-blanc-lace\/","title":{"rendered":"Chemise en dentelle blanche"},"content":{"rendered":"<p><em><b>Tenue recommand\u00e9e<\/b><\/em><\/p>\n<p>Pour une tenue de <strong>tous les jours<\/strong> pleine de caract\u00e8re et de personnalit\u00e9, portez une <strong>chemise de tailleur en dentelle blanche<\/strong> et un pantalon capri blanc ou beige. Des sandales plates en cuir v\u00e9ritable de couleur argent\u00e9e et un sac \u00e0 provisions sont un bon choix pour compl\u00e9ter votre <strong>look glam<\/strong>.<\/p>\n","protected":false},"excerpt":{"rendered":"<p><strong>Chemise blanche en dentelle et coton<\/strong>. Col en coton, <strong>manches longues<\/strong>. Dentelle sur le devant, le dos et les manches. <strong>Tissu l\u00e9ger et respirant<\/strong>. De la <strong>collection printemps-\u00e9t\u00e9<\/strong> de la cr\u00e9atrice de mode <strong>Elisa Cavaletti<\/strong>. <strong>Fabriqu\u00e9 en Italie.<\/strong><\/p>\n<p>Composition : 100% coton, dentelle 100% viscose.<\/p>\n","protected":false},"featured_media":103960,"template":"","meta":{"_seopress_robots_primary_cat":"none","_seopress_titles_title":"","_seopress_titles_desc":"","_seopress_robots_index":""},"product_brand":[],"product_cat":[5856,3780,3756,3766],"product_tag":[5108,5105,5857,5867,5863,5860,5870],"class_list":{"0":"post-123808","1":"product","2":"type-product","3":"status-publish","4":"has-post-thumbnail","6":"product_cat-chemises","7":"product_cat-mode-femme","8":"product_cat-vente","9":"product_cat-vetements","10":"product_tag-chemise-fr-2","11":"product_tag-chemise-fr","12":"product_tag-chemise-de-tailleur","13":"product_tag-chemise-en-dentelle-fr-2","14":"product_tag-chemise-en-dentelle-fr","15":"product_tag-chemise-lacet","16":"product_tag-spitzenhemd-fr","18":"first","19":"instock","20":"sale","21":"shipping-taxable","22":"purchasable","23":"product-type-variable"},"jetpack_sharing_enabled":true,"_links":{"self":[{"href":"https:\/\/lighthouselocarno.ch\/fr\/wp-json\/wp\/v2\/product\/123808","targetHints":{"allow":["GET"]}}],"collection":[{"href":"https:\/\/lighthouselocarno.ch\/fr\/wp-json\/wp\/v2\/product"}],"about":[{"href":"https:\/\/lighthouselocarno.ch\/fr\/wp-json\/wp\/v2\/types\/product"}],"wp:featuredmedia":[{"embeddable":true,"href":"https:\/\/lighthouselocarno.ch\/fr\/wp-json\/wp\/v2\/media\/103960"}],"wp:attachment":[{"href":"https:\/\/lighthouselocarno.ch\/fr\/wp-json\/wp\/v2\/media?parent=123808"}],"wp:term":[{"taxonomy":"product_brand","embeddable":true,"href":"https:\/\/lighthouselocarno.ch\/fr\/wp-json\/wp\/v2\/product_brand?post=123808"},{"taxonomy":"product_cat","embeddable":true,"href":"https:\/\/lighthouselocarno.ch\/fr\/wp-json\/wp\/v2\/product_cat?post=123808"},{"taxonomy":"product_tag","embeddable":true,"href":"https:\/\/lighthouselocarno.ch\/fr\/wp-json\/wp\/v2\/product_tag?post=123808"}],"curies":[{"name":"wp","href":"https:\/\/api.w.org\/{rel}","templated":true}]}}