{"id":123809,"date":"2022-04-22T09:34:01","date_gmt":"2022-04-22T09:34:01","guid":{"rendered":"https:\/\/lighthouselocarno.ch\/prodotti\/grand-chapeau-fedora-en-sisal\/"},"modified":"2022-04-22T09:34:01","modified_gmt":"2022-04-22T09:34:01","slug":"chapeau-grand-fedora-en-sisal","status":"publish","type":"product","link":"https:\/\/lighthouselocarno.ch\/fr\/produit\/chapeau-grand-fedora-en-sisal\/","title":{"rendered":"Grand chapeau Fedora en Sisal"},"content":{"rendered":"<div><strong><em>Le chapeau, cet accessoire de mode, polyvalent mais aussi si noble !<\/em><\/strong><\/div>\n<div>Son utilit\u00e9 premi\u00e8re est de nous abriter des rayons chauds du soleil en \u00e9t\u00e9 ou de nous r\u00e9chauffer en hiver.<\/div>\n<div>Outre son utilit\u00e9 pratique, le <strong>chapeau<\/strong> est certainement un <strong>accessoire de mode<\/strong> qui ne peut manquer dans la garde-robe de chaque femme pour donner une touche raffin\u00e9e et distingu\u00e9e \u00e0 nos <strong>looks<\/strong>, en donnant du<strong> glamour<\/strong> m\u00eame aux tenues les plus minimales avec des coupes nettes et lin\u00e9aires.<\/div>\n<div>La premi\u00e8re r\u00e8gle \u00e0 garder \u00e0 l&rsquo;esprit avant d&rsquo;<strong>acheter un chapeau<\/strong> est qu&rsquo;il faut l&rsquo;aimer, le porter volontiers, avec passion ! Vous et votre chapeau ne devez faire qu&rsquo;un !<\/div>\n<div>Dans ce cas, Light House souhaite vous donner quelques conseils sur les \u00e9l\u00e9ments \u00e0 prendre en compte pour faire votre choix.<\/div>\n<div>Tout d&rsquo;abord, les proportions de notre corps, l&rsquo;ovale de notre visage et la couleur de notre teint. Ensuite, la couleur et, en troisi\u00e8me lieu, la forme et la taille.<\/div>\n<div>Le plus important est de savoir \u00e0 quelle occasion nous le portons.<\/div>\n<div>Le chapeau encadre le visage, il doit le mettre en valeur !<\/div>\n<div>Le chapeau est la touche suppl\u00e9mentaire, mais il doit \u00e9quilibrer toutes les particularit\u00e9s physiques que nous avons d\u00e9crites sans cr\u00e9er de dissonance.<\/div>\n<div>Les <strong>chapeaux<\/strong> \u00e0 <strong>bord relev\u00e9<\/strong> allongent la silhouette, tandis que les chapeaux larges \u00e0 bord rabattu la raccourcissent.<\/div>\n<div>Id\u00e9alement, le bord du chapeau ne doit pas \u00eatre plus large que les \u00e9paules. Plus la construction est robuste, plus nous pouvons oser avec la forme et la taille du chapeau.<\/div>\n<p>&nbsp;<\/p>\n","protected":false},"excerpt":{"rendered":"<p>Grand <strong>chapeau <\/strong> <b>Fedora<\/b> en Sisal, <strong>fait \u00e0 la main <\/strong>, bicolore ivoire avec une \u00e9l\u00e9gante bande noire. Taille 56.  <b>Fabriqu\u00e9 en Italie.<\/b><\/p>\n","protected":false},"featured_media":104044,"template":"","meta":{"_seopress_robots_primary_cat":"2544","_seopress_titles_title":"","_seopress_titles_desc":"","_seopress_robots_index":""},"product_brand":[],"product_cat":[5505,3896,3780],"product_tag":[5540,5720],"class_list":{"0":"post-123809","1":"product","2":"type-product","3":"status-publish","4":"has-post-thumbnail","6":"product_cat-chapeaux","7":"product_cat-chaussures-et-accessoires","8":"product_cat-mode-femme","9":"product_tag-chapeau","10":"product_tag-chapeau-dete","12":"first","13":"instock","14":"shipping-taxable","15":"purchasable","16":"product-type-simple"},"jetpack_sharing_enabled":true,"_links":{"self":[{"href":"https:\/\/lighthouselocarno.ch\/fr\/wp-json\/wp\/v2\/product\/123809","targetHints":{"allow":["GET"]}}],"collection":[{"href":"https:\/\/lighthouselocarno.ch\/fr\/wp-json\/wp\/v2\/product"}],"about":[{"href":"https:\/\/lighthouselocarno.ch\/fr\/wp-json\/wp\/v2\/types\/product"}],"wp:featuredmedia":[{"embeddable":true,"href":"https:\/\/lighthouselocarno.ch\/fr\/wp-json\/wp\/v2\/media\/104044"}],"wp:attachment":[{"href":"https:\/\/lighthouselocarno.ch\/fr\/wp-json\/wp\/v2\/media?parent=123809"}],"wp:term":[{"taxonomy":"product_brand","embeddable":true,"href":"https:\/\/lighthouselocarno.ch\/fr\/wp-json\/wp\/v2\/product_brand?post=123809"},{"taxonomy":"product_cat","embeddable":true,"href":"https:\/\/lighthouselocarno.ch\/fr\/wp-json\/wp\/v2\/product_cat?post=123809"},{"taxonomy":"product_tag","embeddable":true,"href":"https:\/\/lighthouselocarno.ch\/fr\/wp-json\/wp\/v2\/product_tag?post=123809"}],"curies":[{"name":"wp","href":"https:\/\/api.w.org\/{rel}","templated":true}]}}